{"id":2548,"date":"2026-02-20T02:58:37","date_gmt":"2026-02-20T02:58:37","guid":{"rendered":"https:\/\/tesainatural.com.ar\/?post_type=product&#038;p=2548"},"modified":"2026-04-01T21:44:17","modified_gmt":"2026-04-01T21:44:17","slug":"mascara-para-pestanas","status":"publish","type":"product","link":"https:\/\/tesainatural.com.ar\/es_ar\/producto\/mascara-para-pestanas\/","title":{"rendered":"Mascara para pesta\u00f1as"},"content":{"rendered":"<p><em><strong>Ingredientes y Beneficios:<\/strong><\/em><\/p>\n<ul>\n<li><a href=\"https:\/\/www.google.com\/search?q=Aceite+de+Ricino&amp;biw=1280&amp;bih=593&amp;sca_esv=285be1eebaca6397&amp;sxsrf=ANbL-n6B7DKO2y2JumL5r_nCVjQqmC1bYg%3A1770393608605&amp;ei=CBCGaeLWJLzS1sQPkJ2toQk&amp;ved=2ahUKEwiC-NDIoMWSAxUIqJUCHRp1F8MQgK4QegQIAxAB&amp;uact=5&amp;oq=hidrolato+de+romero%2C+goma+arabica+%2C+aceite+de+ricino+vitamina+e+cera+de+abeja+pigmento+mica+beneficios+para+las+pesta%C3%B1as+&amp;gs_lp=Egxnd3Mtd2l6LXNlcnAiemhpZHJvbGF0byBkZSByb21lcm8sIGdvbWEgYXJhYmljYSAsIGFjZWl0ZSBkZSByaWNpbm8gdml0YW1pbmEgZSBjZXJhIGRlIGFiZWphIHBpZ21lbnRvIG1pY2EgYmVuZWZpY2lvcyBwYXJhIGxhcyBwZXN0YcOxYXMgSM2IFVCcBliYgRVwBHgAkAEAmAHqAaAB0UuqAQcyOC41NS4xuAEDyAEA-AEBmAJCoAKSRKgCFMICCxAAGIAEGLADGKIEwgIIEAAYsAMY7wXCAgcQIxgnGOoCwgINEC4YxwEYJxjqAhivAcICEBAAGAMYtAIY6gIYjwHYAQHCAhAQLhgDGLQCGOoCGI8B2AEBwgIKECMYgAQYJxiKBcICExAuGIAEGMcBGCcYigUYjgUYrwHCAgsQABiABBixAxiDAcICERAuGIAEGLEDGNEDGIMBGMcBwgIIEAAYgAQYsQPCAgUQLhiABMICDhAuGIAEGLEDGNEDGMcBwgIEECMYJ8ICBRAAGIAEwgIOEAAYgAQYsQMYgwEYigXCAg4QLhiABBixAxiDARiKBcICCxAuGIAEGLEDGIMBwgIQECMY8AUYgAQYJxjJAhiKBcICChAAGIAEGEMYigXCAg0QABiABBixAxhDGIoFwgIKEC4YgAQYQxiKBcICChAAGIAEGBQYhwLCAhQQLhiABBiXBRjcBBjeBBjfBNgBAcICBRAhGKABwgIEECEYFcICCBAAGIAEGKIEwgIHECEYoAEYCpgDPfEFznNH3wQJvyGIBgGQBgS6BgYIARABGAqSBwY0LjYxLjGgB-GZA7IHBjAuNjEuMbgHgkPCBwwyLTExLjM5LjE1LjHIB9oHgAgA&amp;sclient=gws-wiz-serp&amp;mstk=AUtExfDuUzXYN55uRP5cTeBNnkZlC3bQw0QLjnEG34p6wyUSnX5QrUiEY98fvaHJsJpUMW-NfZF5BZmhcii9YhPIkxGlu0w-r_rWKT-384ITAw1bTJmCL8PahrCfQ2U9E8lXy3eiPVA78OIMi2PwtjD0x9Ide7-5LpsixSJi1Ys-Z9ZmQZs&amp;csui=3\"><strong>Aceite de Ricino<\/strong><\/a><strong>\u00a0<\/strong>(Ricinus Communis Seed Oil):\u00a0Componente principal que nutre los fol\u00edculos, promoviendo el crecimiento, mayor longitud y grosor, previniendo la ca\u00edda.<\/li>\n<li><a href=\"https:\/\/www.google.com\/search?q=Hidrolato+de+Romero&amp;biw=1280&amp;bih=593&amp;sca_esv=285be1eebaca6397&amp;sxsrf=ANbL-n6B7DKO2y2JumL5r_nCVjQqmC1bYg%3A1770393608605&amp;ei=CBCGaeLWJLzS1sQPkJ2toQk&amp;ved=2ahUKEwiC-NDIoMWSAxUIqJUCHRp1F8MQgK4QegQIAxAD&amp;uact=5&amp;oq=hidrolato+de+romero%2C+goma+arabica+%2C+aceite+de+ricino+vitamina+e+cera+de+abeja+pigmento+mica+beneficios+para+las+pesta%C3%B1as+&amp;gs_lp=Egxnd3Mtd2l6LXNlcnAiemhpZHJvbGF0byBkZSByb21lcm8sIGdvbWEgYXJhYmljYSAsIGFjZWl0ZSBkZSByaWNpbm8gdml0YW1pbmEgZSBjZXJhIGRlIGFiZWphIHBpZ21lbnRvIG1pY2EgYmVuZWZpY2lvcyBwYXJhIGxhcyBwZXN0YcOxYXMgSM2IFVCcBliYgRVwBHgAkAEAmAHqAaAB0UuqAQcyOC41NS4xuAEDyAEA-AEBmAJCoAKSRKgCFMICCxAAGIAEGLADGKIEwgIIEAAYsAMY7wXCAgcQIxgnGOoCwgINEC4YxwEYJxjqAhivAcICEBAAGAMYtAIY6gIYjwHYAQHCAhAQLhgDGLQCGOoCGI8B2AEBwgIKECMYgAQYJxiKBcICExAuGIAEGMcBGCcYigUYjgUYrwHCAgsQABiABBixAxiDAcICERAuGIAEGLEDGNEDGIMBGMcBwgIIEAAYgAQYsQPCAgUQLhiABMICDhAuGIAEGLEDGNEDGMcBwgIEECMYJ8ICBRAAGIAEwgIOEAAYgAQYsQMYgwEYigXCAg4QLhiABBixAxiDARiKBcICCxAuGIAEGLEDGIMBwgIQECMY8AUYgAQYJxjJAhiKBcICChAAGIAEGEMYigXCAg0QABiABBixAxhDGIoFwgIKEC4YgAQYQxiKBcICChAAGIAEGBQYhwLCAhQQLhiABBiXBRjcBBjeBBjfBNgBAcICBRAhGKABwgIEECEYFcICCBAAGIAEGKIEwgIHECEYoAEYCpgDPfEFznNH3wQJvyGIBgGQBgS6BgYIARABGAqSBwY0LjYxLjGgB-GZA7IHBjAuNjEuMbgHgkPCBwwyLTExLjM5LjE1LjHIB9oHgAgA&amp;sclient=gws-wiz-serp&amp;mstk=AUtExfDuUzXYN55uRP5cTeBNnkZlC3bQw0QLjnEG34p6wyUSnX5QrUiEY98fvaHJsJpUMW-NfZF5BZmhcii9YhPIkxGlu0w-r_rWKT-384ITAw1bTJmCL8PahrCfQ2U9E8lXy3eiPVA78OIMi2PwtjD0x9Ide7-5LpsixSJi1Ys-Z9ZmQZs&amp;csui=3\"><strong>Hidrolato de Romero<\/strong><\/a><strong>:<\/strong><strong>\u00a0<\/strong>Estimula la circulaci\u00f3n en la ra\u00edz, lo que favorece un crecimiento m\u00e1s sano y fuerte.<\/li>\n<li><a href=\"https:\/\/www.google.com\/search?q=Cera+de+Abeja&amp;biw=1280&amp;bih=593&amp;sca_esv=285be1eebaca6397&amp;sxsrf=ANbL-n6B7DKO2y2JumL5r_nCVjQqmC1bYg%3A1770393608605&amp;ei=CBCGaeLWJLzS1sQPkJ2toQk&amp;ved=2ahUKEwiC-NDIoMWSAxUIqJUCHRp1F8MQgK4QegQIAxAF&amp;uact=5&amp;oq=hidrolato+de+romero%2C+goma+arabica+%2C+aceite+de+ricino+vitamina+e+cera+de+abeja+pigmento+mica+beneficios+para+las+pesta%C3%B1as+&amp;gs_lp=Egxnd3Mtd2l6LXNlcnAiemhpZHJvbGF0byBkZSByb21lcm8sIGdvbWEgYXJhYmljYSAsIGFjZWl0ZSBkZSByaWNpbm8gdml0YW1pbmEgZSBjZXJhIGRlIGFiZWphIHBpZ21lbnRvIG1pY2EgYmVuZWZpY2lvcyBwYXJhIGxhcyBwZXN0YcOxYXMgSM2IFVCcBliYgRVwBHgAkAEAmAHqAaAB0UuqAQcyOC41NS4xuAEDyAEA-AEBmAJCoAKSRKgCFMICCxAAGIAEGLADGKIEwgIIEAAYsAMY7wXCAgcQIxgnGOoCwgINEC4YxwEYJxjqAhivAcICEBAAGAMYtAIY6gIYjwHYAQHCAhAQLhgDGLQCGOoCGI8B2AEBwgIKECMYgAQYJxiKBcICExAuGIAEGMcBGCcYigUYjgUYrwHCAgsQABiABBixAxiDAcICERAuGIAEGLEDGNEDGIMBGMcBwgIIEAAYgAQYsQPCAgUQLhiABMICDhAuGIAEGLEDGNEDGMcBwgIEECMYJ8ICBRAAGIAEwgIOEAAYgAQYsQMYgwEYigXCAg4QLhiABBixAxiDARiKBcICCxAuGIAEGLEDGIMBwgIQECMY8AUYgAQYJxjJAhiKBcICChAAGIAEGEMYigXCAg0QABiABBixAxhDGIoFwgIKEC4YgAQYQxiKBcICChAAGIAEGBQYhwLCAhQQLhiABBiXBRjcBBjeBBjfBNgBAcICBRAhGKABwgIEECEYFcICCBAAGIAEGKIEwgIHECEYoAEYCpgDPfEFznNH3wQJvyGIBgGQBgS6BgYIARABGAqSBwY0LjYxLjGgB-GZA7IHBjAuNjEuMbgHgkPCBwwyLTExLjM5LjE1LjHIB9oHgAgA&amp;sclient=gws-wiz-serp&amp;mstk=AUtExfDuUzXYN55uRP5cTeBNnkZlC3bQw0QLjnEG34p6wyUSnX5QrUiEY98fvaHJsJpUMW-NfZF5BZmhcii9YhPIkxGlu0w-r_rWKT-384ITAw1bTJmCL8PahrCfQ2U9E8lXy3eiPVA78OIMi2PwtjD0x9Ide7-5LpsixSJi1Ys-Z9ZmQZs&amp;csui=3\"><strong>Cera de Abeja<\/strong><\/a><strong>:<\/strong><strong>\u00a0<\/strong>Aporta textura, protege la fibra capilar de agresiones externas y ayuda a mantener la hidrataci\u00f3n.<\/li>\n<li><a href=\"https:\/\/www.google.com\/search?q=Vitamina+E&amp;biw=1280&amp;bih=593&amp;sca_esv=285be1eebaca6397&amp;sxsrf=ANbL-n6B7DKO2y2JumL5r_nCVjQqmC1bYg%3A1770393608605&amp;ei=CBCGaeLWJLzS1sQPkJ2toQk&amp;ved=2ahUKEwiC-NDIoMWSAxUIqJUCHRp1F8MQgK4QegQIAxAH&amp;uact=5&amp;oq=hidrolato+de+romero%2C+goma+arabica+%2C+aceite+de+ricino+vitamina+e+cera+de+abeja+pigmento+mica+beneficios+para+las+pesta%C3%B1as+&amp;gs_lp=Egxnd3Mtd2l6LXNlcnAiemhpZHJvbGF0byBkZSByb21lcm8sIGdvbWEgYXJhYmljYSAsIGFjZWl0ZSBkZSByaWNpbm8gdml0YW1pbmEgZSBjZXJhIGRlIGFiZWphIHBpZ21lbnRvIG1pY2EgYmVuZWZpY2lvcyBwYXJhIGxhcyBwZXN0YcOxYXMgSM2IFVCcBliYgRVwBHgAkAEAmAHqAaAB0UuqAQcyOC41NS4xuAEDyAEA-AEBmAJCoAKSRKgCFMICCxAAGIAEGLADGKIEwgIIEAAYsAMY7wXCAgcQIxgnGOoCwgINEC4YxwEYJxjqAhivAcICEBAAGAMYtAIY6gIYjwHYAQHCAhAQLhgDGLQCGOoCGI8B2AEBwgIKECMYgAQYJxiKBcICExAuGIAEGMcBGCcYigUYjgUYrwHCAgsQABiABBixAxiDAcICERAuGIAEGLEDGNEDGIMBGMcBwgIIEAAYgAQYsQPCAgUQLhiABMICDhAuGIAEGLEDGNEDGMcBwgIEECMYJ8ICBRAAGIAEwgIOEAAYgAQYsQMYgwEYigXCAg4QLhiABBixAxiDARiKBcICCxAuGIAEGLEDGIMBwgIQECMY8AUYgAQYJxjJAhiKBcICChAAGIAEGEMYigXCAg0QABiABBixAxhDGIoFwgIKEC4YgAQYQxiKBcICChAAGIAEGBQYhwLCAhQQLhiABBiXBRjcBBjeBBjfBNgBAcICBRAhGKABwgIEECEYFcICCBAAGIAEGKIEwgIHECEYoAEYCpgDPfEFznNH3wQJvyGIBgGQBgS6BgYIARABGAqSBwY0LjYxLjGgB-GZA7IHBjAuNjEuMbgHgkPCBwwyLTExLjM5LjE1LjHIB9oHgAgA&amp;sclient=gws-wiz-serp&amp;mstk=AUtExfDuUzXYN55uRP5cTeBNnkZlC3bQw0QLjnEG34p6wyUSnX5QrUiEY98fvaHJsJpUMW-NfZF5BZmhcii9YhPIkxGlu0w-r_rWKT-384ITAw1bTJmCL8PahrCfQ2U9E8lXy3eiPVA78OIMi2PwtjD0x9Ide7-5LpsixSJi1Ys-Z9ZmQZs&amp;csui=3\"><strong>Vitamina E<\/strong><\/a><strong>\u00a0(Tocopherol):<\/strong><strong>\u00a0<\/strong>Antioxidante que protege, regenera y nutre el vello, evitando la rotura.<\/li>\n<li><a href=\"https:\/\/www.google.com\/search?q=Pigmento+Mica&amp;biw=1280&amp;bih=593&amp;sca_esv=285be1eebaca6397&amp;sxsrf=ANbL-n6B7DKO2y2JumL5r_nCVjQqmC1bYg%3A1770393608605&amp;ei=CBCGaeLWJLzS1sQPkJ2toQk&amp;ved=2ahUKEwiC-NDIoMWSAxUIqJUCHRp1F8MQgK4QegQIAxAL&amp;uact=5&amp;oq=hidrolato+de+romero%2C+goma+arabica+%2C+aceite+de+ricino+vitamina+e+cera+de+abeja+pigmento+mica+beneficios+para+las+pesta%C3%B1as+&amp;gs_lp=Egxnd3Mtd2l6LXNlcnAiemhpZHJvbGF0byBkZSByb21lcm8sIGdvbWEgYXJhYmljYSAsIGFjZWl0ZSBkZSByaWNpbm8gdml0YW1pbmEgZSBjZXJhIGRlIGFiZWphIHBpZ21lbnRvIG1pY2EgYmVuZWZpY2lvcyBwYXJhIGxhcyBwZXN0YcOxYXMgSM2IFVCcBliYgRVwBHgAkAEAmAHqAaAB0UuqAQcyOC41NS4xuAEDyAEA-AEBmAJCoAKSRKgCFMICCxAAGIAEGLADGKIEwgIIEAAYsAMY7wXCAgcQIxgnGOoCwgINEC4YxwEYJxjqAhivAcICEBAAGAMYtAIY6gIYjwHYAQHCAhAQLhgDGLQCGOoCGI8B2AEBwgIKECMYgAQYJxiKBcICExAuGIAEGMcBGCcYigUYjgUYrwHCAgsQABiABBixAxiDAcICERAuGIAEGLEDGNEDGIMBGMcBwgIIEAAYgAQYsQPCAgUQLhiABMICDhAuGIAEGLEDGNEDGMcBwgIEECMYJ8ICBRAAGIAEwgIOEAAYgAQYsQMYgwEYigXCAg4QLhiABBixAxiDARiKBcICCxAuGIAEGLEDGIMBwgIQECMY8AUYgAQYJxjJAhiKBcICChAAGIAEGEMYigXCAg0QABiABBixAxhDGIoFwgIKEC4YgAQYQxiKBcICChAAGIAEGBQYhwLCAhQQLhiABBiXBRjcBBjeBBjfBNgBAcICBRAhGKABwgIEECEYFcICCBAAGIAEGKIEwgIHECEYoAEYCpgDPfEFznNH3wQJvyGIBgGQBgS6BgYIARABGAqSBwY0LjYxLjGgB-GZA7IHBjAuNjEuMbgHgkPCBwwyLTExLjM5LjE1LjHIB9oHgAgA&amp;sclient=gws-wiz-serp&amp;mstk=AUtExfDuUzXYN55uRP5cTeBNnkZlC3bQw0QLjnEG34p6wyUSnX5QrUiEY98fvaHJsJpUMW-NfZF5BZmhcii9YhPIkxGlu0w-r_rWKT-384ITAw1bTJmCL8PahrCfQ2U9E8lXy3eiPVA78OIMi2PwtjD0x9Ide7-5LpsixSJi1Ys-Z9ZmQZs&amp;csui=3\"><strong>Pigmento Mica<\/strong><\/a><strong>:<\/strong><strong>\u00a0<\/strong>Proporciona color natural para definir y oscurecer las pesta\u00f1as sin productos sint\u00e9ticos.<\/li>\n<li>Sin tacc<\/li>\n<li>Contenido 8 cc<\/li>\n<\/ul>\n","protected":false},"excerpt":{"rendered":"<p>M\u00e1scara de pesta\u00f1as naturales con aceite de ricino, romero, cera abeja, vitamina E y mica. Crece, engrosa, oscurece sin TACC. 8 cc. \u00a1Mirada impactante ya! resultados visibles.<\/p>\n","protected":false},"featured_media":2492,"comment_status":"open","ping_status":"closed","template":"","meta":{"_uag_custom_page_level_css":"","site-sidebar-layout":"default","site-content-layout":"","ast-site-content-layout":"default","site-content-style":"default","site-sidebar-style":"default","ast-global-header-display":"","ast-banner-title-visibility":"","ast-main-header-display":"","ast-hfb-above-header-display":"","ast-hfb-below-header-display":"","ast-hfb-mobile-header-display":"","site-post-title":"","ast-breadcrumbs-content":"","ast-featured-img":"","footer-sml-layout":"","ast-disable-related-posts":"","theme-transparent-header-meta":"default","adv-header-id-meta":"","stick-header-meta":"","header-above-stick-meta":"","header-main-stick-meta":"","header-below-stick-meta":"","astra-migrate-meta-layouts":"set","ast-page-background-enabled":"default","ast-page-background-meta":{"desktop":{"background-color":"var(--ast-global-color-4)","background-image":"","background-repeat":"repeat","background-position":"center center","background-size":"auto","background-attachment":"scroll","background-type":"","background-media":"","overlay-type":"","overlay-color":"","overlay-opacity":"","overlay-gradient":""},"tablet":{"background-color":"","background-image":"","background-repeat":"repeat","background-position":"center center","background-size":"auto","background-attachment":"scroll","background-type":"","background-media":"","overlay-type":"","overlay-color":"","overlay-opacity":"","overlay-gradient":""},"mobile":{"background-color":"","background-image":"","background-repeat":"repeat","background-position":"center center","background-size":"auto","background-attachment":"scroll","background-type":"","background-media":"","overlay-type":"","overlay-color":"","overlay-opacity":"","overlay-gradient":""}},"ast-content-background-meta":{"desktop":{"background-color":"var(--ast-global-color-5)","background-image":"","background-repeat":"repeat","background-position":"center center","background-size":"auto","background-attachment":"scroll","background-type":"","background-media":"","overlay-type":"","overlay-color":"","overlay-opacity":"","overlay-gradient":""},"tablet":{"background-color":"var(--ast-global-color-5)","background-image":"","background-repeat":"repeat","background-position":"center center","background-size":"auto","background-attachment":"scroll","background-type":"","background-media":"","overlay-type":"","overlay-color":"","overlay-opacity":"","overlay-gradient":""},"mobile":{"background-color":"var(--ast-global-color-5)","background-image":"","background-repeat":"repeat","background-position":"center center","background-size":"auto","background-attachment":"scroll","background-type":"","background-media":"","overlay-type":"","overlay-color":"","overlay-opacity":"","overlay-gradient":""}}},"product_brand":[],"product_cat":[76],"product_tag":[86,84,85,87],"class_list":{"0":"post-2548","1":"product","2":"type-product","3":"status-publish","4":"has-post-thumbnail","6":"product_cat-maquillaje-multiproposito","7":"product_tag-fortalecedor","8":"product_tag-mascara","9":"product_tag-pestanas","10":"product_tag-rimel","11":"desktop-align-left","12":"tablet-align-left","13":"mobile-align-left","15":"first","16":"instock","17":"taxable","18":"shipping-taxable","19":"purchasable","20":"product-type-simple"},"uagb_featured_image_src":{"full":["https:\/\/tesainatural.com.ar\/wp-content\/uploads\/2026\/02\/WhatsApp-Image-2026-02-19-at-9.56.48-PM.jpeg",1280,853,false],"thumbnail":["https:\/\/tesainatural.com.ar\/wp-content\/uploads\/2026\/02\/WhatsApp-Image-2026-02-19-at-9.56.48-PM-150x150.jpeg",150,150,true],"medium":["https:\/\/tesainatural.com.ar\/wp-content\/uploads\/2026\/02\/WhatsApp-Image-2026-02-19-at-9.56.48-PM-300x200.jpeg",300,200,true],"medium_large":["https:\/\/tesainatural.com.ar\/wp-content\/uploads\/2026\/02\/WhatsApp-Image-2026-02-19-at-9.56.48-PM-768x512.jpeg",768,512,true],"large":["https:\/\/tesainatural.com.ar\/wp-content\/uploads\/2026\/02\/WhatsApp-Image-2026-02-19-at-9.56.48-PM-1024x682.jpeg",1024,682,true],"1536x1536":["https:\/\/tesainatural.com.ar\/wp-content\/uploads\/2026\/02\/WhatsApp-Image-2026-02-19-at-9.56.48-PM.jpeg",1280,853,false],"2048x2048":["https:\/\/tesainatural.com.ar\/wp-content\/uploads\/2026\/02\/WhatsApp-Image-2026-02-19-at-9.56.48-PM.jpeg",1280,853,false],"trp-custom-language-flag":["https:\/\/tesainatural.com.ar\/wp-content\/uploads\/2026\/02\/WhatsApp-Image-2026-02-19-at-9.56.48-PM.jpeg",18,12,false],"woocommerce_thumbnail":["https:\/\/tesainatural.com.ar\/wp-content\/uploads\/2026\/02\/WhatsApp-Image-2026-02-19-at-9.56.48-PM-300x300.jpeg",300,300,true],"woocommerce_single":["https:\/\/tesainatural.com.ar\/wp-content\/uploads\/2026\/02\/WhatsApp-Image-2026-02-19-at-9.56.48-PM-600x400.jpeg",600,400,true],"woocommerce_gallery_thumbnail":["https:\/\/tesainatural.com.ar\/wp-content\/uploads\/2026\/02\/WhatsApp-Image-2026-02-19-at-9.56.48-PM-100x100.jpeg",100,100,true]},"uagb_author_info":{"display_name":"Leila Bojorje","author_link":"https:\/\/tesainatural.com.ar\/es_ar\/author\/"},"uagb_comment_info":0,"uagb_excerpt":"M\u00e1scara de pesta\u00f1as naturales con aceite de ricino, romero, cera abeja, vitamina E y mica. Crece, engrosa, oscurece sin TACC. 8 cc. \u00a1Mirada impactante ya! resultados visibles.","_links":{"self":[{"href":"https:\/\/tesainatural.com.ar\/es_ar\/wp-json\/wp\/v2\/product\/2548","targetHints":{"allow":["GET"]}}],"collection":[{"href":"https:\/\/tesainatural.com.ar\/es_ar\/wp-json\/wp\/v2\/product"}],"about":[{"href":"https:\/\/tesainatural.com.ar\/es_ar\/wp-json\/wp\/v2\/types\/product"}],"replies":[{"embeddable":true,"href":"https:\/\/tesainatural.com.ar\/es_ar\/wp-json\/wp\/v2\/comments?post=2548"}],"wp:featuredmedia":[{"embeddable":true,"href":"https:\/\/tesainatural.com.ar\/es_ar\/wp-json\/wp\/v2\/media\/2492"}],"wp:attachment":[{"href":"https:\/\/tesainatural.com.ar\/es_ar\/wp-json\/wp\/v2\/media?parent=2548"}],"wp:term":[{"taxonomy":"product_brand","embeddable":true,"href":"https:\/\/tesainatural.com.ar\/es_ar\/wp-json\/wp\/v2\/product_brand?post=2548"},{"taxonomy":"product_cat","embeddable":true,"href":"https:\/\/tesainatural.com.ar\/es_ar\/wp-json\/wp\/v2\/product_cat?post=2548"},{"taxonomy":"product_tag","embeddable":true,"href":"https:\/\/tesainatural.com.ar\/es_ar\/wp-json\/wp\/v2\/product_tag?post=2548"}],"curies":[{"name":"wp","href":"https:\/\/api.w.org\/{rel}","templated":true}]}}