{"id":2547,"date":"2026-02-20T02:56:27","date_gmt":"2026-02-20T02:56:27","guid":{"rendered":"https:\/\/tesainatural.com.ar\/?post_type=product&#038;p=2547"},"modified":"2026-04-08T23:59:24","modified_gmt":"2026-04-08T23:59:24","slug":"labial-marron-chocolate","status":"publish","type":"product","link":"https:\/\/tesainatural.com.ar\/es_ar\/producto\/labial-marron-chocolate\/","title":{"rendered":"Labial Marr\u00f3n"},"content":{"rendered":"<p><em><strong>Ingredientes y Beneficios: <\/strong><\/em><\/p>\n<ul>\n<li><a href=\"https:\/\/www.google.com\/search?q=Manteca+de+Cacao&amp;biw=1280&amp;bih=593&amp;sca_esv=285be1eebaca6397&amp;sxsrf=ANbL-n7iAtCh-bCxNAA7nPchWg_doo-f9Q%3A1770394261399&amp;ei=lRKGaaX8F8XS1sQPm-z_6A8&amp;ved=2ahUKEwjqofi1ocWSAxXSqpUCHQjzI88QgK4QegQIAxAB&amp;uact=5&amp;oq=manteca+de+cacao%2C+karite%2C+cera+de+abeja+aceite+de+pepitas+de+uva+beneficios+para+la+peil+de+los+labios&amp;gs_lp=Egxnd3Mtd2l6LXNlcnAiZm1hbnRlY2EgZGUgY2FjYW8sIGthcml0ZSwgY2VyYSBkZSBhYmVqYSBhY2VpdGUgZGUgcGVwaXRhcyBkZSB1dmEgYmVuZWZpY2lvcyBwYXJhIGxhIHBlaWwgZGUgbG9zIGxhYmlvc0jL7QJQ-g9YxuUCcAR4AZABAJgBjgOgAaJQqgEJMjIuNTYuNC4yuAEDyAEA-AEBmAJCoALqS6gCFMICBxAjGCcY6gLCAg0QLhjHARgnGOoCGK8BwgIQEAAYAxi0AhjqAhiPAdgBAcICEBAuGAMYtAIY6gIYjwHYAQHCAgQQIxgnwgIKECMYgAQYJxiKBcICERAuGIAEGLEDGNEDGIMBGMcBwgIIEAAYgAQYsQPCAgoQLhiABBhDGIoFwgILEAAYgAQYsQMYgwHCAg4QLhiABBixAxjHARivAcICChAAGIAEGEMYigXCAg0QLhiABBixAxhDGIoFwgIIEC4YgAQYsQPCAgUQABiABMICChAAGIAEGBQYhwLCAhwQLhiABBixAxhDGIoFGJcFGNwEGN4EGN8E2AEBwgIFEC4YgATCAhQQLhiABBiXBRjcBBjeBBjfBNgBAcICBhAAGBYYHsICCBAAGBYYChgewgIFEAAY7wXCAggQABiABBiiBMICBRAhGKABwgIEECEYFZgDSfEF7-Q2yTWcy0-6BgYIARABGAqSBwo0LjU2LjMuMi4xoAfNpwWyBwowLjU2LjMuMi4xuAejSsIHDDItMTQuMjUuMjUuMsgHpAmACAA&amp;sclient=gws-wiz-serp&amp;mstk=AUtExfAMpvr0Qrp1VGBjxvM089ir1BsltTNhnnRXcIr15fi6A4svwiAx0bihTT2e6-4alXAkLRn-U2JVBBig9L2CHRy9MxL9Dt6arS-o4_nk3OHyoaNWdscgRQEtvdg2u4m96rssgp4QYaR2QqanxZ6ao39I9pN5DOX0Bf0HOWT6uwnZY4TlbtiXfvKTn5R8NLrKygbOzyaRsNPtup6LYQhOni3Z5YmQ1LvJc-tFHUn9FClxNlf2BkCzBRCTEmn2G1qZO_XOuT3yk-cOnnTZc8HQt3Ef&amp;csui=3\"><strong>Manteca de Cacao<\/strong><\/a><strong>:<\/strong>Proporciona hidrataci\u00f3n profunda y forma una barrera protectora que evita la sequedad, manteniendo los labios suaves y flexibles.<\/li>\n<li><a href=\"https:\/\/www.google.com\/search?q=Manteca+de+Karit%C3%A9&amp;biw=1280&amp;bih=593&amp;sca_esv=285be1eebaca6397&amp;sxsrf=ANbL-n7iAtCh-bCxNAA7nPchWg_doo-f9Q%3A1770394261399&amp;ei=lRKGaaX8F8XS1sQPm-z_6A8&amp;ved=2ahUKEwjqofi1ocWSAxXSqpUCHQjzI88QgK4QegQIAxAD&amp;uact=5&amp;oq=manteca+de+cacao%2C+karite%2C+cera+de+abeja+aceite+de+pepitas+de+uva+beneficios+para+la+peil+de+los+labios&amp;gs_lp=Egxnd3Mtd2l6LXNlcnAiZm1hbnRlY2EgZGUgY2FjYW8sIGthcml0ZSwgY2VyYSBkZSBhYmVqYSBhY2VpdGUgZGUgcGVwaXRhcyBkZSB1dmEgYmVuZWZpY2lvcyBwYXJhIGxhIHBlaWwgZGUgbG9zIGxhYmlvc0jL7QJQ-g9YxuUCcAR4AZABAJgBjgOgAaJQqgEJMjIuNTYuNC4yuAEDyAEA-AEBmAJCoALqS6gCFMICBxAjGCcY6gLCAg0QLhjHARgnGOoCGK8BwgIQEAAYAxi0AhjqAhiPAdgBAcICEBAuGAMYtAIY6gIYjwHYAQHCAgQQIxgnwgIKECMYgAQYJxiKBcICERAuGIAEGLEDGNEDGIMBGMcBwgIIEAAYgAQYsQPCAgoQLhiABBhDGIoFwgILEAAYgAQYsQMYgwHCAg4QLhiABBixAxjHARivAcICChAAGIAEGEMYigXCAg0QLhiABBixAxhDGIoFwgIIEC4YgAQYsQPCAgUQABiABMICChAAGIAEGBQYhwLCAhwQLhiABBixAxhDGIoFGJcFGNwEGN4EGN8E2AEBwgIFEC4YgATCAhQQLhiABBiXBRjcBBjeBBjfBNgBAcICBhAAGBYYHsICCBAAGBYYChgewgIFEAAY7wXCAggQABiABBiiBMICBRAhGKABwgIEECEYFZgDSfEF7-Q2yTWcy0-6BgYIARABGAqSBwo0LjU2LjMuMi4xoAfNpwWyBwowLjU2LjMuMi4xuAejSsIHDDItMTQuMjUuMjUuMsgHpAmACAA&amp;sclient=gws-wiz-serp&amp;mstk=AUtExfAMpvr0Qrp1VGBjxvM089ir1BsltTNhnnRXcIr15fi6A4svwiAx0bihTT2e6-4alXAkLRn-U2JVBBig9L2CHRy9MxL9Dt6arS-o4_nk3OHyoaNWdscgRQEtvdg2u4m96rssgp4QYaR2QqanxZ6ao39I9pN5DOX0Bf0HOWT6uwnZY4TlbtiXfvKTn5R8NLrKygbOzyaRsNPtup6LYQhOni3Z5YmQ1LvJc-tFHUn9FClxNlf2BkCzBRCTEmn2G1qZO_XOuT3yk-cOnnTZc8HQt3Ef&amp;csui=3\"><strong>Manteca de Karit\u00e9<\/strong><\/a><strong>:<\/strong>Repara y suaviza intensamente, siendo ideal para tratar labios secos y agrietados gracias a su poder nutritivo.<\/li>\n<li><a href=\"https:\/\/www.google.com\/search?q=Cera+de+Abeja&amp;biw=1280&amp;bih=593&amp;sca_esv=285be1eebaca6397&amp;sxsrf=ANbL-n7iAtCh-bCxNAA7nPchWg_doo-f9Q%3A1770394261399&amp;ei=lRKGaaX8F8XS1sQPm-z_6A8&amp;ved=2ahUKEwjqofi1ocWSAxXSqpUCHQjzI88QgK4QegQIAxAF&amp;uact=5&amp;oq=manteca+de+cacao%2C+karite%2C+cera+de+abeja+aceite+de+pepitas+de+uva+beneficios+para+la+peil+de+los+labios&amp;gs_lp=Egxnd3Mtd2l6LXNlcnAiZm1hbnRlY2EgZGUgY2FjYW8sIGthcml0ZSwgY2VyYSBkZSBhYmVqYSBhY2VpdGUgZGUgcGVwaXRhcyBkZSB1dmEgYmVuZWZpY2lvcyBwYXJhIGxhIHBlaWwgZGUgbG9zIGxhYmlvc0jL7QJQ-g9YxuUCcAR4AZABAJgBjgOgAaJQqgEJMjIuNTYuNC4yuAEDyAEA-AEBmAJCoALqS6gCFMICBxAjGCcY6gLCAg0QLhjHARgnGOoCGK8BwgIQEAAYAxi0AhjqAhiPAdgBAcICEBAuGAMYtAIY6gIYjwHYAQHCAgQQIxgnwgIKECMYgAQYJxiKBcICERAuGIAEGLEDGNEDGIMBGMcBwgIIEAAYgAQYsQPCAgoQLhiABBhDGIoFwgILEAAYgAQYsQMYgwHCAg4QLhiABBixAxjHARivAcICChAAGIAEGEMYigXCAg0QLhiABBixAxhDGIoFwgIIEC4YgAQYsQPCAgUQABiABMICChAAGIAEGBQYhwLCAhwQLhiABBixAxhDGIoFGJcFGNwEGN4EGN8E2AEBwgIFEC4YgATCAhQQLhiABBiXBRjcBBjeBBjfBNgBAcICBhAAGBYYHsICCBAAGBYYChgewgIFEAAY7wXCAggQABiABBiiBMICBRAhGKABwgIEECEYFZgDSfEF7-Q2yTWcy0-6BgYIARABGAqSBwo0LjU2LjMuMi4xoAfNpwWyBwowLjU2LjMuMi4xuAejSsIHDDItMTQuMjUuMjUuMsgHpAmACAA&amp;sclient=gws-wiz-serp&amp;mstk=AUtExfAMpvr0Qrp1VGBjxvM089ir1BsltTNhnnRXcIr15fi6A4svwiAx0bihTT2e6-4alXAkLRn-U2JVBBig9L2CHRy9MxL9Dt6arS-o4_nk3OHyoaNWdscgRQEtvdg2u4m96rssgp4QYaR2QqanxZ6ao39I9pN5DOX0Bf0HOWT6uwnZY4TlbtiXfvKTn5R8NLrKygbOzyaRsNPtup6LYQhOni3Z5YmQ1LvJc-tFHUn9FClxNlf2BkCzBRCTEmn2G1qZO_XOuT3yk-cOnnTZc8HQt3Ef&amp;csui=3\"><strong>Cera de Abeja<\/strong><\/a><strong>:<\/strong>Act\u00faa como una barrera protectora natural que retiene la humedad, protege contra agentes externos y aporta firmeza al b\u00e1lsamo.<\/li>\n<li><a href=\"https:\/\/www.google.com\/search?q=Aceite+de+Pepitas+de+Uva&amp;biw=1280&amp;bih=593&amp;sca_esv=285be1eebaca6397&amp;sxsrf=ANbL-n7iAtCh-bCxNAA7nPchWg_doo-f9Q%3A1770394261399&amp;ei=lRKGaaX8F8XS1sQPm-z_6A8&amp;ved=2ahUKEwjqofi1ocWSAxXSqpUCHQjzI88QgK4QegQIAxAH&amp;uact=5&amp;oq=manteca+de+cacao%2C+karite%2C+cera+de+abeja+aceite+de+pepitas+de+uva+beneficios+para+la+peil+de+los+labios&amp;gs_lp=Egxnd3Mtd2l6LXNlcnAiZm1hbnRlY2EgZGUgY2FjYW8sIGthcml0ZSwgY2VyYSBkZSBhYmVqYSBhY2VpdGUgZGUgcGVwaXRhcyBkZSB1dmEgYmVuZWZpY2lvcyBwYXJhIGxhIHBlaWwgZGUgbG9zIGxhYmlvc0jL7QJQ-g9YxuUCcAR4AZABAJgBjgOgAaJQqgEJMjIuNTYuNC4yuAEDyAEA-AEBmAJCoALqS6gCFMICBxAjGCcY6gLCAg0QLhjHARgnGOoCGK8BwgIQEAAYAxi0AhjqAhiPAdgBAcICEBAuGAMYtAIY6gIYjwHYAQHCAgQQIxgnwgIKECMYgAQYJxiKBcICERAuGIAEGLEDGNEDGIMBGMcBwgIIEAAYgAQYsQPCAgoQLhiABBhDGIoFwgILEAAYgAQYsQMYgwHCAg4QLhiABBixAxjHARivAcICChAAGIAEGEMYigXCAg0QLhiABBixAxhDGIoFwgIIEC4YgAQYsQPCAgUQABiABMICChAAGIAEGBQYhwLCAhwQLhiABBixAxhDGIoFGJcFGNwEGN4EGN8E2AEBwgIFEC4YgATCAhQQLhiABBiXBRjcBBjeBBjfBNgBAcICBhAAGBYYHsICCBAAGBYYChgewgIFEAAY7wXCAggQABiABBiiBMICBRAhGKABwgIEECEYFZgDSfEF7-Q2yTWcy0-6BgYIARABGAqSBwo0LjU2LjMuMi4xoAfNpwWyBwowLjU2LjMuMi4xuAejSsIHDDItMTQuMjUuMjUuMsgHpAmACAA&amp;sclient=gws-wiz-serp&amp;mstk=AUtExfAMpvr0Qrp1VGBjxvM089ir1BsltTNhnnRXcIr15fi6A4svwiAx0bihTT2e6-4alXAkLRn-U2JVBBig9L2CHRy9MxL9Dt6arS-o4_nk3OHyoaNWdscgRQEtvdg2u4m96rssgp4QYaR2QqanxZ6ao39I9pN5DOX0Bf0HOWT6uwnZY4TlbtiXfvKTn5R8NLrKygbOzyaRsNPtup6LYQhOni3Z5YmQ1LvJc-tFHUn9FClxNlf2BkCzBRCTEmn2G1qZO_XOuT3yk-cOnnTZc8HQt3Ef&amp;csui=3\"><strong>Aceite de Pepitas de Uva<\/strong><\/a><strong>:<\/strong>Proporciona una nutrici\u00f3n ligera y r\u00e1pida absorci\u00f3n, rico en antioxidantes que ayudan a la regeneraci\u00f3n de la piel de los labios.<\/li>\n<li><a href=\"https:\/\/www.google.com\/search?q=Pigmento+Mica&amp;sca_esv=285be1eebaca6397&amp;sxsrf=ANbL-n57U8kHgsppPB8FP75GXOR7lWAC7g%3A1770389864481&amp;ei=aAGGacWJHdnY1sQP7eXFwAc&amp;biw=1280&amp;bih=593&amp;ved=2ahUKEwiS-ImmkMWSAxUarZUCHb_0FFoQgK4QegQIAxAL&amp;uact=5&amp;oq=maicena%2C+aceite+de+ricino%2C+pigmento+mica+beneficios+por+ingredientes+como+maquillaje+natural&amp;gs_lp=Egxnd3Mtd2l6LXNlcnAiXG1haWNlbmEsIGFjZWl0ZSBkZSByaWNpbm8sIHBpZ21lbnRvIG1pY2EgYmVuZWZpY2lvcyBwb3IgaW5ncmVkaWVudGVzIGNvbW8gbWFxdWlsbGFqZSBuYXR1cmFsSABQAFgAcAB4AZABAJgBAKABAKoBALgBA8gBAPgBAZgCAKACAJgDAJIHAKAHALIHALgHAMIHAMgHAIAIAA&amp;sclient=gws-wiz-serp&amp;mstk=AUtExfD7tHD2AUyBvLF557aiPuuiTdV7fMG6kLohOnOQJLQoy6f2k5ile5E31v8pEZcXCklM2eA2o3syOb3FqxlQZbo3_0juvIz7pcRBsmOme_OXwIWjUfHSCC-XiKcctkYgN2gx51BltYt3nDMqqpkOvezQqg0GSW2xULvZFK5-46r3WpuUxdiWhGkZrz5Ei9N8Y7S7H_e1VzN9t29rgVZzf6EMogRgz5LmELaH-lf8aJfiKTklxPmTDiDQHSuQrD1lsCcJTOMch2VBto5Kw0RrI9-g&amp;csui=3\"><strong>Pigmento Mica<\/strong><\/a><strong>:<\/strong> Refleja la luz, difuminando l\u00edneas de expresi\u00f3n e imperfecciones. Proporciona pigmentaci\u00f3n a sombras, rubores o iluminadores de forma natural.\u00a0Se puede utilizar en diversas partes del cuerpo, aportando un brillo sofisticado sin parecer grasa.<\/li>\n<li><strong>Hidrataci\u00f3n y Reparaci\u00f3n:<\/strong>Nutren profundamente la piel fina y sensible de los labios, reparando grietas.<\/li>\n<li><strong>Protecci\u00f3n 360\u00b0:<\/strong>Crean un escudo contra el fr\u00edo, el viento y la contaminaci\u00f3n ambiental.<\/li>\n<li><strong>Efecto antioxidante:<\/strong>Regeneran la piel y previenen el envejecimiento prematuro de los labios.<\/li>\n<li><strong>Sin tacc<\/strong><\/li>\n<li><strong>Contenido 10 gr<\/strong><\/li>\n<\/ul>\n","protected":false},"excerpt":{"rendered":"<p>B\u00e1lsamo labial natural con manteca de cacao, karit\u00e9, cera abeja, aceite de uva y mica. Hidrata, repara grietas, protege del fr\u00edo. Sin TACC, 10gr. Salud que realza tu belleza natural.<\/p>\n","protected":false},"featured_media":2562,"comment_status":"open","ping_status":"closed","template":"","meta":{"_uag_custom_page_level_css":"","site-sidebar-layout":"default","site-content-layout":"","ast-site-content-layout":"default","site-content-style":"default","site-sidebar-style":"default","ast-global-header-display":"","ast-banner-title-visibility":"","ast-main-header-display":"","ast-hfb-above-header-display":"","ast-hfb-below-header-display":"","ast-hfb-mobile-header-display":"","site-post-title":"","ast-breadcrumbs-content":"","ast-featured-img":"","footer-sml-layout":"","ast-disable-related-posts":"","theme-transparent-header-meta":"default","adv-header-id-meta":"","stick-header-meta":"","header-above-stick-meta":"","header-main-stick-meta":"","header-below-stick-meta":"","astra-migrate-meta-layouts":"set","ast-page-background-enabled":"default","ast-page-background-meta":{"desktop":{"background-color":"var(--ast-global-color-4)","background-image":"","background-repeat":"repeat","background-position":"center center","background-size":"auto","background-attachment":"scroll","background-type":"","background-media":"","overlay-type":"","overlay-color":"","overlay-opacity":"","overlay-gradient":""},"tablet":{"background-color":"","background-image":"","background-repeat":"repeat","background-position":"center center","background-size":"auto","background-attachment":"scroll","background-type":"","background-media":"","overlay-type":"","overlay-color":"","overlay-opacity":"","overlay-gradient":""},"mobile":{"background-color":"","background-image":"","background-repeat":"repeat","background-position":"center center","background-size":"auto","background-attachment":"scroll","background-type":"","background-media":"","overlay-type":"","overlay-color":"","overlay-opacity":"","overlay-gradient":""}},"ast-content-background-meta":{"desktop":{"background-color":"var(--ast-global-color-5)","background-image":"","background-repeat":"repeat","background-position":"center center","background-size":"auto","background-attachment":"scroll","background-type":"","background-media":"","overlay-type":"","overlay-color":"","overlay-opacity":"","overlay-gradient":""},"tablet":{"background-color":"var(--ast-global-color-5)","background-image":"","background-repeat":"repeat","background-position":"center center","background-size":"auto","background-attachment":"scroll","background-type":"","background-media":"","overlay-type":"","overlay-color":"","overlay-opacity":"","overlay-gradient":""},"mobile":{"background-color":"var(--ast-global-color-5)","background-image":"","background-repeat":"repeat","background-position":"center center","background-size":"auto","background-attachment":"scroll","background-type":"","background-media":"","overlay-type":"","overlay-color":"","overlay-opacity":"","overlay-gradient":""}}},"product_brand":[],"product_cat":[76],"product_tag":[81,80,77],"class_list":{"0":"post-2547","1":"product","2":"type-product","3":"status-publish","4":"has-post-thumbnail","6":"product_cat-maquillaje-multiproposito","7":"product_tag-labial","8":"product_tag-maquillaje","9":"product_tag-pomulos","10":"desktop-align-left","11":"tablet-align-left","12":"mobile-align-left","14":"first","15":"instock","16":"taxable","17":"shipping-taxable","18":"purchasable","19":"product-type-simple"},"uagb_featured_image_src":{"full":["https:\/\/tesainatural.com.ar\/wp-content\/uploads\/2026\/02\/WhatsApp-Image-2026-02-20-at-3.18.56-PM-2.jpeg",1065,1600,false],"thumbnail":["https:\/\/tesainatural.com.ar\/wp-content\/uploads\/2026\/02\/WhatsApp-Image-2026-02-20-at-3.18.56-PM-2-150x150.jpeg",150,150,true],"medium":["https:\/\/tesainatural.com.ar\/wp-content\/uploads\/2026\/02\/WhatsApp-Image-2026-02-20-at-3.18.56-PM-2-200x300.jpeg",200,300,true],"medium_large":["https:\/\/tesainatural.com.ar\/wp-content\/uploads\/2026\/02\/WhatsApp-Image-2026-02-20-at-3.18.56-PM-2-768x1154.jpeg",768,1154,true],"large":["https:\/\/tesainatural.com.ar\/wp-content\/uploads\/2026\/02\/WhatsApp-Image-2026-02-20-at-3.18.56-PM-2-682x1024.jpeg",682,1024,true],"1536x1536":["https:\/\/tesainatural.com.ar\/wp-content\/uploads\/2026\/02\/WhatsApp-Image-2026-02-20-at-3.18.56-PM-2-1022x1536.jpeg",1022,1536,true],"2048x2048":["https:\/\/tesainatural.com.ar\/wp-content\/uploads\/2026\/02\/WhatsApp-Image-2026-02-20-at-3.18.56-PM-2.jpeg",1065,1600,false],"trp-custom-language-flag":["https:\/\/tesainatural.com.ar\/wp-content\/uploads\/2026\/02\/WhatsApp-Image-2026-02-20-at-3.18.56-PM-2.jpeg",8,12,false],"woocommerce_thumbnail":["https:\/\/tesainatural.com.ar\/wp-content\/uploads\/2026\/02\/WhatsApp-Image-2026-02-20-at-3.18.56-PM-2-300x300.jpeg",300,300,true],"woocommerce_single":["https:\/\/tesainatural.com.ar\/wp-content\/uploads\/2026\/02\/WhatsApp-Image-2026-02-20-at-3.18.56-PM-2-600x901.jpeg",600,901,true],"woocommerce_gallery_thumbnail":["https:\/\/tesainatural.com.ar\/wp-content\/uploads\/2026\/02\/WhatsApp-Image-2026-02-20-at-3.18.56-PM-2-100x100.jpeg",100,100,true]},"uagb_author_info":{"display_name":"Leila Bojorje","author_link":"https:\/\/tesainatural.com.ar\/es_ar\/author\/"},"uagb_comment_info":0,"uagb_excerpt":"B\u00e1lsamo labial natural con manteca de cacao, karit\u00e9, cera abeja, aceite de uva y mica. Hidrata, repara grietas, protege del fr\u00edo. Sin TACC, 10gr. Salud que realza tu belleza natural.","_links":{"self":[{"href":"https:\/\/tesainatural.com.ar\/es_ar\/wp-json\/wp\/v2\/product\/2547","targetHints":{"allow":["GET"]}}],"collection":[{"href":"https:\/\/tesainatural.com.ar\/es_ar\/wp-json\/wp\/v2\/product"}],"about":[{"href":"https:\/\/tesainatural.com.ar\/es_ar\/wp-json\/wp\/v2\/types\/product"}],"replies":[{"embeddable":true,"href":"https:\/\/tesainatural.com.ar\/es_ar\/wp-json\/wp\/v2\/comments?post=2547"}],"wp:featuredmedia":[{"embeddable":true,"href":"https:\/\/tesainatural.com.ar\/es_ar\/wp-json\/wp\/v2\/media\/2562"}],"wp:attachment":[{"href":"https:\/\/tesainatural.com.ar\/es_ar\/wp-json\/wp\/v2\/media?parent=2547"}],"wp:term":[{"taxonomy":"product_brand","embeddable":true,"href":"https:\/\/tesainatural.com.ar\/es_ar\/wp-json\/wp\/v2\/product_brand?post=2547"},{"taxonomy":"product_cat","embeddable":true,"href":"https:\/\/tesainatural.com.ar\/es_ar\/wp-json\/wp\/v2\/product_cat?post=2547"},{"taxonomy":"product_tag","embeddable":true,"href":"https:\/\/tesainatural.com.ar\/es_ar\/wp-json\/wp\/v2\/product_tag?post=2547"}],"curies":[{"name":"wp","href":"https:\/\/api.w.org\/{rel}","templated":true}]}}