{"id":2544,"date":"2026-02-20T02:49:42","date_gmt":"2026-02-20T02:49:42","guid":{"rendered":"https:\/\/tesainatural.com.ar\/?post_type=product&#038;p=2544"},"modified":"2026-04-09T00:22:49","modified_gmt":"2026-04-09T00:22:49","slug":"paleta-de-sombras","status":"publish","type":"product","link":"https:\/\/tesainatural.com.ar\/es_ar\/producto\/paleta-de-sombras\/","title":{"rendered":"Paleta de sombras"},"content":{"rendered":"<p><em><strong>Ingredientes y beneficios:\u00a0<\/strong><\/em><\/p>\n<ul>\n<li><a href=\"https:\/\/www.google.com\/search?q=Maicena&amp;sca_esv=285be1eebaca6397&amp;sxsrf=ANbL-n57U8kHgsppPB8FP75GXOR7lWAC7g%3A1770389864481&amp;ei=aAGGacWJHdnY1sQP7eXFwAc&amp;biw=1280&amp;bih=593&amp;ved=2ahUKEwiS-ImmkMWSAxUarZUCHb_0FFoQgK4QegQIAxAB&amp;uact=5&amp;oq=maicena%2C+aceite+de+ricino%2C+pigmento+mica+beneficios+por+ingredientes+como+maquillaje+natural&amp;gs_lp=Egxnd3Mtd2l6LXNlcnAiXG1haWNlbmEsIGFjZWl0ZSBkZSByaWNpbm8sIHBpZ21lbnRvIG1pY2EgYmVuZWZpY2lvcyBwb3IgaW5ncmVkaWVudGVzIGNvbW8gbWFxdWlsbGFqZSBuYXR1cmFsSABQAFgAcAB4AZABAJgBAKABAKoBALgBA8gBAPgBAZgCAKACAJgDAJIHAKAHALIHALgHAMIHAMgHAIAIAA&amp;sclient=gws-wiz-serp&amp;mstk=AUtExfD7tHD2AUyBvLF557aiPuuiTdV7fMG6kLohOnOQJLQoy6f2k5ile5E31v8pEZcXCklM2eA2o3syOb3FqxlQZbo3_0juvIz7pcRBsmOme_OXwIWjUfHSCC-XiKcctkYgN2gx51BltYt3nDMqqpkOvezQqg0GSW2xULvZFK5-46r3WpuUxdiWhGkZrz5Ei9N8Y7S7H_e1VzN9t29rgVZzf6EMogRgz5LmELaH-lf8aJfiKTklxPmTDiDQHSuQrD1lsCcJTOMch2VBto5Kw0RrI9-g&amp;csui=3\"><strong>Maicena<\/strong><\/a><strong>(F\u00e9cula de ma\u00edz):<\/strong> Ideal para sellar maquillaje, reduciendo brillos y poros sin aportar grasa. Proporciona un acabado mate y sedoso (efecto porcelana) sin dejar residuo pesado. Ayuda a calmar irritaciones menores y reduce la fricci\u00f3n en la piel.<\/li>\n<li><a href=\"https:\/\/www.google.com\/search?q=Aceite+de+Ricino&amp;sca_esv=285be1eebaca6397&amp;sxsrf=ANbL-n57U8kHgsppPB8FP75GXOR7lWAC7g%3A1770389864481&amp;ei=aAGGacWJHdnY1sQP7eXFwAc&amp;biw=1280&amp;bih=593&amp;ved=2ahUKEwiS-ImmkMWSAxUarZUCHb_0FFoQgK4QegQIAxAG&amp;uact=5&amp;oq=maicena%2C+aceite+de+ricino%2C+pigmento+mica+beneficios+por+ingredientes+como+maquillaje+natural&amp;gs_lp=Egxnd3Mtd2l6LXNlcnAiXG1haWNlbmEsIGFjZWl0ZSBkZSByaWNpbm8sIHBpZ21lbnRvIG1pY2EgYmVuZWZpY2lvcyBwb3IgaW5ncmVkaWVudGVzIGNvbW8gbWFxdWlsbGFqZSBuYXR1cmFsSABQAFgAcAB4AZABAJgBAKABAKoBALgBA8gBAPgBAZgCAKACAJgDAJIHAKAHALIHALgHAMIHAMgHAIAIAA&amp;sclient=gws-wiz-serp&amp;mstk=AUtExfD7tHD2AUyBvLF557aiPuuiTdV7fMG6kLohOnOQJLQoy6f2k5ile5E31v8pEZcXCklM2eA2o3syOb3FqxlQZbo3_0juvIz7pcRBsmOme_OXwIWjUfHSCC-XiKcctkYgN2gx51BltYt3nDMqqpkOvezQqg0GSW2xULvZFK5-46r3WpuUxdiWhGkZrz5Ei9N8Y7S7H_e1VzN9t29rgVZzf6EMogRgz5LmELaH-lf8aJfiKTklxPmTDiDQHSuQrD1lsCcJTOMch2VBto5Kw0RrI9-g&amp;csui=3\"><strong>Aceite de Ricino<\/strong><\/a><strong>:<\/strong> Act\u00faa como agente aglutinante, permitiendo que los polvos (como la maicena y mica) se compacten y se adhieran a la piel. Aporta un acabado humectado, evitando que el maquillaje natural reseque la piel. Ayuda a dar un aspecto saludable a la piel.<\/li>\n<li><a href=\"https:\/\/www.google.com\/search?q=Pigmento+Mica&amp;sca_esv=285be1eebaca6397&amp;sxsrf=ANbL-n57U8kHgsppPB8FP75GXOR7lWAC7g%3A1770389864481&amp;ei=aAGGacWJHdnY1sQP7eXFwAc&amp;biw=1280&amp;bih=593&amp;ved=2ahUKEwiS-ImmkMWSAxUarZUCHb_0FFoQgK4QegQIAxAL&amp;uact=5&amp;oq=maicena%2C+aceite+de+ricino%2C+pigmento+mica+beneficios+por+ingredientes+como+maquillaje+natural&amp;gs_lp=Egxnd3Mtd2l6LXNlcnAiXG1haWNlbmEsIGFjZWl0ZSBkZSByaWNpbm8sIHBpZ21lbnRvIG1pY2EgYmVuZWZpY2lvcyBwb3IgaW5ncmVkaWVudGVzIGNvbW8gbWFxdWlsbGFqZSBuYXR1cmFsSABQAFgAcAB4AZABAJgBAKABAKoBALgBA8gBAPgBAZgCAKACAJgDAJIHAKAHALIHALgHAMIHAMgHAIAIAA&amp;sclient=gws-wiz-serp&amp;mstk=AUtExfD7tHD2AUyBvLF557aiPuuiTdV7fMG6kLohOnOQJLQoy6f2k5ile5E31v8pEZcXCklM2eA2o3syOb3FqxlQZbo3_0juvIz7pcRBsmOme_OXwIWjUfHSCC-XiKcctkYgN2gx51BltYt3nDMqqpkOvezQqg0GSW2xULvZFK5-46r3WpuUxdiWhGkZrz5Ei9N8Y7S7H_e1VzN9t29rgVZzf6EMogRgz5LmELaH-lf8aJfiKTklxPmTDiDQHSuQrD1lsCcJTOMch2VBto5Kw0RrI9-g&amp;csui=3\"><strong>Pigmento Mica<\/strong><\/a><strong>:<\/strong> Refleja la luz, difuminando l\u00edneas de expresi\u00f3n e imperfecciones. Proporciona pigmentaci\u00f3n a sombras, rubores o iluminadores de forma natural.\u00a0Se puede utilizar en diversas partes del cuerpo, aportando un brillo sofisticado sin parecer grasa.<\/li>\n<li>esta sinergia, al ser de origen natural, es m\u00e1s suave para pieles sensibles en comparaci\u00f3n con los maquillajes convencionales.\u00a0Al no contener derivados del petr\u00f3leo ni fragancias artificiales, minimizan irritaciones y alergias, respetando el equilibrio natural de la piel. Son biodegradables, no generan residuos t\u00f3xicos, suelen tener empaques m\u00e1s conscientes y evitan la crueldad animal.<\/li>\n<\/ul>\n","protected":false},"excerpt":{"rendered":"<p>Paleta sombras naturales maicena, ricino, mica. Mate sedoso, brillo ecol\u00f3gico. Vegana sin TACC, pieles sensibles. Sin qu\u00edmicos t\u00f3xicos, biodegradables.<\/p>\n<p>repuesto de paleta $10.000<\/p>\n","protected":false},"featured_media":2893,"comment_status":"open","ping_status":"closed","template":"","meta":{"_uag_custom_page_level_css":"","site-sidebar-layout":"default","site-content-layout":"","ast-site-content-layout":"default","site-content-style":"default","site-sidebar-style":"default","ast-global-header-display":"","ast-banner-title-visibility":"","ast-main-header-display":"","ast-hfb-above-header-display":"","ast-hfb-below-header-display":"","ast-hfb-mobile-header-display":"","site-post-title":"","ast-breadcrumbs-content":"","ast-featured-img":"","footer-sml-layout":"","ast-disable-related-posts":"","theme-transparent-header-meta":"default","adv-header-id-meta":"","stick-header-meta":"","header-above-stick-meta":"","header-main-stick-meta":"","header-below-stick-meta":"","astra-migrate-meta-layouts":"set","ast-page-background-enabled":"default","ast-page-background-meta":{"desktop":{"background-color":"var(--ast-global-color-4)","background-image":"","background-repeat":"repeat","background-position":"center center","background-size":"auto","background-attachment":"scroll","background-type":"","background-media":"","overlay-type":"","overlay-color":"","overlay-opacity":"","overlay-gradient":""},"tablet":{"background-color":"","background-image":"","background-repeat":"repeat","background-position":"center center","background-size":"auto","background-attachment":"scroll","background-type":"","background-media":"","overlay-type":"","overlay-color":"","overlay-opacity":"","overlay-gradient":""},"mobile":{"background-color":"","background-image":"","background-repeat":"repeat","background-position":"center center","background-size":"auto","background-attachment":"scroll","background-type":"","background-media":"","overlay-type":"","overlay-color":"","overlay-opacity":"","overlay-gradient":""}},"ast-content-background-meta":{"desktop":{"background-color":"var(--ast-global-color-5)","background-image":"","background-repeat":"repeat","background-position":"center center","background-size":"auto","background-attachment":"scroll","background-type":"","background-media":"","overlay-type":"","overlay-color":"","overlay-opacity":"","overlay-gradient":""},"tablet":{"background-color":"var(--ast-global-color-5)","background-image":"","background-repeat":"repeat","background-position":"center center","background-size":"auto","background-attachment":"scroll","background-type":"","background-media":"","overlay-type":"","overlay-color":"","overlay-opacity":"","overlay-gradient":""},"mobile":{"background-color":"var(--ast-global-color-5)","background-image":"","background-repeat":"repeat","background-position":"center center","background-size":"auto","background-attachment":"scroll","background-type":"","background-media":"","overlay-type":"","overlay-color":"","overlay-opacity":"","overlay-gradient":""}}},"product_brand":[],"product_cat":[76],"product_tag":[78,80,77,22,79],"class_list":{"0":"post-2544","1":"product","2":"type-product","3":"status-publish","4":"has-post-thumbnail","6":"product_cat-maquillaje-multiproposito","7":"product_tag-brillo","8":"product_tag-maquillaje","9":"product_tag-pomulos","10":"product_tag-rostro","11":"product_tag-sombra","12":"desktop-align-left","13":"tablet-align-left","14":"mobile-align-left","16":"first","17":"instock","18":"taxable","19":"shipping-taxable","20":"purchasable","21":"product-type-simple"},"uagb_featured_image_src":{"full":["https:\/\/tesainatural.com.ar\/wp-content\/uploads\/2026\/04\/WhatsApp-Image-2026-04-04-at-8.26.32-PM.jpeg",1066,1600,false],"thumbnail":["https:\/\/tesainatural.com.ar\/wp-content\/uploads\/2026\/04\/WhatsApp-Image-2026-04-04-at-8.26.32-PM-150x150.jpeg",150,150,true],"medium":["https:\/\/tesainatural.com.ar\/wp-content\/uploads\/2026\/04\/WhatsApp-Image-2026-04-04-at-8.26.32-PM-200x300.jpeg",200,300,true],"medium_large":["https:\/\/tesainatural.com.ar\/wp-content\/uploads\/2026\/04\/WhatsApp-Image-2026-04-04-at-8.26.32-PM-768x1153.jpeg",768,1153,true],"large":["https:\/\/tesainatural.com.ar\/wp-content\/uploads\/2026\/04\/WhatsApp-Image-2026-04-04-at-8.26.32-PM-682x1024.jpeg",682,1024,true],"1536x1536":["https:\/\/tesainatural.com.ar\/wp-content\/uploads\/2026\/04\/WhatsApp-Image-2026-04-04-at-8.26.32-PM-1023x1536.jpeg",1023,1536,true],"2048x2048":["https:\/\/tesainatural.com.ar\/wp-content\/uploads\/2026\/04\/WhatsApp-Image-2026-04-04-at-8.26.32-PM.jpeg",1066,1600,false],"trp-custom-language-flag":["https:\/\/tesainatural.com.ar\/wp-content\/uploads\/2026\/04\/WhatsApp-Image-2026-04-04-at-8.26.32-PM-8x12.jpeg",8,12,true],"woocommerce_thumbnail":["https:\/\/tesainatural.com.ar\/wp-content\/uploads\/2026\/04\/WhatsApp-Image-2026-04-04-at-8.26.32-PM-300x300.jpeg",300,300,true],"woocommerce_single":["https:\/\/tesainatural.com.ar\/wp-content\/uploads\/2026\/04\/WhatsApp-Image-2026-04-04-at-8.26.32-PM-600x901.jpeg",600,901,true],"woocommerce_gallery_thumbnail":["https:\/\/tesainatural.com.ar\/wp-content\/uploads\/2026\/04\/WhatsApp-Image-2026-04-04-at-8.26.32-PM-100x100.jpeg",100,100,true]},"uagb_author_info":{"display_name":"Leila Bojorje","author_link":"https:\/\/tesainatural.com.ar\/es_ar\/author\/"},"uagb_comment_info":0,"uagb_excerpt":"Paleta sombras naturales maicena, ricino, mica. Mate sedoso, brillo ecol\u00f3gico. Vegana sin TACC, pieles sensibles. Sin qu\u00edmicos t\u00f3xicos, biodegradables. repuesto de paleta $10.000","_links":{"self":[{"href":"https:\/\/tesainatural.com.ar\/es_ar\/wp-json\/wp\/v2\/product\/2544","targetHints":{"allow":["GET"]}}],"collection":[{"href":"https:\/\/tesainatural.com.ar\/es_ar\/wp-json\/wp\/v2\/product"}],"about":[{"href":"https:\/\/tesainatural.com.ar\/es_ar\/wp-json\/wp\/v2\/types\/product"}],"replies":[{"embeddable":true,"href":"https:\/\/tesainatural.com.ar\/es_ar\/wp-json\/wp\/v2\/comments?post=2544"}],"wp:featuredmedia":[{"embeddable":true,"href":"https:\/\/tesainatural.com.ar\/es_ar\/wp-json\/wp\/v2\/media\/2893"}],"wp:attachment":[{"href":"https:\/\/tesainatural.com.ar\/es_ar\/wp-json\/wp\/v2\/media?parent=2544"}],"wp:term":[{"taxonomy":"product_brand","embeddable":true,"href":"https:\/\/tesainatural.com.ar\/es_ar\/wp-json\/wp\/v2\/product_brand?post=2544"},{"taxonomy":"product_cat","embeddable":true,"href":"https:\/\/tesainatural.com.ar\/es_ar\/wp-json\/wp\/v2\/product_cat?post=2544"},{"taxonomy":"product_tag","embeddable":true,"href":"https:\/\/tesainatural.com.ar\/es_ar\/wp-json\/wp\/v2\/product_tag?post=2544"}],"curies":[{"name":"wp","href":"https:\/\/api.w.org\/{rel}","templated":true}]}}