{"id":2537,"date":"2026-02-20T02:28:55","date_gmt":"2026-02-20T02:28:55","guid":{"rendered":"https:\/\/tesainatural.com.ar\/?post_type=product&#038;p=2537"},"modified":"2026-04-02T02:33:40","modified_gmt":"2026-04-02T02:33:40","slug":"agua-florida","status":"publish","type":"product","link":"https:\/\/tesainatural.com.ar\/es_ar\/producto\/agua-florida\/","title":{"rendered":"Agua florida"},"content":{"rendered":"<p><em><strong>Ingredientes y beneficios\u00a0<\/strong><\/em><\/p>\n<ul>\n<li><strong>Ingredientes:<\/strong> naranja, lim\u00f3n, mandarina, menta, romero, pitanga, eucalipto, clavo de olor.<\/li>\n<li><strong>Beneficios:<\/strong> El Agua Florida es una colonia ancestral reconocida por sus potentes beneficios en la\u00a0limpieza energ\u00e9tica, relajaci\u00f3n y bienestar emocional. Se utiliza para eliminar energ\u00edas densas, proteger el aura, armonizar espacios, reducir el estr\u00e9s y refrescar el cuerpo, siendo un elemento clave en rituales, meditaci\u00f3n y aromaterapia.<\/li>\n<li>Apto veganos y sin tacc<\/li>\n<li>Contenido 60 ml<\/li>\n<\/ul>\n","protected":false},"excerpt":{"rendered":"<p>Agua Florida ancestral naranja, lim\u00f3n, menta, romero, eucalipto. Limpieza energ\u00e9tica, antiestr\u00e9s, protege, limpia . Vegana sin TACC, 60ml. \u00a1Ritual purificador !<\/p>\n","protected":false},"featured_media":2561,"comment_status":"open","ping_status":"closed","template":"","meta":{"_uag_custom_page_level_css":"","site-sidebar-layout":"default","site-content-layout":"","ast-site-content-layout":"default","site-content-style":"default","site-sidebar-style":"default","ast-global-header-display":"","ast-banner-title-visibility":"","ast-main-header-display":"","ast-hfb-above-header-display":"","ast-hfb-below-header-display":"","ast-hfb-mobile-header-display":"","site-post-title":"","ast-breadcrumbs-content":"","ast-featured-img":"","footer-sml-layout":"","ast-disable-related-posts":"","theme-transparent-header-meta":"default","adv-header-id-meta":"","stick-header-meta":"","header-above-stick-meta":"","header-main-stick-meta":"","header-below-stick-meta":"","astra-migrate-meta-layouts":"set","ast-page-background-enabled":"default","ast-page-background-meta":{"desktop":{"background-color":"var(--ast-global-color-4)","background-image":"","background-repeat":"repeat","background-position":"center center","background-size":"auto","background-attachment":"scroll","background-type":"","background-media":"","overlay-type":"","overlay-color":"","overlay-opacity":"","overlay-gradient":""},"tablet":{"background-color":"","background-image":"","background-repeat":"repeat","background-position":"center center","background-size":"auto","background-attachment":"scroll","background-type":"","background-media":"","overlay-type":"","overlay-color":"","overlay-opacity":"","overlay-gradient":""},"mobile":{"background-color":"","background-image":"","background-repeat":"repeat","background-position":"center center","background-size":"auto","background-attachment":"scroll","background-type":"","background-media":"","overlay-type":"","overlay-color":"","overlay-opacity":"","overlay-gradient":""}},"ast-content-background-meta":{"desktop":{"background-color":"var(--ast-global-color-5)","background-image":"","background-repeat":"repeat","background-position":"center center","background-size":"auto","background-attachment":"scroll","background-type":"","background-media":"","overlay-type":"","overlay-color":"","overlay-opacity":"","overlay-gradient":""},"tablet":{"background-color":"var(--ast-global-color-5)","background-image":"","background-repeat":"repeat","background-position":"center center","background-size":"auto","background-attachment":"scroll","background-type":"","background-media":"","overlay-type":"","overlay-color":"","overlay-opacity":"","overlay-gradient":""},"mobile":{"background-color":"var(--ast-global-color-5)","background-image":"","background-repeat":"repeat","background-position":"center center","background-size":"auto","background-attachment":"scroll","background-type":"","background-media":"","overlay-type":"","overlay-color":"","overlay-opacity":"","overlay-gradient":""}}},"product_brand":[],"product_cat":[23],"product_tag":[50,62,63],"class_list":{"0":"post-2537","1":"product","2":"type-product","3":"status-publish","4":"has-post-thumbnail","6":"product_cat-salud-emocional","7":"product_tag-emociones","8":"product_tag-energia","9":"product_tag-limpieza-ambientes","10":"desktop-align-left","11":"tablet-align-left","12":"mobile-align-left","14":"first","15":"instock","16":"taxable","17":"shipping-taxable","18":"purchasable","19":"product-type-simple"},"uagb_featured_image_src":{"full":["https:\/\/tesainatural.com.ar\/wp-content\/uploads\/2026\/02\/WhatsApp-Image-2026-02-20-at-3.18.56-PM-3.jpeg",1066,1600,false],"thumbnail":["https:\/\/tesainatural.com.ar\/wp-content\/uploads\/2026\/02\/WhatsApp-Image-2026-02-20-at-3.18.56-PM-3-150x150.jpeg",150,150,true],"medium":["https:\/\/tesainatural.com.ar\/wp-content\/uploads\/2026\/02\/WhatsApp-Image-2026-02-20-at-3.18.56-PM-3-200x300.jpeg",200,300,true],"medium_large":["https:\/\/tesainatural.com.ar\/wp-content\/uploads\/2026\/02\/WhatsApp-Image-2026-02-20-at-3.18.56-PM-3-768x1153.jpeg",768,1153,true],"large":["https:\/\/tesainatural.com.ar\/wp-content\/uploads\/2026\/02\/WhatsApp-Image-2026-02-20-at-3.18.56-PM-3-682x1024.jpeg",682,1024,true],"1536x1536":["https:\/\/tesainatural.com.ar\/wp-content\/uploads\/2026\/02\/WhatsApp-Image-2026-02-20-at-3.18.56-PM-3-1023x1536.jpeg",1023,1536,true],"2048x2048":["https:\/\/tesainatural.com.ar\/wp-content\/uploads\/2026\/02\/WhatsApp-Image-2026-02-20-at-3.18.56-PM-3.jpeg",1066,1600,false],"trp-custom-language-flag":["https:\/\/tesainatural.com.ar\/wp-content\/uploads\/2026\/02\/WhatsApp-Image-2026-02-20-at-3.18.56-PM-3.jpeg",8,12,false],"woocommerce_thumbnail":["https:\/\/tesainatural.com.ar\/wp-content\/uploads\/2026\/02\/WhatsApp-Image-2026-02-20-at-3.18.56-PM-3-300x300.jpeg",300,300,true],"woocommerce_single":["https:\/\/tesainatural.com.ar\/wp-content\/uploads\/2026\/02\/WhatsApp-Image-2026-02-20-at-3.18.56-PM-3-600x901.jpeg",600,901,true],"woocommerce_gallery_thumbnail":["https:\/\/tesainatural.com.ar\/wp-content\/uploads\/2026\/02\/WhatsApp-Image-2026-02-20-at-3.18.56-PM-3-100x100.jpeg",100,100,true]},"uagb_author_info":{"display_name":"Leila Bojorje","author_link":"https:\/\/tesainatural.com.ar\/es_ar\/author\/"},"uagb_comment_info":0,"uagb_excerpt":"Agua Florida ancestral naranja, lim\u00f3n, menta, romero, eucalipto. Limpieza energ\u00e9tica, antiestr\u00e9s, protege, limpia . Vegana sin TACC, 60ml. \u00a1Ritual purificador !","_links":{"self":[{"href":"https:\/\/tesainatural.com.ar\/es_ar\/wp-json\/wp\/v2\/product\/2537","targetHints":{"allow":["GET"]}}],"collection":[{"href":"https:\/\/tesainatural.com.ar\/es_ar\/wp-json\/wp\/v2\/product"}],"about":[{"href":"https:\/\/tesainatural.com.ar\/es_ar\/wp-json\/wp\/v2\/types\/product"}],"replies":[{"embeddable":true,"href":"https:\/\/tesainatural.com.ar\/es_ar\/wp-json\/wp\/v2\/comments?post=2537"}],"wp:featuredmedia":[{"embeddable":true,"href":"https:\/\/tesainatural.com.ar\/es_ar\/wp-json\/wp\/v2\/media\/2561"}],"wp:attachment":[{"href":"https:\/\/tesainatural.com.ar\/es_ar\/wp-json\/wp\/v2\/media?parent=2537"}],"wp:term":[{"taxonomy":"product_brand","embeddable":true,"href":"https:\/\/tesainatural.com.ar\/es_ar\/wp-json\/wp\/v2\/product_brand?post=2537"},{"taxonomy":"product_cat","embeddable":true,"href":"https:\/\/tesainatural.com.ar\/es_ar\/wp-json\/wp\/v2\/product_cat?post=2537"},{"taxonomy":"product_tag","embeddable":true,"href":"https:\/\/tesainatural.com.ar\/es_ar\/wp-json\/wp\/v2\/product_tag?post=2537"}],"curies":[{"name":"wp","href":"https:\/\/api.w.org\/{rel}","templated":true}]}}