{"id":2536,"date":"2026-02-20T02:25:26","date_gmt":"2026-02-20T02:25:26","guid":{"rendered":"https:\/\/tesainatural.com.ar\/?post_type=product&#038;p=2536"},"modified":"2026-04-02T02:35:51","modified_gmt":"2026-04-02T02:35:51","slug":"jabon-corporal-de-curcuma-y-lemongrass","status":"publish","type":"product","link":"https:\/\/tesainatural.com.ar\/es_ar\/producto\/jabon-corporal-de-curcuma-y-lemongrass\/","title":{"rendered":"Jab\u00f3n corporal de c\u00farcuma y Lemongrass"},"content":{"rendered":"<p><em><strong>Ingredientes Beneficios <\/strong><\/em><\/p>\n<ul>\n<li><strong>Curuma : :<\/strong>Act\u00faa como un potente antioxidante que ayuda a unificar el tono de la piel, desvanecer manchas oscuras, cicatrices de acn\u00e9 y aportar luminosidad.<\/li>\n<li><strong>Aceite de coco: <\/strong>Proporciona una limpieza profunda y crea una espuma rica, aportando \u00e1cidos grasos que nutren, suavizan y mantienen la hidrataci\u00f3n sin engrasar.<\/li>\n<li><strong>Aceite de oliva virgen:\u00a0<\/strong> Aporta hidrataci\u00f3n profunda, suavidad y nutrici\u00f3n, equilibrando la limpieza del coco para evitar la resequedad, ideal para mantener la piel suave y nutrida.<\/li>\n<li><em><strong>Aceite esencial de Lemongrass:<\/strong><\/em> Ofrece propiedades antis\u00e9pticas, antibacterianas y astringentes que ayudan a reducir poros, controlar la grasa y tonificar. Adem\u00e1s, aporta un aroma fresco que refresca y estimula. A nivel emocional adem\u00e1s es un potente estimulante emocional y revitalizante, ideal para combatir la fatiga mental, el estr\u00e9s y la ansiedad. Su aroma fresco, c\u00edtrico y herb\u00e1ceo promueve la claridad mental, aumenta la concentraci\u00f3n y mejora el estado de \u00e1nimo, elevando la energ\u00eda y fomentando una perspectiva positiva.<\/li>\n<li>Sin tacc y apto veganos<\/li>\n<li>Contenido 60 gr<\/li>\n<\/ul>\n","protected":false},"excerpt":{"rendered":"<p>Jab\u00f3n corporal de c\u00farcuma y Lemongrass. Limpia, antiacn\u00e9, purifica poros. Hidratantes de coco oliva. Vegano sin TACC, 60gr.<\/p>\n","protected":false},"featured_media":2486,"comment_status":"open","ping_status":"closed","template":"","meta":{"_uag_custom_page_level_css":"","site-sidebar-layout":"default","site-content-layout":"","ast-site-content-layout":"default","site-content-style":"default","site-sidebar-style":"default","ast-global-header-display":"","ast-banner-title-visibility":"","ast-main-header-display":"","ast-hfb-above-header-display":"","ast-hfb-below-header-display":"","ast-hfb-mobile-header-display":"","site-post-title":"","ast-breadcrumbs-content":"","ast-featured-img":"","footer-sml-layout":"","ast-disable-related-posts":"","theme-transparent-header-meta":"default","adv-header-id-meta":"","stick-header-meta":"","header-above-stick-meta":"","header-main-stick-meta":"","header-below-stick-meta":"","astra-migrate-meta-layouts":"set","ast-page-background-enabled":"default","ast-page-background-meta":{"desktop":{"background-color":"var(--ast-global-color-4)","background-image":"","background-repeat":"repeat","background-position":"center center","background-size":"auto","background-attachment":"scroll","background-type":"","background-media":"","overlay-type":"","overlay-color":"","overlay-opacity":"","overlay-gradient":""},"tablet":{"background-color":"","background-image":"","background-repeat":"repeat","background-position":"center center","background-size":"auto","background-attachment":"scroll","background-type":"","background-media":"","overlay-type":"","overlay-color":"","overlay-opacity":"","overlay-gradient":""},"mobile":{"background-color":"","background-image":"","background-repeat":"repeat","background-position":"center center","background-size":"auto","background-attachment":"scroll","background-type":"","background-media":"","overlay-type":"","overlay-color":"","overlay-opacity":"","overlay-gradient":""}},"ast-content-background-meta":{"desktop":{"background-color":"var(--ast-global-color-5)","background-image":"","background-repeat":"repeat","background-position":"center center","background-size":"auto","background-attachment":"scroll","background-type":"","background-media":"","overlay-type":"","overlay-color":"","overlay-opacity":"","overlay-gradient":""},"tablet":{"background-color":"var(--ast-global-color-5)","background-image":"","background-repeat":"repeat","background-position":"center center","background-size":"auto","background-attachment":"scroll","background-type":"","background-media":"","overlay-type":"","overlay-color":"","overlay-opacity":"","overlay-gradient":""},"mobile":{"background-color":"var(--ast-global-color-5)","background-image":"","background-repeat":"repeat","background-position":"center center","background-size":"auto","background-attachment":"scroll","background-type":"","background-media":"","overlay-type":"","overlay-color":"","overlay-opacity":"","overlay-gradient":""}}},"product_brand":[],"product_cat":[31],"product_tag":[37,55,56],"class_list":{"0":"post-2536","1":"product","2":"type-product","3":"status-publish","4":"has-post-thumbnail","6":"product_cat-salud-corporal","7":"product_tag-cuerpo","8":"product_tag-jabon","9":"product_tag-limpieza","10":"desktop-align-left","11":"tablet-align-left","12":"mobile-align-left","14":"first","15":"onbackorder","16":"taxable","17":"shipping-taxable","18":"purchasable","19":"product-type-simple"},"uagb_featured_image_src":{"full":["https:\/\/tesainatural.com.ar\/wp-content\/uploads\/2026\/02\/WhatsApp-Image-2026-02-19-at-9.56.50-PM-1.jpeg",1280,853,false],"thumbnail":["https:\/\/tesainatural.com.ar\/wp-content\/uploads\/2026\/02\/WhatsApp-Image-2026-02-19-at-9.56.50-PM-1-150x150.jpeg",150,150,true],"medium":["https:\/\/tesainatural.com.ar\/wp-content\/uploads\/2026\/02\/WhatsApp-Image-2026-02-19-at-9.56.50-PM-1-300x200.jpeg",300,200,true],"medium_large":["https:\/\/tesainatural.com.ar\/wp-content\/uploads\/2026\/02\/WhatsApp-Image-2026-02-19-at-9.56.50-PM-1-768x512.jpeg",768,512,true],"large":["https:\/\/tesainatural.com.ar\/wp-content\/uploads\/2026\/02\/WhatsApp-Image-2026-02-19-at-9.56.50-PM-1-1024x682.jpeg",1024,682,true],"1536x1536":["https:\/\/tesainatural.com.ar\/wp-content\/uploads\/2026\/02\/WhatsApp-Image-2026-02-19-at-9.56.50-PM-1.jpeg",1280,853,false],"2048x2048":["https:\/\/tesainatural.com.ar\/wp-content\/uploads\/2026\/02\/WhatsApp-Image-2026-02-19-at-9.56.50-PM-1.jpeg",1280,853,false],"trp-custom-language-flag":["https:\/\/tesainatural.com.ar\/wp-content\/uploads\/2026\/02\/WhatsApp-Image-2026-02-19-at-9.56.50-PM-1.jpeg",18,12,false],"woocommerce_thumbnail":["https:\/\/tesainatural.com.ar\/wp-content\/uploads\/2026\/02\/WhatsApp-Image-2026-02-19-at-9.56.50-PM-1-300x300.jpeg",300,300,true],"woocommerce_single":["https:\/\/tesainatural.com.ar\/wp-content\/uploads\/2026\/02\/WhatsApp-Image-2026-02-19-at-9.56.50-PM-1-600x400.jpeg",600,400,true],"woocommerce_gallery_thumbnail":["https:\/\/tesainatural.com.ar\/wp-content\/uploads\/2026\/02\/WhatsApp-Image-2026-02-19-at-9.56.50-PM-1-100x100.jpeg",100,100,true]},"uagb_author_info":{"display_name":"Leila Bojorje","author_link":"https:\/\/tesainatural.com.ar\/es_ar\/author\/"},"uagb_comment_info":0,"uagb_excerpt":"Jab\u00f3n corporal de c\u00farcuma y Lemongrass. Limpia, antiacn\u00e9, purifica poros. Hidratantes de coco oliva. Vegano sin TACC, 60gr.","_links":{"self":[{"href":"https:\/\/tesainatural.com.ar\/es_ar\/wp-json\/wp\/v2\/product\/2536","targetHints":{"allow":["GET"]}}],"collection":[{"href":"https:\/\/tesainatural.com.ar\/es_ar\/wp-json\/wp\/v2\/product"}],"about":[{"href":"https:\/\/tesainatural.com.ar\/es_ar\/wp-json\/wp\/v2\/types\/product"}],"replies":[{"embeddable":true,"href":"https:\/\/tesainatural.com.ar\/es_ar\/wp-json\/wp\/v2\/comments?post=2536"}],"wp:featuredmedia":[{"embeddable":true,"href":"https:\/\/tesainatural.com.ar\/es_ar\/wp-json\/wp\/v2\/media\/2486"}],"wp:attachment":[{"href":"https:\/\/tesainatural.com.ar\/es_ar\/wp-json\/wp\/v2\/media?parent=2536"}],"wp:term":[{"taxonomy":"product_brand","embeddable":true,"href":"https:\/\/tesainatural.com.ar\/es_ar\/wp-json\/wp\/v2\/product_brand?post=2536"},{"taxonomy":"product_cat","embeddable":true,"href":"https:\/\/tesainatural.com.ar\/es_ar\/wp-json\/wp\/v2\/product_cat?post=2536"},{"taxonomy":"product_tag","embeddable":true,"href":"https:\/\/tesainatural.com.ar\/es_ar\/wp-json\/wp\/v2\/product_tag?post=2536"}],"curies":[{"name":"wp","href":"https:\/\/api.w.org\/{rel}","templated":true}]}}