{"id":2533,"date":"2026-02-20T02:14:20","date_gmt":"2026-02-20T02:14:20","guid":{"rendered":"https:\/\/tesainatural.com.ar\/?post_type=product&#038;p=2533"},"modified":"2026-04-02T02:40:37","modified_gmt":"2026-04-02T02:40:37","slug":"micro-exfoliante-de-rostro","status":"publish","type":"product","link":"https:\/\/tesainatural.com.ar\/es_ar\/producto\/micro-exfoliante-de-rostro\/","title":{"rendered":"Micro exfoliante de rostro"},"content":{"rendered":"<p><strong>\u00a0Ingredientes y Beneficios:<\/strong><\/p>\n<ul>\n<li><strong>Aceite de Almendras Dulces:<\/strong> \u00a0Rico en vitamina E, nutrientes y \u00e1cidos grasos que reparan y nutren la piel seca. Funciona como desmaquillante suave y ayuda a calmar irritaciones, dermatitis o eczemas. \u00a0Mejora la elasticidad de la piel y previene el envejecimiento prematuro.<\/li>\n<li><strong>P\u00e9talos de Rosa:<\/strong> Ayudan a equilibrar el pH de la piel y a tonificar los poros. Calman la piel sensible y reducen rojeces.<\/li>\n<li><strong>Aceite Esencial de Rosas de Damascena:<\/strong>Posee propiedades regenerativas que mejoran la apariencia de cicatrices, arrugas y l\u00edneas finas.\u00a0Ideal para pieles maduras y con ros\u00e1cea, gracias a sus propiedades calmantes y analg\u00e9sicas. Aporta un aroma relajante que ayuda a reducir el estr\u00e9s.<\/li>\n<li><strong>Gr\u00e1nulos de Nuez Rallada (Exfoliante): <\/strong>Eliminan eficazmente las c\u00e9lulas muertas acumuladas, impurezas y suavizan la textura de la piel. Al remover la piel muerta, mejoran la renovaci\u00f3n celular y dejan la piel m\u00e1s radiante.<\/li>\n<li>Esta combinaci\u00f3n de ingredientes naturales ofrece una rutina facial completa:\u00a0el\u00a0<a href=\"https:\/\/www.google.com\/search?q=aceite+de+almendras+dulces&amp;sca_esv=51db692ab24d98dd&amp;biw=1280&amp;bih=593&amp;aic=0&amp;sxsrf=ANbL-n6MPi5cyLFjrqdiiRCKx-WpRzjybw%3A1770339805882&amp;ei=3T2FaebGNabK1sQP6da1qAY&amp;ved=2ahUKEwiyroSW3sOSAxV9qZUCHXyNNjMQgK4QegQIARAC&amp;uact=5&amp;oq=aceite+de+almendras+dulces%2C+petalos+de+rosa+%2C+aceite+esencial+de+rosas+de+damascena%2C+granulos+de+nuez+rallada+beneficios+para+la+piel+de+rostro+por+ingrediente&amp;gs_lp=Egxnd3Mtd2l6LXNlcnAinwFhY2VpdGUgZGUgYWxtZW5kcmFzIGR1bGNlcywgcGV0YWxvcyBkZSByb3NhICwgYWNlaXRlIGVzZW5jaWFsIGRlIHJvc2FzIGRlIGRhbWFzY2VuYSwgZ3JhbnVsb3MgZGUgbnVleiByYWxsYWRhIGJlbmVmaWNpb3MgcGFyYSBsYSBwaWVsIGRlIHJvc3RybyBwb3IgaW5ncmVkaWVudGVI3uAEUIceWNbcBHAGeAGQAQCYAckCoAGrUaoBCTEwLjcxLjAuMbgBA8gBAPgBAZgCRKAChkyoAg_CAgcQIxgnGOoCwgINEC4YxwEYJxjqAhivAcICHxAuGIAEGNEDGEMYtAIY5wYYxwEYyAMYigUY6gLYAQHCAgQQIxgnwgIKECMYgAQYJxiKBcICChAAGIAEGEMYigXCAhAQLhiABBjRAxhDGMcBGIoFwgIKEC4YgAQYQxiKBcICEBAuGIAEGLEDGEMYgwEYigXCAh8QLhiABBixAxhDGIMBGIoFGJcFGNwEGN4EGN8E2AEBwgINEAAYgAQYsQMYFBiHAsICCBAuGIAEGLEDwgIKEAAYgAQYFBiHAsICBRAAGIAEwgIJEAAYgAQYChgLwgIJEC4YgAQYChgLwgIFEC4YgATCAggQABiABBixA8ICBhAAGBYYHsICBRAhGKABwgIEECEYFZgDQvEF9YlmTnTRKXy6BgYIARABGAiSBwY2LjU3LjWgB6q7BLIHBjAuNTcuNbgHrkrCBwsyLTkuMzAuMjYuM8gH5gmACAA&amp;sclient=gws-wiz-serp&amp;mstk=AUtExfDKF5K3B3nN5-GufJr96gmorIVUu3A_2P9ShPl1oRjh0mx-mP5qm1Mbu4vxU2rnJuRPbZJrB8AIveW18pkd_0-OnAqNbwY04zFQLFPpRM7nzIh8bnyosNALqqCXY6AAgzB9TJyDQbJCee5eoPk3cXxmMsCSocjd-YXy95DCK2wnrwUXCQvhkARcEyaeO9dFv4mhMBSpnGrhsNubyH8BJ_Vk0rD9RV342ymFfkJOe6R12MIzmKAUWL5bX8kc8C3ZFhw0D-3IrM_lwwIBQ24knWzY&amp;csui=3\">aceite de almendras dulces<\/a>hidrata y nutre profundamente, los p\u00e9talos de rosa calman y tonifican, el\u00a0<a href=\"https:\/\/www.google.com\/search?q=aceite+esencial+de+rosas+de+damascena&amp;sca_esv=51db692ab24d98dd&amp;biw=1280&amp;bih=593&amp;aic=0&amp;sxsrf=ANbL-n6MPi5cyLFjrqdiiRCKx-WpRzjybw%3A1770339805882&amp;ei=3T2FaebGNabK1sQP6da1qAY&amp;ved=2ahUKEwiyroSW3sOSAxV9qZUCHXyNNjMQgK4QegQIARAD&amp;uact=5&amp;oq=aceite+de+almendras+dulces%2C+petalos+de+rosa+%2C+aceite+esencial+de+rosas+de+damascena%2C+granulos+de+nuez+rallada+beneficios+para+la+piel+de+rostro+por+ingrediente&amp;gs_lp=Egxnd3Mtd2l6LXNlcnAinwFhY2VpdGUgZGUgYWxtZW5kcmFzIGR1bGNlcywgcGV0YWxvcyBkZSByb3NhICwgYWNlaXRlIGVzZW5jaWFsIGRlIHJvc2FzIGRlIGRhbWFzY2VuYSwgZ3JhbnVsb3MgZGUgbnVleiByYWxsYWRhIGJlbmVmaWNpb3MgcGFyYSBsYSBwaWVsIGRlIHJvc3RybyBwb3IgaW5ncmVkaWVudGVI3uAEUIceWNbcBHAGeAGQAQCYAckCoAGrUaoBCTEwLjcxLjAuMbgBA8gBAPgBAZgCRKAChkyoAg_CAgcQIxgnGOoCwgINEC4YxwEYJxjqAhivAcICHxAuGIAEGNEDGEMYtAIY5wYYxwEYyAMYigUY6gLYAQHCAgQQIxgnwgIKECMYgAQYJxiKBcICChAAGIAEGEMYigXCAhAQLhiABBjRAxhDGMcBGIoFwgIKEC4YgAQYQxiKBcICEBAuGIAEGLEDGEMYgwEYigXCAh8QLhiABBixAxhDGIMBGIoFGJcFGNwEGN4EGN8E2AEBwgINEAAYgAQYsQMYFBiHAsICCBAuGIAEGLEDwgIKEAAYgAQYFBiHAsICBRAAGIAEwgIJEAAYgAQYChgLwgIJEC4YgAQYChgLwgIFEC4YgATCAggQABiABBixA8ICBhAAGBYYHsICBRAhGKABwgIEECEYFZgDQvEF9YlmTnTRKXy6BgYIARABGAiSBwY2LjU3LjWgB6q7BLIHBjAuNTcuNbgHrkrCBwsyLTkuMzAuMjYuM8gH5gmACAA&amp;sclient=gws-wiz-serp&amp;mstk=AUtExfDKF5K3B3nN5-GufJr96gmorIVUu3A_2P9ShPl1oRjh0mx-mP5qm1Mbu4vxU2rnJuRPbZJrB8AIveW18pkd_0-OnAqNbwY04zFQLFPpRM7nzIh8bnyosNALqqCXY6AAgzB9TJyDQbJCee5eoPk3cXxmMsCSocjd-YXy95DCK2wnrwUXCQvhkARcEyaeO9dFv4mhMBSpnGrhsNubyH8BJ_Vk0rD9RV342ymFfkJOe6R12MIzmKAUWL5bX8kc8C3ZFhw0D-3IrM_lwwIBQ24knWzY&amp;csui=3\">aceite esencial de rosas de damascena<\/a>\u00a0regenera y aporta antioxidantes, mientras que los\u00a0<a href=\"https:\/\/www.google.com\/search?q=gr%C3%A1nulos+de+nuez+rallada&amp;sca_esv=51db692ab24d98dd&amp;biw=1280&amp;bih=593&amp;aic=0&amp;sxsrf=ANbL-n6MPi5cyLFjrqdiiRCKx-WpRzjybw%3A1770339805882&amp;ei=3T2FaebGNabK1sQP6da1qAY&amp;ved=2ahUKEwiyroSW3sOSAxV9qZUCHXyNNjMQgK4QegQIARAE&amp;uact=5&amp;oq=aceite+de+almendras+dulces%2C+petalos+de+rosa+%2C+aceite+esencial+de+rosas+de+damascena%2C+granulos+de+nuez+rallada+beneficios+para+la+piel+de+rostro+por+ingrediente&amp;gs_lp=Egxnd3Mtd2l6LXNlcnAinwFhY2VpdGUgZGUgYWxtZW5kcmFzIGR1bGNlcywgcGV0YWxvcyBkZSByb3NhICwgYWNlaXRlIGVzZW5jaWFsIGRlIHJvc2FzIGRlIGRhbWFzY2VuYSwgZ3JhbnVsb3MgZGUgbnVleiByYWxsYWRhIGJlbmVmaWNpb3MgcGFyYSBsYSBwaWVsIGRlIHJvc3RybyBwb3IgaW5ncmVkaWVudGVI3uAEUIceWNbcBHAGeAGQAQCYAckCoAGrUaoBCTEwLjcxLjAuMbgBA8gBAPgBAZgCRKAChkyoAg_CAgcQIxgnGOoCwgINEC4YxwEYJxjqAhivAcICHxAuGIAEGNEDGEMYtAIY5wYYxwEYyAMYigUY6gLYAQHCAgQQIxgnwgIKECMYgAQYJxiKBcICChAAGIAEGEMYigXCAhAQLhiABBjRAxhDGMcBGIoFwgIKEC4YgAQYQxiKBcICEBAuGIAEGLEDGEMYgwEYigXCAh8QLhiABBixAxhDGIMBGIoFGJcFGNwEGN4EGN8E2AEBwgINEAAYgAQYsQMYFBiHAsICCBAuGIAEGLEDwgIKEAAYgAQYFBiHAsICBRAAGIAEwgIJEAAYgAQYChgLwgIJEC4YgAQYChgLwgIFEC4YgATCAggQABiABBixA8ICBhAAGBYYHsICBRAhGKABwgIEECEYFZgDQvEF9YlmTnTRKXy6BgYIARABGAiSBwY2LjU3LjWgB6q7BLIHBjAuNTcuNbgHrkrCBwsyLTkuMzAuMjYuM8gH5gmACAA&amp;sclient=gws-wiz-serp&amp;mstk=AUtExfDKF5K3B3nN5-GufJr96gmorIVUu3A_2P9ShPl1oRjh0mx-mP5qm1Mbu4vxU2rnJuRPbZJrB8AIveW18pkd_0-OnAqNbwY04zFQLFPpRM7nzIh8bnyosNALqqCXY6AAgzB9TJyDQbJCee5eoPk3cXxmMsCSocjd-YXy95DCK2wnrwUXCQvhkARcEyaeO9dFv4mhMBSpnGrhsNubyH8BJ_Vk0rD9RV342ymFfkJOe6R12MIzmKAUWL5bX8kc8C3ZFhw0D-3IrM_lwwIBQ24knWzY&amp;csui=3\">gr\u00e1nulos de nuez rallada<\/a>\u00a0exfolian suavemente, eliminando c\u00e9lulas muertas y mejorando la luminosidad.<\/li>\n<li>Producto apto veganos y sin tacc.<\/li>\n<li>Esta crema puede utilizarse una vez por semana, cada quince d\u00edas o una vez por mes dependiendo de la necesidad de cada piel.<\/li>\n<li>Contenido: 120 ml<\/li>\n<\/ul>\n","protected":false},"excerpt":{"rendered":"<p>Crema exfoliante rostro almendras, rosa damascena, nuez. Antiedad, antimanchas, renovaci\u00f3n celular, limpieza profunda.piel sensible. Vegana sin TACC, 120ml. \u00a1Rostro radiante!<\/p>\n","protected":false},"featured_media":2443,"comment_status":"open","ping_status":"closed","template":"","meta":{"_uag_custom_page_level_css":"","site-sidebar-layout":"default","site-content-layout":"","ast-site-content-layout":"default","site-content-style":"default","site-sidebar-style":"default","ast-global-header-display":"","ast-banner-title-visibility":"","ast-main-header-display":"","ast-hfb-above-header-display":"","ast-hfb-below-header-display":"","ast-hfb-mobile-header-display":"","site-post-title":"","ast-breadcrumbs-content":"","ast-featured-img":"","footer-sml-layout":"","ast-disable-related-posts":"","theme-transparent-header-meta":"default","adv-header-id-meta":"","stick-header-meta":"","header-above-stick-meta":"","header-main-stick-meta":"","header-below-stick-meta":"","astra-migrate-meta-layouts":"set","ast-page-background-enabled":"default","ast-page-background-meta":{"desktop":{"background-color":"var(--ast-global-color-4)","background-image":"","background-repeat":"repeat","background-position":"center center","background-size":"auto","background-attachment":"scroll","background-type":"","background-media":"","overlay-type":"","overlay-color":"","overlay-opacity":"","overlay-gradient":""},"tablet":{"background-color":"","background-image":"","background-repeat":"repeat","background-position":"center center","background-size":"auto","background-attachment":"scroll","background-type":"","background-media":"","overlay-type":"","overlay-color":"","overlay-opacity":"","overlay-gradient":""},"mobile":{"background-color":"","background-image":"","background-repeat":"repeat","background-position":"center center","background-size":"auto","background-attachment":"scroll","background-type":"","background-media":"","overlay-type":"","overlay-color":"","overlay-opacity":"","overlay-gradient":""}},"ast-content-background-meta":{"desktop":{"background-color":"var(--ast-global-color-5)","background-image":"","background-repeat":"repeat","background-position":"center center","background-size":"auto","background-attachment":"scroll","background-type":"","background-media":"","overlay-type":"","overlay-color":"","overlay-opacity":"","overlay-gradient":""},"tablet":{"background-color":"var(--ast-global-color-5)","background-image":"","background-repeat":"repeat","background-position":"center center","background-size":"auto","background-attachment":"scroll","background-type":"","background-media":"","overlay-type":"","overlay-color":"","overlay-opacity":"","overlay-gradient":""},"mobile":{"background-color":"var(--ast-global-color-5)","background-image":"","background-repeat":"repeat","background-position":"center center","background-size":"auto","background-attachment":"scroll","background-type":"","background-media":"","overlay-type":"","overlay-color":"","overlay-opacity":"","overlay-gradient":""}}},"product_brand":[],"product_cat":[28],"product_tag":[58,57,56,59,22],"class_list":{"0":"post-2533","1":"product","2":"type-product","3":"status-publish","4":"has-post-thumbnail","6":"product_cat-salud-del-rostro","7":"product_tag-almendras","8":"product_tag-exfoliacion","9":"product_tag-limpieza","10":"product_tag-rosas","11":"product_tag-rostro","12":"desktop-align-left","13":"tablet-align-left","14":"mobile-align-left","16":"first","17":"instock","18":"taxable","19":"shipping-taxable","20":"purchasable","21":"product-type-simple"},"uagb_featured_image_src":{"full":["https:\/\/tesainatural.com.ar\/wp-content\/uploads\/2026\/02\/solar.jpg",1066,1600,false],"thumbnail":["https:\/\/tesainatural.com.ar\/wp-content\/uploads\/2026\/02\/solar-150x150.jpg",150,150,true],"medium":["https:\/\/tesainatural.com.ar\/wp-content\/uploads\/2026\/02\/solar-200x300.jpg",200,300,true],"medium_large":["https:\/\/tesainatural.com.ar\/wp-content\/uploads\/2026\/02\/solar-768x1153.jpg",768,1153,true],"large":["https:\/\/tesainatural.com.ar\/wp-content\/uploads\/2026\/02\/solar-682x1024.jpg",682,1024,true],"1536x1536":["https:\/\/tesainatural.com.ar\/wp-content\/uploads\/2026\/02\/solar-1023x1536.jpg",1023,1536,true],"2048x2048":["https:\/\/tesainatural.com.ar\/wp-content\/uploads\/2026\/02\/solar.jpg",1066,1600,false],"trp-custom-language-flag":["https:\/\/tesainatural.com.ar\/wp-content\/uploads\/2026\/02\/solar.jpg",8,12,false],"woocommerce_thumbnail":["https:\/\/tesainatural.com.ar\/wp-content\/uploads\/2026\/02\/solar-300x300.jpg",300,300,true],"woocommerce_single":["https:\/\/tesainatural.com.ar\/wp-content\/uploads\/2026\/02\/solar-600x901.jpg",600,901,true],"woocommerce_gallery_thumbnail":["https:\/\/tesainatural.com.ar\/wp-content\/uploads\/2026\/02\/solar-100x100.jpg",100,100,true]},"uagb_author_info":{"display_name":"Leila Bojorje","author_link":"https:\/\/tesainatural.com.ar\/es_ar\/author\/"},"uagb_comment_info":0,"uagb_excerpt":"Crema exfoliante rostro almendras, rosa damascena, nuez. Antiedad, antimanchas, renovaci\u00f3n celular, limpieza profunda.piel sensible. Vegana sin TACC, 120ml. \u00a1Rostro radiante!","_links":{"self":[{"href":"https:\/\/tesainatural.com.ar\/es_ar\/wp-json\/wp\/v2\/product\/2533","targetHints":{"allow":["GET"]}}],"collection":[{"href":"https:\/\/tesainatural.com.ar\/es_ar\/wp-json\/wp\/v2\/product"}],"about":[{"href":"https:\/\/tesainatural.com.ar\/es_ar\/wp-json\/wp\/v2\/types\/product"}],"replies":[{"embeddable":true,"href":"https:\/\/tesainatural.com.ar\/es_ar\/wp-json\/wp\/v2\/comments?post=2533"}],"wp:featuredmedia":[{"embeddable":true,"href":"https:\/\/tesainatural.com.ar\/es_ar\/wp-json\/wp\/v2\/media\/2443"}],"wp:attachment":[{"href":"https:\/\/tesainatural.com.ar\/es_ar\/wp-json\/wp\/v2\/media?parent=2533"}],"wp:term":[{"taxonomy":"product_brand","embeddable":true,"href":"https:\/\/tesainatural.com.ar\/es_ar\/wp-json\/wp\/v2\/product_brand?post=2533"},{"taxonomy":"product_cat","embeddable":true,"href":"https:\/\/tesainatural.com.ar\/es_ar\/wp-json\/wp\/v2\/product_cat?post=2533"},{"taxonomy":"product_tag","embeddable":true,"href":"https:\/\/tesainatural.com.ar\/es_ar\/wp-json\/wp\/v2\/product_tag?post=2533"}],"curies":[{"name":"wp","href":"https:\/\/api.w.org\/{rel}","templated":true}]}}