{"id":2773,"date":"2026-03-11T18:09:07","date_gmt":"2026-03-11T18:09:07","guid":{"rendered":"https:\/\/tesainatural.com.ar\/?post_type=product&#038;p=2773"},"modified":"2026-04-01T21:27:06","modified_gmt":"2026-04-01T21:27:06","slug":"plantas-medicinales-y-auriculoterapia","status":"publish","type":"product","link":"https:\/\/tesainatural.com.ar\/en\/product\/plantas-medicinales-y-auriculoterapia\/","title":{"rendered":"Plantas Medicinales y Aromaterapia"},"content":{"rendered":"<p class=\"wp-block-spectra-content\" data-spectra-id=\"spectra-f1047efe-5cba-4e55-9685-6c9cf451bb12\">Las plantas medicinales y aceites esenciales poseen principios activos que son quienes nos pueden acompa\u00f1ar a prevenir y disminuir s\u00edntomas f\u00edsicos y emocionales. En una sesi\u00f3n se realiza una entrevista y en base a ella armo un protocolo para acompa\u00f1arte de manera natural ya amorosa. la sesi\u00f3n puede realizarse de forma online o presencial.<\/p>\n<p class=\"wp-block-spectra-content\" data-spectra-id=\"spectra-mlzxvx35-7u5xni\">Duraci\u00f3n de la sesi\u00f3n 1 hora aproximadamente.<\/p>","protected":false},"excerpt":{"rendered":"<p class=\"wp-block-spectra-content\" data-spectra-id=\"spectra-f1047efe-5cba-4e55-9685-6c9cf451bb12\">Las plantas medicinales y aceites esenciales poseen principios activos que son quienes nos pueden acompa\u00f1ar a prevenir y disminuir s\u00edntomas f\u00edsicos y emocionales. En una sesi\u00f3n se realiza una entrevista y en base a ella armo un protocolo para acompa\u00f1arte de manera natural ya amorosa. la sesi\u00f3n puede realizarse de forma online o presencial.<\/p>\n<p class=\"wp-block-spectra-content\" data-spectra-id=\"spectra-mlzxvx35-7u5xni\">Duraci\u00f3n de la sesi\u00f3n 1 hora aproximadamente.<\/p>","protected":false},"featured_media":2617,"comment_status":"open","ping_status":"closed","template":"","meta":{"_uag_custom_page_level_css":"","site-sidebar-layout":"default","site-content-layout":"","ast-site-content-layout":"default","site-content-style":"default","site-sidebar-style":"default","ast-global-header-display":"","ast-banner-title-visibility":"","ast-main-header-display":"","ast-hfb-above-header-display":"","ast-hfb-below-header-display":"","ast-hfb-mobile-header-display":"","site-post-title":"","ast-breadcrumbs-content":"","ast-featured-img":"","footer-sml-layout":"","ast-disable-related-posts":"","theme-transparent-header-meta":"default","adv-header-id-meta":"","stick-header-meta":"","header-above-stick-meta":"","header-main-stick-meta":"","header-below-stick-meta":"","astra-migrate-meta-layouts":"set","ast-page-background-enabled":"default","ast-page-background-meta":{"desktop":{"background-color":"var(--ast-global-color-4)","background-image":"","background-repeat":"repeat","background-position":"center center","background-size":"auto","background-attachment":"scroll","background-type":"","background-media":"","overlay-type":"","overlay-color":"","overlay-opacity":"","overlay-gradient":""},"tablet":{"background-color":"","background-image":"","background-repeat":"repeat","background-position":"center center","background-size":"auto","background-attachment":"scroll","background-type":"","background-media":"","overlay-type":"","overlay-color":"","overlay-opacity":"","overlay-gradient":""},"mobile":{"background-color":"","background-image":"","background-repeat":"repeat","background-position":"center center","background-size":"auto","background-attachment":"scroll","background-type":"","background-media":"","overlay-type":"","overlay-color":"","overlay-opacity":"","overlay-gradient":""}},"ast-content-background-meta":{"desktop":{"background-color":"var(--ast-global-color-5)","background-image":"","background-repeat":"repeat","background-position":"center center","background-size":"auto","background-attachment":"scroll","background-type":"","background-media":"","overlay-type":"","overlay-color":"","overlay-opacity":"","overlay-gradient":""},"tablet":{"background-color":"var(--ast-global-color-5)","background-image":"","background-repeat":"repeat","background-position":"center center","background-size":"auto","background-attachment":"scroll","background-type":"","background-media":"","overlay-type":"","overlay-color":"","overlay-opacity":"","overlay-gradient":""},"mobile":{"background-color":"var(--ast-global-color-5)","background-image":"","background-repeat":"repeat","background-position":"center center","background-size":"auto","background-attachment":"scroll","background-type":"","background-media":"","overlay-type":"","overlay-color":"","overlay-opacity":"","overlay-gradient":""}}},"product_brand":[],"product_cat":[96],"product_tag":[40,115],"class_list":{"0":"post-2773","1":"product","2":"type-product","3":"status-publish","4":"has-post-thumbnail","6":"product_cat-sesiones","7":"product_tag-aceites-esenciales","8":"product_tag-plantas-medicinales","9":"desktop-align-left","10":"tablet-align-left","11":"mobile-align-left","13":"first","14":"instock","15":"virtual","16":"taxable","17":"purchasable","18":"product-type-simple"},"uagb_featured_image_src":{"full":["https:\/\/tesainatural.com.ar\/wp-content\/uploads\/2026\/02\/WhatsApp-Image-2026-02-23-at-1.25.12-PM.jpeg",1080,1080,false],"thumbnail":["https:\/\/tesainatural.com.ar\/wp-content\/uploads\/2026\/02\/WhatsApp-Image-2026-02-23-at-1.25.12-PM-150x150.jpeg",150,150,true],"medium":["https:\/\/tesainatural.com.ar\/wp-content\/uploads\/2026\/02\/WhatsApp-Image-2026-02-23-at-1.25.12-PM-300x300.jpeg",300,300,true],"medium_large":["https:\/\/tesainatural.com.ar\/wp-content\/uploads\/2026\/02\/WhatsApp-Image-2026-02-23-at-1.25.12-PM-768x768.jpeg",768,768,true],"large":["https:\/\/tesainatural.com.ar\/wp-content\/uploads\/2026\/02\/WhatsApp-Image-2026-02-23-at-1.25.12-PM-1024x1024.jpeg",1024,1024,true],"1536x1536":["https:\/\/tesainatural.com.ar\/wp-content\/uploads\/2026\/02\/WhatsApp-Image-2026-02-23-at-1.25.12-PM.jpeg",1080,1080,false],"2048x2048":["https:\/\/tesainatural.com.ar\/wp-content\/uploads\/2026\/02\/WhatsApp-Image-2026-02-23-at-1.25.12-PM.jpeg",1080,1080,false],"trp-custom-language-flag":["https:\/\/tesainatural.com.ar\/wp-content\/uploads\/2026\/02\/WhatsApp-Image-2026-02-23-at-1.25.12-PM.jpeg",12,12,false],"woocommerce_thumbnail":["https:\/\/tesainatural.com.ar\/wp-content\/uploads\/2026\/02\/WhatsApp-Image-2026-02-23-at-1.25.12-PM-300x300.jpeg",300,300,true],"woocommerce_single":["https:\/\/tesainatural.com.ar\/wp-content\/uploads\/2026\/02\/WhatsApp-Image-2026-02-23-at-1.25.12-PM-600x600.jpeg",600,600,true],"woocommerce_gallery_thumbnail":["https:\/\/tesainatural.com.ar\/wp-content\/uploads\/2026\/02\/WhatsApp-Image-2026-02-23-at-1.25.12-PM-100x100.jpeg",100,100,true]},"uagb_author_info":{"display_name":"Leila Bojorje","author_link":"https:\/\/tesainatural.com.ar\/en\/author\/"},"uagb_comment_info":0,"uagb_excerpt":"Las plantas medicinales y aceites esenciales poseen principios activos que son quienes nos pueden acompa\u00f1ar a prevenir y disminuir s\u00edntomas f\u00edsicos y emocionales. En una sesi\u00f3n se realiza una entrevista y en base a ella armo un protocolo para acompa\u00f1arte de manera natural ya amorosa. la sesi\u00f3n puede realizarse de forma online o presencial. Duraci\u00f3n&hellip;","_links":{"self":[{"href":"https:\/\/tesainatural.com.ar\/en\/wp-json\/wp\/v2\/product\/2773","targetHints":{"allow":["GET"]}}],"collection":[{"href":"https:\/\/tesainatural.com.ar\/en\/wp-json\/wp\/v2\/product"}],"about":[{"href":"https:\/\/tesainatural.com.ar\/en\/wp-json\/wp\/v2\/types\/product"}],"replies":[{"embeddable":true,"href":"https:\/\/tesainatural.com.ar\/en\/wp-json\/wp\/v2\/comments?post=2773"}],"wp:featuredmedia":[{"embeddable":true,"href":"https:\/\/tesainatural.com.ar\/en\/wp-json\/wp\/v2\/media\/2617"}],"wp:attachment":[{"href":"https:\/\/tesainatural.com.ar\/en\/wp-json\/wp\/v2\/media?parent=2773"}],"wp:term":[{"taxonomy":"product_brand","embeddable":true,"href":"https:\/\/tesainatural.com.ar\/en\/wp-json\/wp\/v2\/product_brand?post=2773"},{"taxonomy":"product_cat","embeddable":true,"href":"https:\/\/tesainatural.com.ar\/en\/wp-json\/wp\/v2\/product_cat?post=2773"},{"taxonomy":"product_tag","embeddable":true,"href":"https:\/\/tesainatural.com.ar\/en\/wp-json\/wp\/v2\/product_tag?post=2773"}],"curies":[{"name":"wp","href":"https:\/\/api.w.org\/{rel}","templated":true}]}}