{"id":2772,"date":"2026-03-11T18:06:59","date_gmt":"2026-03-11T18:06:59","guid":{"rendered":"https:\/\/tesainatural.com.ar\/?post_type=product&#038;p=2772"},"modified":"2026-04-01T21:28:40","modified_gmt":"2026-04-01T21:28:40","slug":"flores-de-bach","status":"publish","type":"product","link":"https:\/\/tesainatural.com.ar\/en\/product\/flores-de-bach\/","title":{"rendered":"Flores de Bach"},"content":{"rendered":"<p class=\"wp-block-spectra-content\" data-spectra-id=\"spectra-mh31uib0-i7yxnf\">Son 38 esencias naturales que act\u00faan a nivel vibracional y energ\u00e9tico, para transformar emociones negativas buscando la armon\u00eda emocional y el bienestar f\u00edsico, como complemento de la medicina tradicional y sin contraindicaciones. La sesi\u00f3n pueden ser online o presencial y no incluye preparado.<\/p>\n<p class=\"wp-block-spectra-content\" data-spectra-id=\"spectra-mlzx9tsy-868v8y\">Duracion de la sesion 1 hora aproximadamente.<\/p>","protected":false},"excerpt":{"rendered":"<p class=\"wp-block-spectra-content\" data-spectra-id=\"spectra-mh31uib0-i7yxnf\">Son 38 esencias naturales que act\u00faan a nivel vibracional y energ\u00e9tico, para transformar emociones negativas buscando la armon\u00eda emocional y el bienestar f\u00edsico, como complemento de la medicina tradicional y sin contraindicaciones. La sesi\u00f3n pueden ser online o presencial y no incluye preparado.<\/p>\n<p class=\"wp-block-spectra-content\" data-spectra-id=\"spectra-mlzx9tsy-868v8y\">Duracion de la sesion 1 hora aproximadamente.<\/p>","protected":false},"featured_media":2615,"comment_status":"open","ping_status":"closed","template":"","meta":{"_uag_custom_page_level_css":"","site-sidebar-layout":"default","site-content-layout":"","ast-site-content-layout":"default","site-content-style":"default","site-sidebar-style":"default","ast-global-header-display":"","ast-banner-title-visibility":"","ast-main-header-display":"","ast-hfb-above-header-display":"","ast-hfb-below-header-display":"","ast-hfb-mobile-header-display":"","site-post-title":"","ast-breadcrumbs-content":"","ast-featured-img":"","footer-sml-layout":"","ast-disable-related-posts":"","theme-transparent-header-meta":"default","adv-header-id-meta":"","stick-header-meta":"","header-above-stick-meta":"","header-main-stick-meta":"","header-below-stick-meta":"","astra-migrate-meta-layouts":"set","ast-page-background-enabled":"default","ast-page-background-meta":{"desktop":{"background-color":"var(--ast-global-color-4)","background-image":"","background-repeat":"repeat","background-position":"center center","background-size":"auto","background-attachment":"scroll","background-type":"","background-media":"","overlay-type":"","overlay-color":"","overlay-opacity":"","overlay-gradient":""},"tablet":{"background-color":"","background-image":"","background-repeat":"repeat","background-position":"center center","background-size":"auto","background-attachment":"scroll","background-type":"","background-media":"","overlay-type":"","overlay-color":"","overlay-opacity":"","overlay-gradient":""},"mobile":{"background-color":"","background-image":"","background-repeat":"repeat","background-position":"center center","background-size":"auto","background-attachment":"scroll","background-type":"","background-media":"","overlay-type":"","overlay-color":"","overlay-opacity":"","overlay-gradient":""}},"ast-content-background-meta":{"desktop":{"background-color":"var(--ast-global-color-5)","background-image":"","background-repeat":"repeat","background-position":"center center","background-size":"auto","background-attachment":"scroll","background-type":"","background-media":"","overlay-type":"","overlay-color":"","overlay-opacity":"","overlay-gradient":""},"tablet":{"background-color":"var(--ast-global-color-5)","background-image":"","background-repeat":"repeat","background-position":"center center","background-size":"auto","background-attachment":"scroll","background-type":"","background-media":"","overlay-type":"","overlay-color":"","overlay-opacity":"","overlay-gradient":""},"mobile":{"background-color":"var(--ast-global-color-5)","background-image":"","background-repeat":"repeat","background-position":"center center","background-size":"auto","background-attachment":"scroll","background-type":"","background-media":"","overlay-type":"","overlay-color":"","overlay-opacity":"","overlay-gradient":""}}},"product_brand":[],"product_cat":[96],"product_tag":[50,114,113],"class_list":{"0":"post-2772","1":"product","2":"type-product","3":"status-publish","4":"has-post-thumbnail","6":"product_cat-sesiones","7":"product_tag-emociones","8":"product_tag-esencias","9":"product_tag-flores","10":"desktop-align-left","11":"tablet-align-left","12":"mobile-align-left","14":"first","15":"instock","16":"virtual","17":"taxable","18":"purchasable","19":"product-type-simple"},"uagb_featured_image_src":{"full":["https:\/\/tesainatural.com.ar\/wp-content\/uploads\/2026\/02\/WhatsApp-Image-2026-02-23-at-1.25.19-PM.jpeg",1080,1080,false],"thumbnail":["https:\/\/tesainatural.com.ar\/wp-content\/uploads\/2026\/02\/WhatsApp-Image-2026-02-23-at-1.25.19-PM-150x150.jpeg",150,150,true],"medium":["https:\/\/tesainatural.com.ar\/wp-content\/uploads\/2026\/02\/WhatsApp-Image-2026-02-23-at-1.25.19-PM-300x300.jpeg",300,300,true],"medium_large":["https:\/\/tesainatural.com.ar\/wp-content\/uploads\/2026\/02\/WhatsApp-Image-2026-02-23-at-1.25.19-PM-768x768.jpeg",768,768,true],"large":["https:\/\/tesainatural.com.ar\/wp-content\/uploads\/2026\/02\/WhatsApp-Image-2026-02-23-at-1.25.19-PM-1024x1024.jpeg",1024,1024,true],"1536x1536":["https:\/\/tesainatural.com.ar\/wp-content\/uploads\/2026\/02\/WhatsApp-Image-2026-02-23-at-1.25.19-PM.jpeg",1080,1080,false],"2048x2048":["https:\/\/tesainatural.com.ar\/wp-content\/uploads\/2026\/02\/WhatsApp-Image-2026-02-23-at-1.25.19-PM.jpeg",1080,1080,false],"trp-custom-language-flag":["https:\/\/tesainatural.com.ar\/wp-content\/uploads\/2026\/02\/WhatsApp-Image-2026-02-23-at-1.25.19-PM.jpeg",12,12,false],"woocommerce_thumbnail":["https:\/\/tesainatural.com.ar\/wp-content\/uploads\/2026\/02\/WhatsApp-Image-2026-02-23-at-1.25.19-PM-300x300.jpeg",300,300,true],"woocommerce_single":["https:\/\/tesainatural.com.ar\/wp-content\/uploads\/2026\/02\/WhatsApp-Image-2026-02-23-at-1.25.19-PM-600x600.jpeg",600,600,true],"woocommerce_gallery_thumbnail":["https:\/\/tesainatural.com.ar\/wp-content\/uploads\/2026\/02\/WhatsApp-Image-2026-02-23-at-1.25.19-PM-100x100.jpeg",100,100,true]},"uagb_author_info":{"display_name":"Leila Bojorje","author_link":"https:\/\/tesainatural.com.ar\/en\/author\/"},"uagb_comment_info":0,"uagb_excerpt":"Son 38 esencias naturales que act\u00faan a nivel vibracional y energ\u00e9tico, para transformar emociones negativas buscando la armon\u00eda emocional y el bienestar f\u00edsico, como complemento de la medicina tradicional y sin contraindicaciones. La sesi\u00f3n pueden ser online o presencial y no incluye preparado. Duracion de la sesion 1 hora aproximadamente.","_links":{"self":[{"href":"https:\/\/tesainatural.com.ar\/en\/wp-json\/wp\/v2\/product\/2772","targetHints":{"allow":["GET"]}}],"collection":[{"href":"https:\/\/tesainatural.com.ar\/en\/wp-json\/wp\/v2\/product"}],"about":[{"href":"https:\/\/tesainatural.com.ar\/en\/wp-json\/wp\/v2\/types\/product"}],"replies":[{"embeddable":true,"href":"https:\/\/tesainatural.com.ar\/en\/wp-json\/wp\/v2\/comments?post=2772"}],"wp:featuredmedia":[{"embeddable":true,"href":"https:\/\/tesainatural.com.ar\/en\/wp-json\/wp\/v2\/media\/2615"}],"wp:attachment":[{"href":"https:\/\/tesainatural.com.ar\/en\/wp-json\/wp\/v2\/media?parent=2772"}],"wp:term":[{"taxonomy":"product_brand","embeddable":true,"href":"https:\/\/tesainatural.com.ar\/en\/wp-json\/wp\/v2\/product_brand?post=2772"},{"taxonomy":"product_cat","embeddable":true,"href":"https:\/\/tesainatural.com.ar\/en\/wp-json\/wp\/v2\/product_cat?post=2772"},{"taxonomy":"product_tag","embeddable":true,"href":"https:\/\/tesainatural.com.ar\/en\/wp-json\/wp\/v2\/product_tag?post=2772"}],"curies":[{"name":"wp","href":"https:\/\/api.w.org\/{rel}","templated":true}]}}