{"id":2543,"date":"2026-02-20T02:46:35","date_gmt":"2026-02-20T02:46:35","guid":{"rendered":"https:\/\/tesainatural.com.ar\/?post_type=product&#038;p=2543"},"modified":"2026-04-09T00:01:49","modified_gmt":"2026-04-09T00:01:49","slug":"spray-respiratorio","status":"publish","type":"product","link":"https:\/\/tesainatural.com.ar\/en\/product\/spray-respiratorio\/","title":{"rendered":"Spray Respiratorio"},"content":{"rendered":"<p><strong>Ingredientes y Beneficios <\/strong><\/p>\n<ul>\n<li><a href=\"https:\/\/www.google.com\/search?q=Eucalipto&amp;biw=1280&amp;bih=593&amp;sca_esv=285be1eebaca6397&amp;sxsrf=ANbL-n6GZ-wdkYOWH_Pe3O4IVYM1zelgrw%3A1770400475689&amp;ei=2yqGaZLoKcyr1sQPlvKhyAQ&amp;ved=2ahUKEwjhiN7nuMWSAxVzrpUCHSsjCXEQgK4QegQIAxAB&amp;uact=5&amp;oq=aceite+de+menta+%2C+romero+tomillo+y+eucalipyus+para+spray++respiratorio+beneficios+por+ingrediente&amp;gs_lp=Egxnd3Mtd2l6LXNlcnAiYWFjZWl0ZSBkZSBtZW50YSAsIHJvbWVybyB0b21pbGxvIHkgZXVjYWxpcHl1cyBwYXJhIHNwcmF5ICByZXNwaXJhdG9yaW8gYmVuZWZpY2lvcyBwb3IgaW5ncmVkaWVudGVI0p4BUABY9pgBcAB4AZABAJgB1QGgAcgKqgEFMC45LjG4AQPIAQD4AQGYAgKgApADwgIEECEYCpgDAJIHBTAuMS4xoAePF7IHBTAuMS4xuAeQA8IHBTItMS4xyAcSgAgA&amp;sclient=gws-wiz-serp&amp;mstk=AUtExfCObyjZUq3bEaW3atdsrgU76qu8IG2Je0Dm-K07i2xBFlqxZAb5wMbIQbPx6YewyEG2bSn7NQJjvj5IfhubJkzKMfslEb8Gz5IM9_P0Z5SsFiEqavkvyVAgcI420KdCt8i1jr3vQpmEWv7quBAY7AysJzZLqvmu97ybL4sJaR0pxyELCIEFAibm7dnNLvzVuLN7y8ZoprF7Gv5u8KvdpLY7W12EMtgfPcZ0hpdt5l49Q_SslhS41gIukesRrBiQIaBWhDTX-n4V1dLyYU-2tOKP&amp;csui=3\"><strong>Eucalipto<\/strong><\/a><strong>(Eucalyptus globulus):<\/strong>\u00a0Es el principal descongestionante y expectorante. Ayuda a abrir las v\u00edas respiratorias, reducir la inflamaci\u00f3n y facilitar la expulsi\u00f3n de moco. Combate bacterias y virus.<\/li>\n<li><a href=\"https:\/\/www.google.com\/search?q=Menta&amp;biw=1280&amp;bih=593&amp;sca_esv=285be1eebaca6397&amp;sxsrf=ANbL-n6GZ-wdkYOWH_Pe3O4IVYM1zelgrw%3A1770400475689&amp;ei=2yqGaZLoKcyr1sQPlvKhyAQ&amp;ved=2ahUKEwjhiN7nuMWSAxVzrpUCHSsjCXEQgK4QegQIAxAD&amp;uact=5&amp;oq=aceite+de+menta+%2C+romero+tomillo+y+eucalipyus+para+spray++respiratorio+beneficios+por+ingrediente&amp;gs_lp=Egxnd3Mtd2l6LXNlcnAiYWFjZWl0ZSBkZSBtZW50YSAsIHJvbWVybyB0b21pbGxvIHkgZXVjYWxpcHl1cyBwYXJhIHNwcmF5ICByZXNwaXJhdG9yaW8gYmVuZWZpY2lvcyBwb3IgaW5ncmVkaWVudGVI0p4BUABY9pgBcAB4AZABAJgB1QGgAcgKqgEFMC45LjG4AQPIAQD4AQGYAgKgApADwgIEECEYCpgDAJIHBTAuMS4xoAePF7IHBTAuMS4xuAeQA8IHBTItMS4xyAcSgAgA&amp;sclient=gws-wiz-serp&amp;mstk=AUtExfCObyjZUq3bEaW3atdsrgU76qu8IG2Je0Dm-K07i2xBFlqxZAb5wMbIQbPx6YewyEG2bSn7NQJjvj5IfhubJkzKMfslEb8Gz5IM9_P0Z5SsFiEqavkvyVAgcI420KdCt8i1jr3vQpmEWv7quBAY7AysJzZLqvmu97ybL4sJaR0pxyELCIEFAibm7dnNLvzVuLN7y8ZoprF7Gv5u8KvdpLY7W12EMtgfPcZ0hpdt5l49Q_SslhS41gIukesRrBiQIaBWhDTX-n4V1dLyYU-2tOKP&amp;csui=3\"><strong>Menta<\/strong><\/a><strong>(Mentha piperita):<\/strong>\u00a0Rica en mentol, proporciona una sensaci\u00f3n de frescor inmediato, aliviando la nariz tapada y la tensi\u00f3n asociada a la congesti\u00f3n. Es antis\u00e9ptica.<\/li>\n<li><a href=\"https:\/\/www.google.com\/search?q=Tomillo&amp;biw=1280&amp;bih=593&amp;sca_esv=285be1eebaca6397&amp;sxsrf=ANbL-n6GZ-wdkYOWH_Pe3O4IVYM1zelgrw%3A1770400475689&amp;ei=2yqGaZLoKcyr1sQPlvKhyAQ&amp;ved=2ahUKEwjhiN7nuMWSAxVzrpUCHSsjCXEQgK4QegQIAxAF&amp;uact=5&amp;oq=aceite+de+menta+%2C+romero+tomillo+y+eucalipyus+para+spray++respiratorio+beneficios+por+ingrediente&amp;gs_lp=Egxnd3Mtd2l6LXNlcnAiYWFjZWl0ZSBkZSBtZW50YSAsIHJvbWVybyB0b21pbGxvIHkgZXVjYWxpcHl1cyBwYXJhIHNwcmF5ICByZXNwaXJhdG9yaW8gYmVuZWZpY2lvcyBwb3IgaW5ncmVkaWVudGVI0p4BUABY9pgBcAB4AZABAJgB1QGgAcgKqgEFMC45LjG4AQPIAQD4AQGYAgKgApADwgIEECEYCpgDAJIHBTAuMS4xoAePF7IHBTAuMS4xuAeQA8IHBTItMS4xyAcSgAgA&amp;sclient=gws-wiz-serp&amp;mstk=AUtExfCObyjZUq3bEaW3atdsrgU76qu8IG2Je0Dm-K07i2xBFlqxZAb5wMbIQbPx6YewyEG2bSn7NQJjvj5IfhubJkzKMfslEb8Gz5IM9_P0Z5SsFiEqavkvyVAgcI420KdCt8i1jr3vQpmEWv7quBAY7AysJzZLqvmu97ybL4sJaR0pxyELCIEFAibm7dnNLvzVuLN7y8ZoprF7Gv5u8KvdpLY7W12EMtgfPcZ0hpdt5l49Q_SslhS41gIukesRrBiQIaBWhDTX-n4V1dLyYU-2tOKP&amp;csui=3\"><strong>Tomillo<\/strong><\/a><strong>(Thymus vulgaris):<\/strong>\u00a0Act\u00faa como un potente antis\u00e9ptico y antiespasm\u00f3dico, siendo auxiliar en infecciones bronquiales, tos, laringitis y sinusitis. Fortalece el sistema inmunol\u00f3gico.<\/li>\n<li><a href=\"https:\/\/www.google.com\/search?q=Romero&amp;biw=1280&amp;bih=593&amp;sca_esv=285be1eebaca6397&amp;sxsrf=ANbL-n6GZ-wdkYOWH_Pe3O4IVYM1zelgrw%3A1770400475689&amp;ei=2yqGaZLoKcyr1sQPlvKhyAQ&amp;ved=2ahUKEwjhiN7nuMWSAxVzrpUCHSsjCXEQgK4QegQIAxAH&amp;uact=5&amp;oq=aceite+de+menta+%2C+romero+tomillo+y+eucalipyus+para+spray++respiratorio+beneficios+por+ingrediente&amp;gs_lp=Egxnd3Mtd2l6LXNlcnAiYWFjZWl0ZSBkZSBtZW50YSAsIHJvbWVybyB0b21pbGxvIHkgZXVjYWxpcHl1cyBwYXJhIHNwcmF5ICByZXNwaXJhdG9yaW8gYmVuZWZpY2lvcyBwb3IgaW5ncmVkaWVudGVI0p4BUABY9pgBcAB4AZABAJgB1QGgAcgKqgEFMC45LjG4AQPIAQD4AQGYAgKgApADwgIEECEYCpgDAJIHBTAuMS4xoAePF7IHBTAuMS4xuAeQA8IHBTItMS4xyAcSgAgA&amp;sclient=gws-wiz-serp&amp;mstk=AUtExfCObyjZUq3bEaW3atdsrgU76qu8IG2Je0Dm-K07i2xBFlqxZAb5wMbIQbPx6YewyEG2bSn7NQJjvj5IfhubJkzKMfslEb8Gz5IM9_P0Z5SsFiEqavkvyVAgcI420KdCt8i1jr3vQpmEWv7quBAY7AysJzZLqvmu97ybL4sJaR0pxyELCIEFAibm7dnNLvzVuLN7y8ZoprF7Gv5u8KvdpLY7W12EMtgfPcZ0hpdt5l49Q_SslhS41gIukesRrBiQIaBWhDTX-n4V1dLyYU-2tOKP&amp;csui=3\"><strong>Romero<\/strong><\/a><strong>(Rosmarinus officinalis):<\/strong>\u00a0Ayuda a la descongesti\u00f3n y act\u00faa como antiinflamatorio, adem\u00e1s de mejorar la circulaci\u00f3n y aportar un aroma estimulante que alivia la fatiga f\u00edsica.<\/li>\n<li><strong>Apto veganos y sin tacc<\/strong><\/li>\n<li><strong>Contenido: 30 cc\u00a0<\/strong><\/li>\n<\/ul>","protected":false},"excerpt":{"rendered":"<p>Spray respiratorio natural eucalipto, menta, tomillo, romero. Descongestiona, expectora, gripe refresca\/sinusitis. Vegano sin TACC, 30cc. \u00a1Respira ya!<\/p>","protected":false},"featured_media":2472,"comment_status":"open","ping_status":"closed","template":"","meta":{"_uag_custom_page_level_css":"","site-sidebar-layout":"default","site-content-layout":"","ast-site-content-layout":"default","site-content-style":"default","site-sidebar-style":"default","ast-global-header-display":"","ast-banner-title-visibility":"","ast-main-header-display":"","ast-hfb-above-header-display":"","ast-hfb-below-header-display":"","ast-hfb-mobile-header-display":"","site-post-title":"","ast-breadcrumbs-content":"","ast-featured-img":"","footer-sml-layout":"","ast-disable-related-posts":"","theme-transparent-header-meta":"default","adv-header-id-meta":"","stick-header-meta":"","header-above-stick-meta":"","header-main-stick-meta":"","header-below-stick-meta":"","astra-migrate-meta-layouts":"set","ast-page-background-enabled":"default","ast-page-background-meta":{"desktop":{"background-color":"var(--ast-global-color-4)","background-image":"","background-repeat":"repeat","background-position":"center center","background-size":"auto","background-attachment":"scroll","background-type":"","background-media":"","overlay-type":"","overlay-color":"","overlay-opacity":"","overlay-gradient":""},"tablet":{"background-color":"","background-image":"","background-repeat":"repeat","background-position":"center center","background-size":"auto","background-attachment":"scroll","background-type":"","background-media":"","overlay-type":"","overlay-color":"","overlay-opacity":"","overlay-gradient":""},"mobile":{"background-color":"","background-image":"","background-repeat":"repeat","background-position":"center center","background-size":"auto","background-attachment":"scroll","background-type":"","background-media":"","overlay-type":"","overlay-color":"","overlay-opacity":"","overlay-gradient":""}},"ast-content-background-meta":{"desktop":{"background-color":"var(--ast-global-color-5)","background-image":"","background-repeat":"repeat","background-position":"center center","background-size":"auto","background-attachment":"scroll","background-type":"","background-media":"","overlay-type":"","overlay-color":"","overlay-opacity":"","overlay-gradient":""},"tablet":{"background-color":"var(--ast-global-color-5)","background-image":"","background-repeat":"repeat","background-position":"center center","background-size":"auto","background-attachment":"scroll","background-type":"","background-media":"","overlay-type":"","overlay-color":"","overlay-opacity":"","overlay-gradient":""},"mobile":{"background-color":"var(--ast-global-color-5)","background-image":"","background-repeat":"repeat","background-position":"center center","background-size":"auto","background-attachment":"scroll","background-type":"","background-media":"","overlay-type":"","overlay-color":"","overlay-opacity":"","overlay-gradient":""}}},"product_brand":[],"product_cat":[71],"product_tag":[40,74,72],"class_list":{"0":"post-2543","1":"product","2":"type-product","3":"status-publish","4":"has-post-thumbnail","6":"product_cat-salud-respiratotia","7":"product_tag-aceites-esenciales","8":"product_tag-congestion","9":"product_tag-respiracion","10":"desktop-align-left","11":"tablet-align-left","12":"mobile-align-left","14":"first","15":"instock","16":"taxable","17":"shipping-taxable","18":"purchasable","19":"product-type-simple"},"uagb_featured_image_src":{"full":["https:\/\/tesainatural.com.ar\/wp-content\/uploads\/2026\/02\/WhatsApp-Image-2026-02-19-at-7.41.42-PM.jpeg",1129,1600,false],"thumbnail":["https:\/\/tesainatural.com.ar\/wp-content\/uploads\/2026\/02\/WhatsApp-Image-2026-02-19-at-7.41.42-PM-150x150.jpeg",150,150,true],"medium":["https:\/\/tesainatural.com.ar\/wp-content\/uploads\/2026\/02\/WhatsApp-Image-2026-02-19-at-7.41.42-PM-212x300.jpeg",212,300,true],"medium_large":["https:\/\/tesainatural.com.ar\/wp-content\/uploads\/2026\/02\/WhatsApp-Image-2026-02-19-at-7.41.42-PM-768x1088.jpeg",768,1088,true],"large":["https:\/\/tesainatural.com.ar\/wp-content\/uploads\/2026\/02\/WhatsApp-Image-2026-02-19-at-7.41.42-PM-723x1024.jpeg",723,1024,true],"1536x1536":["https:\/\/tesainatural.com.ar\/wp-content\/uploads\/2026\/02\/WhatsApp-Image-2026-02-19-at-7.41.42-PM-1084x1536.jpeg",1084,1536,true],"2048x2048":["https:\/\/tesainatural.com.ar\/wp-content\/uploads\/2026\/02\/WhatsApp-Image-2026-02-19-at-7.41.42-PM.jpeg",1129,1600,false],"trp-custom-language-flag":["https:\/\/tesainatural.com.ar\/wp-content\/uploads\/2026\/02\/WhatsApp-Image-2026-02-19-at-7.41.42-PM.jpeg",8,12,false],"woocommerce_thumbnail":["https:\/\/tesainatural.com.ar\/wp-content\/uploads\/2026\/02\/WhatsApp-Image-2026-02-19-at-7.41.42-PM-300x300.jpeg",300,300,true],"woocommerce_single":["https:\/\/tesainatural.com.ar\/wp-content\/uploads\/2026\/02\/WhatsApp-Image-2026-02-19-at-7.41.42-PM-600x850.jpeg",600,850,true],"woocommerce_gallery_thumbnail":["https:\/\/tesainatural.com.ar\/wp-content\/uploads\/2026\/02\/WhatsApp-Image-2026-02-19-at-7.41.42-PM-100x100.jpeg",100,100,true]},"uagb_author_info":{"display_name":"Leila Bojorje","author_link":"https:\/\/tesainatural.com.ar\/en\/author\/"},"uagb_comment_info":0,"uagb_excerpt":"Spray respiratorio natural eucalipto, menta, tomillo, romero. Descongestiona, expectora, gripe refresca\/sinusitis. Vegano sin TACC, 30cc. \u00a1Respira ya!","_links":{"self":[{"href":"https:\/\/tesainatural.com.ar\/en\/wp-json\/wp\/v2\/product\/2543","targetHints":{"allow":["GET"]}}],"collection":[{"href":"https:\/\/tesainatural.com.ar\/en\/wp-json\/wp\/v2\/product"}],"about":[{"href":"https:\/\/tesainatural.com.ar\/en\/wp-json\/wp\/v2\/types\/product"}],"replies":[{"embeddable":true,"href":"https:\/\/tesainatural.com.ar\/en\/wp-json\/wp\/v2\/comments?post=2543"}],"wp:featuredmedia":[{"embeddable":true,"href":"https:\/\/tesainatural.com.ar\/en\/wp-json\/wp\/v2\/media\/2472"}],"wp:attachment":[{"href":"https:\/\/tesainatural.com.ar\/en\/wp-json\/wp\/v2\/media?parent=2543"}],"wp:term":[{"taxonomy":"product_brand","embeddable":true,"href":"https:\/\/tesainatural.com.ar\/en\/wp-json\/wp\/v2\/product_brand?post=2543"},{"taxonomy":"product_cat","embeddable":true,"href":"https:\/\/tesainatural.com.ar\/en\/wp-json\/wp\/v2\/product_cat?post=2543"},{"taxonomy":"product_tag","embeddable":true,"href":"https:\/\/tesainatural.com.ar\/en\/wp-json\/wp\/v2\/product_tag?post=2543"}],"curies":[{"name":"wp","href":"https:\/\/api.w.org\/{rel}","templated":true}]}}