{"id":2542,"date":"2026-02-20T02:44:35","date_gmt":"2026-02-20T02:44:35","guid":{"rendered":"https:\/\/tesainatural.com.ar\/?post_type=product&#038;p=2542"},"modified":"2026-04-02T02:23:12","modified_gmt":"2026-04-02T02:23:12","slug":"crema-respiratoria","status":"publish","type":"product","link":"https:\/\/tesainatural.com.ar\/en\/product\/crema-respiratoria\/","title":{"rendered":"Crema Respiratoria"},"content":{"rendered":"<p><em><strong>Ingredientes y Beneficios <\/strong><\/em><\/p>\n<ul>\n<li><strong>Aceite de Menta (Mentha piperita):<\/strong> Descongestionante y refrescante.<\/li>\n<\/ul>\n<p>Gracias al mentol, alivia la irritaci\u00f3n de las v\u00edas respiratorias, suprime la tos y facilita la respiraci\u00f3n al despejar la nariz y bronquios.<\/p>\n<ul>\n<li><strong>Aceite de Romero (Rosmarinus officinalis):<\/strong> Antis\u00e9ptico y antiinflamatorio.<\/li>\n<\/ul>\n<p>Ayuda a reducir la inflamaci\u00f3n, act\u00faa como expectorante y mejora la circulaci\u00f3n sangu\u00ednea, lo que es \u00fatil para relajar tensiones musculares relacionadas con la tos.<\/p>\n<ul>\n<li><strong>Aceite de Tomillo (Thymus vulgaris<\/strong>): \u00a0Antibacteriano, antiv\u00edrico y expectorante.Es el pilar en cremas respiratorias para tratar tos, bronquitis y resfriados, ayudando a expulsar la mucosidad y combatiendo infecciones.<\/li>\n<li><strong>Tintura Madre de Alcanfor:<\/strong> Mucol\u00edtico y analg\u00e9sico.<\/li>\n<\/ul>\n<p>Descongestiona profundamente al fluidificar las secreciones (mucosidad) y proporciona un efecto reconfortante y de calor local, aliviando dolores de pecho y espalda por la gripe.<\/p>\n<ul>\n<li><strong>Apto veganos y sin tacc<\/strong><\/li>\n<li><strong>Contenido: 100 gr \u00a0<\/strong><\/li>\n<\/ul>","protected":false},"excerpt":{"rendered":"<p>Crema respiratoria natural menta, romero, tomillo, alcanfor. Descongestiona, expectora tos, bronquitis. Vegana sin TACC, 100gr.<\/p>","protected":false},"featured_media":2523,"comment_status":"open","ping_status":"closed","template":"","meta":{"_uag_custom_page_level_css":"","site-sidebar-layout":"default","site-content-layout":"","ast-site-content-layout":"default","site-content-style":"default","site-sidebar-style":"default","ast-global-header-display":"","ast-banner-title-visibility":"","ast-main-header-display":"","ast-hfb-above-header-display":"","ast-hfb-below-header-display":"","ast-hfb-mobile-header-display":"","site-post-title":"","ast-breadcrumbs-content":"","ast-featured-img":"","footer-sml-layout":"","ast-disable-related-posts":"","theme-transparent-header-meta":"default","adv-header-id-meta":"","stick-header-meta":"","header-above-stick-meta":"","header-main-stick-meta":"","header-below-stick-meta":"","astra-migrate-meta-layouts":"set","ast-page-background-enabled":"default","ast-page-background-meta":{"desktop":{"background-color":"var(--ast-global-color-4)","background-image":"","background-repeat":"repeat","background-position":"center center","background-size":"auto","background-attachment":"scroll","background-type":"","background-media":"","overlay-type":"","overlay-color":"","overlay-opacity":"","overlay-gradient":""},"tablet":{"background-color":"","background-image":"","background-repeat":"repeat","background-position":"center center","background-size":"auto","background-attachment":"scroll","background-type":"","background-media":"","overlay-type":"","overlay-color":"","overlay-opacity":"","overlay-gradient":""},"mobile":{"background-color":"","background-image":"","background-repeat":"repeat","background-position":"center center","background-size":"auto","background-attachment":"scroll","background-type":"","background-media":"","overlay-type":"","overlay-color":"","overlay-opacity":"","overlay-gradient":""}},"ast-content-background-meta":{"desktop":{"background-color":"var(--ast-global-color-5)","background-image":"","background-repeat":"repeat","background-position":"center center","background-size":"auto","background-attachment":"scroll","background-type":"","background-media":"","overlay-type":"","overlay-color":"","overlay-opacity":"","overlay-gradient":""},"tablet":{"background-color":"var(--ast-global-color-5)","background-image":"","background-repeat":"repeat","background-position":"center center","background-size":"auto","background-attachment":"scroll","background-type":"","background-media":"","overlay-type":"","overlay-color":"","overlay-opacity":"","overlay-gradient":""},"mobile":{"background-color":"var(--ast-global-color-5)","background-image":"","background-repeat":"repeat","background-position":"center center","background-size":"auto","background-attachment":"scroll","background-type":"","background-media":"","overlay-type":"","overlay-color":"","overlay-opacity":"","overlay-gradient":""}}},"product_brand":[],"product_cat":[71],"product_tag":[73,74,41,72,75],"class_list":{"0":"post-2542","1":"product","2":"type-product","3":"status-publish","4":"has-post-thumbnail","6":"product_cat-salud-respiratotia","7":"product_tag-alcanfor","8":"product_tag-congestion","9":"product_tag-menta","10":"product_tag-respiracion","11":"product_tag-tos","12":"desktop-align-left","13":"tablet-align-left","14":"mobile-align-left","16":"first","17":"instock","18":"taxable","19":"shipping-taxable","20":"purchasable","21":"product-type-simple"},"uagb_featured_image_src":{"full":["https:\/\/tesainatural.com.ar\/wp-content\/uploads\/2026\/02\/WhatsApp-Image-2026-02-19-at-10.48.14-PM.jpeg",1066,1600,false],"thumbnail":["https:\/\/tesainatural.com.ar\/wp-content\/uploads\/2026\/02\/WhatsApp-Image-2026-02-19-at-10.48.14-PM-150x150.jpeg",150,150,true],"medium":["https:\/\/tesainatural.com.ar\/wp-content\/uploads\/2026\/02\/WhatsApp-Image-2026-02-19-at-10.48.14-PM-200x300.jpeg",200,300,true],"medium_large":["https:\/\/tesainatural.com.ar\/wp-content\/uploads\/2026\/02\/WhatsApp-Image-2026-02-19-at-10.48.14-PM-768x1153.jpeg",768,1153,true],"large":["https:\/\/tesainatural.com.ar\/wp-content\/uploads\/2026\/02\/WhatsApp-Image-2026-02-19-at-10.48.14-PM-682x1024.jpeg",682,1024,true],"1536x1536":["https:\/\/tesainatural.com.ar\/wp-content\/uploads\/2026\/02\/WhatsApp-Image-2026-02-19-at-10.48.14-PM-1023x1536.jpeg",1023,1536,true],"2048x2048":["https:\/\/tesainatural.com.ar\/wp-content\/uploads\/2026\/02\/WhatsApp-Image-2026-02-19-at-10.48.14-PM.jpeg",1066,1600,false],"trp-custom-language-flag":["https:\/\/tesainatural.com.ar\/wp-content\/uploads\/2026\/02\/WhatsApp-Image-2026-02-19-at-10.48.14-PM.jpeg",8,12,false],"woocommerce_thumbnail":["https:\/\/tesainatural.com.ar\/wp-content\/uploads\/2026\/02\/WhatsApp-Image-2026-02-19-at-10.48.14-PM-300x300.jpeg",300,300,true],"woocommerce_single":["https:\/\/tesainatural.com.ar\/wp-content\/uploads\/2026\/02\/WhatsApp-Image-2026-02-19-at-10.48.14-PM-600x901.jpeg",600,901,true],"woocommerce_gallery_thumbnail":["https:\/\/tesainatural.com.ar\/wp-content\/uploads\/2026\/02\/WhatsApp-Image-2026-02-19-at-10.48.14-PM-100x100.jpeg",100,100,true]},"uagb_author_info":{"display_name":"Leila Bojorje","author_link":"https:\/\/tesainatural.com.ar\/en\/author\/"},"uagb_comment_info":0,"uagb_excerpt":"Crema respiratoria natural menta, romero, tomillo, alcanfor. Descongestiona, expectora tos, bronquitis. Vegana sin TACC, 100gr.","_links":{"self":[{"href":"https:\/\/tesainatural.com.ar\/en\/wp-json\/wp\/v2\/product\/2542","targetHints":{"allow":["GET"]}}],"collection":[{"href":"https:\/\/tesainatural.com.ar\/en\/wp-json\/wp\/v2\/product"}],"about":[{"href":"https:\/\/tesainatural.com.ar\/en\/wp-json\/wp\/v2\/types\/product"}],"replies":[{"embeddable":true,"href":"https:\/\/tesainatural.com.ar\/en\/wp-json\/wp\/v2\/comments?post=2542"}],"wp:featuredmedia":[{"embeddable":true,"href":"https:\/\/tesainatural.com.ar\/en\/wp-json\/wp\/v2\/media\/2523"}],"wp:attachment":[{"href":"https:\/\/tesainatural.com.ar\/en\/wp-json\/wp\/v2\/media?parent=2542"}],"wp:term":[{"taxonomy":"product_brand","embeddable":true,"href":"https:\/\/tesainatural.com.ar\/en\/wp-json\/wp\/v2\/product_brand?post=2542"},{"taxonomy":"product_cat","embeddable":true,"href":"https:\/\/tesainatural.com.ar\/en\/wp-json\/wp\/v2\/product_cat?post=2542"},{"taxonomy":"product_tag","embeddable":true,"href":"https:\/\/tesainatural.com.ar\/en\/wp-json\/wp\/v2\/product_tag?post=2542"}],"curies":[{"name":"wp","href":"https:\/\/api.w.org\/{rel}","templated":true}]}}