{"id":2540,"date":"2026-02-20T02:39:15","date_gmt":"2026-02-20T02:39:15","guid":{"rendered":"https:\/\/tesainatural.com.ar\/?post_type=product&#038;p=2540"},"modified":"2026-04-02T02:27:58","modified_gmt":"2026-04-02T02:27:58","slug":"acondicionador","status":"publish","type":"product","link":"https:\/\/tesainatural.com.ar\/en\/product\/acondicionador\/","title":{"rendered":"Acondicionador"},"content":{"rendered":"<p><strong>\u00a0Ingredientes y Beneficios: <\/strong><\/p>\n<ul>\n<li><a href=\"https:\/\/www.google.com\/search?q=Aceite+de+Almendras&amp;biw=1280&amp;bih=593&amp;sca_esv=285be1eebaca6397&amp;sxsrf=ANbL-n6KF1IADgF_TDZzH5MjOQ7uH0rVhQ%3A1770399573291&amp;ei=VSeGaai1EfrC5OUP5ZTO0QQ&amp;ved=2ahUKEwiS8pDgtMWSAxWXALkGHY7_MLUQgK4QegQIBBAB&amp;uact=5&amp;oq=aceite+de+almendras+y+oliva++aceite+esencial+de+naranja+y+romero+%2C+btms++beneficios+capilares+por+ingredientes&amp;gs_lp=Egxnd3Mtd2l6LXNlcnAibmFjZWl0ZSBkZSBhbG1lbmRyYXMgeSBvbGl2YSAgYWNlaXRlIGVzZW5jaWFsIGRlIG5hcmFuamEgeSByb21lcm8gLCBidG1zICBiZW5lZmljaW9zIGNhcGlsYXJlcyBwb3IgaW5ncmVkaWVudGVzSO3GAVAAWIKtAXAAeACQAQCYAXOgAdcHqgEDNy4zuAEDyAEA-AEBmAIAoAIAmAMAkgcAoAeJELIHALgHAMIHAMgHAIAIAA&amp;sclient=gws-wiz-serp&amp;mstk=AUtExfA1GpS4S_r5lnZX4KArXy4VgfTvLpF84eneOZa4NasHqty7PQOtlAkUb7UeMpHMI1fHWBcpMuuYy4Np1b5_2kaNh6GXZRF2DjJXFpM_9wdEEXDerpFtcgQsCY84iJRjOcQrIAe86jY9vU_STALYtuxXniomZuOTol6zlwpRQqBxFuXHrJwmRZAsrbQ_VCUAoT-evZyqoKMhEZND0vU7FBAn0mxfZs_XksXEXQu2x3KvfWuztELc3tV4kP3eS20c3DG2vUhzmjWD1h_qXtXhN4mp&amp;csui=3\"><strong>Aceite de Almendras<\/strong><\/a><strong>:<\/strong><strong>Hidrata, suaviza y repara puntas abiertas, aportando brillo y elasticidad.<\/strong><\/li>\n<li><a href=\"https:\/\/www.google.com\/search?q=Aceite+de+Oliva+%28AOVE%29&amp;biw=1280&amp;bih=593&amp;sca_esv=285be1eebaca6397&amp;sxsrf=ANbL-n6KF1IADgF_TDZzH5MjOQ7uH0rVhQ%3A1770399573291&amp;ei=VSeGaai1EfrC5OUP5ZTO0QQ&amp;ved=2ahUKEwiS8pDgtMWSAxWXALkGHY7_MLUQgK4QegQIBBAD&amp;uact=5&amp;oq=aceite+de+almendras+y+oliva++aceite+esencial+de+naranja+y+romero+%2C+btms++beneficios+capilares+por+ingredientes&amp;gs_lp=Egxnd3Mtd2l6LXNlcnAibmFjZWl0ZSBkZSBhbG1lbmRyYXMgeSBvbGl2YSAgYWNlaXRlIGVzZW5jaWFsIGRlIG5hcmFuamEgeSByb21lcm8gLCBidG1zICBiZW5lZmljaW9zIGNhcGlsYXJlcyBwb3IgaW5ncmVkaWVudGVzSO3GAVAAWIKtAXAAeACQAQCYAXOgAdcHqgEDNy4zuAEDyAEA-AEBmAIAoAIAmAMAkgcAoAeJELIHALgHAMIHAMgHAIAIAA&amp;sclient=gws-wiz-serp&amp;mstk=AUtExfA1GpS4S_r5lnZX4KArXy4VgfTvLpF84eneOZa4NasHqty7PQOtlAkUb7UeMpHMI1fHWBcpMuuYy4Np1b5_2kaNh6GXZRF2DjJXFpM_9wdEEXDerpFtcgQsCY84iJRjOcQrIAe86jY9vU_STALYtuxXniomZuOTol6zlwpRQqBxFuXHrJwmRZAsrbQ_VCUAoT-evZyqoKMhEZND0vU7FBAn0mxfZs_XksXEXQu2x3KvfWuztELc3tV4kP3eS20c3DG2vUhzmjWD1h_qXtXhN4mp&amp;csui=3\"><strong>Aceite de Oliva (AOVE)<\/strong><\/a><strong>:<\/strong><strong>Rico en nutrientes que fortalecen el fol\u00edculo, reducen el\u00a0<em>frizz<\/em>\u00a0y reparan profundamente el cabello seco y da\u00f1ado.<\/strong><\/li>\n<li><a href=\"https:\/\/www.google.com\/search?q=Aceite+Esencial+de+Romero&amp;biw=1280&amp;bih=593&amp;sca_esv=285be1eebaca6397&amp;sxsrf=ANbL-n6KF1IADgF_TDZzH5MjOQ7uH0rVhQ%3A1770399573291&amp;ei=VSeGaai1EfrC5OUP5ZTO0QQ&amp;ved=2ahUKEwiS8pDgtMWSAxWXALkGHY7_MLUQgK4QegQIBBAF&amp;uact=5&amp;oq=aceite+de+almendras+y+oliva++aceite+esencial+de+naranja+y+romero+%2C+btms++beneficios+capilares+por+ingredientes&amp;gs_lp=Egxnd3Mtd2l6LXNlcnAibmFjZWl0ZSBkZSBhbG1lbmRyYXMgeSBvbGl2YSAgYWNlaXRlIGVzZW5jaWFsIGRlIG5hcmFuamEgeSByb21lcm8gLCBidG1zICBiZW5lZmljaW9zIGNhcGlsYXJlcyBwb3IgaW5ncmVkaWVudGVzSO3GAVAAWIKtAXAAeACQAQCYAXOgAdcHqgEDNy4zuAEDyAEA-AEBmAIAoAIAmAMAkgcAoAeJELIHALgHAMIHAMgHAIAIAA&amp;sclient=gws-wiz-serp&amp;mstk=AUtExfA1GpS4S_r5lnZX4KArXy4VgfTvLpF84eneOZa4NasHqty7PQOtlAkUb7UeMpHMI1fHWBcpMuuYy4Np1b5_2kaNh6GXZRF2DjJXFpM_9wdEEXDerpFtcgQsCY84iJRjOcQrIAe86jY9vU_STALYtuxXniomZuOTol6zlwpRQqBxFuXHrJwmRZAsrbQ_VCUAoT-evZyqoKMhEZND0vU7FBAn0mxfZs_XksXEXQu2x3KvfWuztELc3tV4kP3eS20c3DG2vUhzmjWD1h_qXtXhN4mp&amp;csui=3\"><strong>Aceite Esencial de Romero<\/strong><\/a><strong>:<\/strong><strong>Estimula la circulaci\u00f3n en el cuero cabelludo, promoviendo el crecimiento, fortaleciendo la ra\u00edz y ayudando a frenar la ca\u00edda.<\/strong><\/li>\n<li><a href=\"https:\/\/www.google.com\/search?q=Aceite+Esencial+de+Naranja&amp;biw=1280&amp;bih=593&amp;sca_esv=285be1eebaca6397&amp;sxsrf=ANbL-n6KF1IADgF_TDZzH5MjOQ7uH0rVhQ%3A1770399573291&amp;ei=VSeGaai1EfrC5OUP5ZTO0QQ&amp;ved=2ahUKEwiS8pDgtMWSAxWXALkGHY7_MLUQgK4QegQIBBAH&amp;uact=5&amp;oq=aceite+de+almendras+y+oliva++aceite+esencial+de+naranja+y+romero+%2C+btms++beneficios+capilares+por+ingredientes&amp;gs_lp=Egxnd3Mtd2l6LXNlcnAibmFjZWl0ZSBkZSBhbG1lbmRyYXMgeSBvbGl2YSAgYWNlaXRlIGVzZW5jaWFsIGRlIG5hcmFuamEgeSByb21lcm8gLCBidG1zICBiZW5lZmljaW9zIGNhcGlsYXJlcyBwb3IgaW5ncmVkaWVudGVzSO3GAVAAWIKtAXAAeACQAQCYAXOgAdcHqgEDNy4zuAEDyAEA-AEBmAIAoAIAmAMAkgcAoAeJELIHALgHAMIHAMgHAIAIAA&amp;sclient=gws-wiz-serp&amp;mstk=AUtExfA1GpS4S_r5lnZX4KArXy4VgfTvLpF84eneOZa4NasHqty7PQOtlAkUb7UeMpHMI1fHWBcpMuuYy4Np1b5_2kaNh6GXZRF2DjJXFpM_9wdEEXDerpFtcgQsCY84iJRjOcQrIAe86jY9vU_STALYtuxXniomZuOTol6zlwpRQqBxFuXHrJwmRZAsrbQ_VCUAoT-evZyqoKMhEZND0vU7FBAn0mxfZs_XksXEXQu2x3KvfWuztELc3tV4kP3eS20c3DG2vUhzmjWD1h_qXtXhN4mp&amp;csui=3\"><strong>Aceite Esencial de Naranja<\/strong><\/a><strong>:<\/strong><strong>Aporta vitamina C, hidrata el cuero cabelludo seco, combate la caspa y proporciona brillo y volumen.<\/strong><\/li>\n<li><a href=\"https:\/\/www.google.com\/search?q=BTMS+%28Behentrimonium+Methosulfate%29&amp;biw=1280&amp;bih=593&amp;sca_esv=285be1eebaca6397&amp;sxsrf=ANbL-n6KF1IADgF_TDZzH5MjOQ7uH0rVhQ%3A1770399573291&amp;ei=VSeGaai1EfrC5OUP5ZTO0QQ&amp;ved=2ahUKEwiS8pDgtMWSAxWXALkGHY7_MLUQgK4QegQIBBAJ&amp;uact=5&amp;oq=aceite+de+almendras+y+oliva++aceite+esencial+de+naranja+y+romero+%2C+btms++beneficios+capilares+por+ingredientes&amp;gs_lp=Egxnd3Mtd2l6LXNlcnAibmFjZWl0ZSBkZSBhbG1lbmRyYXMgeSBvbGl2YSAgYWNlaXRlIGVzZW5jaWFsIGRlIG5hcmFuamEgeSByb21lcm8gLCBidG1zICBiZW5lZmljaW9zIGNhcGlsYXJlcyBwb3IgaW5ncmVkaWVudGVzSO3GAVAAWIKtAXAAeACQAQCYAXOgAdcHqgEDNy4zuAEDyAEA-AEBmAIAoAIAmAMAkgcAoAeJELIHALgHAMIHAMgHAIAIAA&amp;sclient=gws-wiz-serp&amp;mstk=AUtExfA1GpS4S_r5lnZX4KArXy4VgfTvLpF84eneOZa4NasHqty7PQOtlAkUb7UeMpHMI1fHWBcpMuuYy4Np1b5_2kaNh6GXZRF2DjJXFpM_9wdEEXDerpFtcgQsCY84iJRjOcQrIAe86jY9vU_STALYtuxXniomZuOTol6zlwpRQqBxFuXHrJwmRZAsrbQ_VCUAoT-evZyqoKMhEZND0vU7FBAn0mxfZs_XksXEXQu2x3KvfWuztELc3tV4kP3eS20c3DG2vUhzmjWD1h_qXtXhN4mp&amp;csui=3\"><strong>BTMS (Behentrimonium Methosulfate)<\/strong><\/a><strong>:<\/strong><strong>Emulsionante y acondicionador cati\u00f3nico que suaviza, desenreda, reduce la est\u00e1tica y aporta una textura untuosa a las cremas o mascarillas, mejorando la manejabilidad.\u00a0<\/strong><\/li>\n<li><strong>Apto veganos y sin tacc<\/strong><\/li>\n<li><strong>Contenido: 100 gr <\/strong><\/li>\n<\/ul>","protected":false},"excerpt":{"rendered":"<p>Acondicionador almendras, oliva, romero, naranja, BTMS. Desenreda, repara el frizz, fortalece, antica\u00edda. Vegano sin TACC, 100gr. \u00a1Cabello sedoso ya!<\/p>","protected":false},"featured_media":2519,"comment_status":"open","ping_status":"closed","template":"","meta":{"_uag_custom_page_level_css":"","site-sidebar-layout":"default","site-content-layout":"","ast-site-content-layout":"default","site-content-style":"default","site-sidebar-style":"default","ast-global-header-display":"","ast-banner-title-visibility":"","ast-main-header-display":"","ast-hfb-above-header-display":"","ast-hfb-below-header-display":"","ast-hfb-mobile-header-display":"","site-post-title":"","ast-breadcrumbs-content":"","ast-featured-img":"","footer-sml-layout":"","ast-disable-related-posts":"","theme-transparent-header-meta":"default","adv-header-id-meta":"","stick-header-meta":"","header-above-stick-meta":"","header-main-stick-meta":"","header-below-stick-meta":"","astra-migrate-meta-layouts":"set","ast-page-background-enabled":"default","ast-page-background-meta":{"desktop":{"background-color":"var(--ast-global-color-4)","background-image":"","background-repeat":"repeat","background-position":"center center","background-size":"auto","background-attachment":"scroll","background-type":"","background-media":"","overlay-type":"","overlay-color":"","overlay-opacity":"","overlay-gradient":""},"tablet":{"background-color":"","background-image":"","background-repeat":"repeat","background-position":"center center","background-size":"auto","background-attachment":"scroll","background-type":"","background-media":"","overlay-type":"","overlay-color":"","overlay-opacity":"","overlay-gradient":""},"mobile":{"background-color":"","background-image":"","background-repeat":"repeat","background-position":"center center","background-size":"auto","background-attachment":"scroll","background-type":"","background-media":"","overlay-type":"","overlay-color":"","overlay-opacity":"","overlay-gradient":""}},"ast-content-background-meta":{"desktop":{"background-color":"var(--ast-global-color-5)","background-image":"","background-repeat":"repeat","background-position":"center center","background-size":"auto","background-attachment":"scroll","background-type":"","background-media":"","overlay-type":"","overlay-color":"","overlay-opacity":"","overlay-gradient":""},"tablet":{"background-color":"var(--ast-global-color-5)","background-image":"","background-repeat":"repeat","background-position":"center center","background-size":"auto","background-attachment":"scroll","background-type":"","background-media":"","overlay-type":"","overlay-color":"","overlay-opacity":"","overlay-gradient":""},"mobile":{"background-color":"var(--ast-global-color-5)","background-image":"","background-repeat":"repeat","background-position":"center center","background-size":"auto","background-attachment":"scroll","background-type":"","background-media":"","overlay-type":"","overlay-color":"","overlay-opacity":"","overlay-gradient":""}}},"product_brand":[],"product_cat":[64],"product_tag":[68,67,65,69,47,52],"class_list":{"0":"post-2540","1":"product","2":"type-product","3":"status-publish","4":"has-post-thumbnail","6":"product_cat-salud-capilar","7":"product_tag-acondicionador","8":"product_tag-cabello","9":"product_tag-capilar","10":"product_tag-enjuague","11":"product_tag-naranja","12":"product_tag-romero","13":"desktop-align-left","14":"tablet-align-left","15":"mobile-align-left","17":"first","18":"instock","19":"taxable","20":"shipping-taxable","21":"purchasable","22":"product-type-simple"},"uagb_featured_image_src":{"full":["https:\/\/tesainatural.com.ar\/wp-content\/uploads\/2026\/02\/WhatsApp-Image-2026-02-19-at-10.48.21-PM.jpeg",1066,1599,false],"thumbnail":["https:\/\/tesainatural.com.ar\/wp-content\/uploads\/2026\/02\/WhatsApp-Image-2026-02-19-at-10.48.21-PM-150x150.jpeg",150,150,true],"medium":["https:\/\/tesainatural.com.ar\/wp-content\/uploads\/2026\/02\/WhatsApp-Image-2026-02-19-at-10.48.21-PM-200x300.jpeg",200,300,true],"medium_large":["https:\/\/tesainatural.com.ar\/wp-content\/uploads\/2026\/02\/WhatsApp-Image-2026-02-19-at-10.48.21-PM-768x1152.jpeg",768,1152,true],"large":["https:\/\/tesainatural.com.ar\/wp-content\/uploads\/2026\/02\/WhatsApp-Image-2026-02-19-at-10.48.21-PM-683x1024.jpeg",683,1024,true],"1536x1536":["https:\/\/tesainatural.com.ar\/wp-content\/uploads\/2026\/02\/WhatsApp-Image-2026-02-19-at-10.48.21-PM-1024x1536.jpeg",1024,1536,true],"2048x2048":["https:\/\/tesainatural.com.ar\/wp-content\/uploads\/2026\/02\/WhatsApp-Image-2026-02-19-at-10.48.21-PM.jpeg",1066,1599,false],"trp-custom-language-flag":["https:\/\/tesainatural.com.ar\/wp-content\/uploads\/2026\/02\/WhatsApp-Image-2026-02-19-at-10.48.21-PM.jpeg",8,12,false],"woocommerce_thumbnail":["https:\/\/tesainatural.com.ar\/wp-content\/uploads\/2026\/02\/WhatsApp-Image-2026-02-19-at-10.48.21-PM-300x300.jpeg",300,300,true],"woocommerce_single":["https:\/\/tesainatural.com.ar\/wp-content\/uploads\/2026\/02\/WhatsApp-Image-2026-02-19-at-10.48.21-PM-600x900.jpeg",600,900,true],"woocommerce_gallery_thumbnail":["https:\/\/tesainatural.com.ar\/wp-content\/uploads\/2026\/02\/WhatsApp-Image-2026-02-19-at-10.48.21-PM-100x100.jpeg",100,100,true]},"uagb_author_info":{"display_name":"Leila Bojorje","author_link":"https:\/\/tesainatural.com.ar\/en\/author\/"},"uagb_comment_info":0,"uagb_excerpt":"Acondicionador almendras, oliva, romero, naranja, BTMS. Desenreda, repara el frizz, fortalece, antica\u00edda. Vegano sin TACC, 100gr. \u00a1Cabello sedoso ya!","_links":{"self":[{"href":"https:\/\/tesainatural.com.ar\/en\/wp-json\/wp\/v2\/product\/2540","targetHints":{"allow":["GET"]}}],"collection":[{"href":"https:\/\/tesainatural.com.ar\/en\/wp-json\/wp\/v2\/product"}],"about":[{"href":"https:\/\/tesainatural.com.ar\/en\/wp-json\/wp\/v2\/types\/product"}],"replies":[{"embeddable":true,"href":"https:\/\/tesainatural.com.ar\/en\/wp-json\/wp\/v2\/comments?post=2540"}],"wp:featuredmedia":[{"embeddable":true,"href":"https:\/\/tesainatural.com.ar\/en\/wp-json\/wp\/v2\/media\/2519"}],"wp:attachment":[{"href":"https:\/\/tesainatural.com.ar\/en\/wp-json\/wp\/v2\/media?parent=2540"}],"wp:term":[{"taxonomy":"product_brand","embeddable":true,"href":"https:\/\/tesainatural.com.ar\/en\/wp-json\/wp\/v2\/product_brand?post=2540"},{"taxonomy":"product_cat","embeddable":true,"href":"https:\/\/tesainatural.com.ar\/en\/wp-json\/wp\/v2\/product_cat?post=2540"},{"taxonomy":"product_tag","embeddable":true,"href":"https:\/\/tesainatural.com.ar\/en\/wp-json\/wp\/v2\/product_tag?post=2540"}],"curies":[{"name":"wp","href":"https:\/\/api.w.org\/{rel}","templated":true}]}}