{"id":2534,"date":"2026-02-20T02:17:54","date_gmt":"2026-02-20T02:17:54","guid":{"rendered":"https:\/\/tesainatural.com.ar\/?post_type=product&#038;p=2534"},"modified":"2026-04-02T02:38:58","modified_gmt":"2026-04-02T02:38:58","slug":"repelente","status":"publish","type":"product","link":"https:\/\/tesainatural.com.ar\/en\/product\/repelente\/","title":{"rendered":"Repelente"},"content":{"rendered":"<p><strong><em>Ingredientes y Beneficios:<\/em><\/strong><\/p>\n<ul>\n<li><strong>Aceite esencial de citronella :<\/strong>Es uno de los repelentes naturales m\u00e1s reconocidos. Act\u00faa como barrera olfativa, ahuyentando mosquitos, jejenes y moscas sin irritar la piel. Contiene citronelal, que interfiere en los sensores de los insectos.<\/li>\n<li><strong>Aceite esencial de menta (Piperita):<\/strong>\u00a0Su aroma intenso y refrescante act\u00faa contra mosquitos, hormigas, ara\u00f1as, pulgas y polillas. Adem\u00e1s, alivia las picaduras si ya se han producido.<\/li>\n<li><b>Tintura Madre de clavo de olor: <\/b>Posee un aroma fuerte que act\u00faa como un repelente natural, especialmente efectivo cuando se combina con otros aceites esenciales, adem\u00e1s de tener propiedades antis\u00e9pticas.<\/li>\n<li>La combinaci\u00f3n de aceite esencial de menta , citronella y clavo de olor crea un repelente natural potente, efectivo y seguro. La citronella enmascara los olores corporales, la menta aporta un aroma fresco que desorienta a los insectos, y el clavo de olor act\u00faa como un fuerte antimicrobiano y ahuyentador, protegiendo eficazmente contra mosquitos y otros insectos.<\/li>\n<li>Producto vegano y sin tacc<\/li>\n<li>Contenido: 100 ml<\/li>\n<\/ul>","protected":false},"excerpt":{"rendered":"<p>Repelente natural citronela menta clavo olor. Antimosquitos jejenes moscas. Sin productos qu\u00edmicos t\u00f3xicos. Vegano sin TACC, 100ml. \u00a1Protecci\u00f3n efectiva ya!<\/p>","protected":false},"featured_media":2526,"comment_status":"open","ping_status":"closed","template":"","meta":{"_uag_custom_page_level_css":"","site-sidebar-layout":"default","site-content-layout":"","ast-site-content-layout":"default","site-content-style":"default","site-sidebar-style":"default","ast-global-header-display":"","ast-banner-title-visibility":"","ast-main-header-display":"","ast-hfb-above-header-display":"","ast-hfb-below-header-display":"","ast-hfb-mobile-header-display":"","site-post-title":"","ast-breadcrumbs-content":"","ast-featured-img":"","footer-sml-layout":"","ast-disable-related-posts":"","theme-transparent-header-meta":"default","adv-header-id-meta":"","stick-header-meta":"","header-above-stick-meta":"","header-main-stick-meta":"","header-below-stick-meta":"","astra-migrate-meta-layouts":"set","ast-page-background-enabled":"default","ast-page-background-meta":{"desktop":{"background-color":"var(--ast-global-color-4)","background-image":"","background-repeat":"repeat","background-position":"center center","background-size":"auto","background-attachment":"scroll","background-type":"","background-media":"","overlay-type":"","overlay-color":"","overlay-opacity":"","overlay-gradient":""},"tablet":{"background-color":"","background-image":"","background-repeat":"repeat","background-position":"center center","background-size":"auto","background-attachment":"scroll","background-type":"","background-media":"","overlay-type":"","overlay-color":"","overlay-opacity":"","overlay-gradient":""},"mobile":{"background-color":"","background-image":"","background-repeat":"repeat","background-position":"center center","background-size":"auto","background-attachment":"scroll","background-type":"","background-media":"","overlay-type":"","overlay-color":"","overlay-opacity":"","overlay-gradient":""}},"ast-content-background-meta":{"desktop":{"background-color":"var(--ast-global-color-5)","background-image":"","background-repeat":"repeat","background-position":"center center","background-size":"auto","background-attachment":"scroll","background-type":"","background-media":"","overlay-type":"","overlay-color":"","overlay-opacity":"","overlay-gradient":""},"tablet":{"background-color":"var(--ast-global-color-5)","background-image":"","background-repeat":"repeat","background-position":"center center","background-size":"auto","background-attachment":"scroll","background-type":"","background-media":"","overlay-type":"","overlay-color":"","overlay-opacity":"","overlay-gradient":""},"mobile":{"background-color":"var(--ast-global-color-5)","background-image":"","background-repeat":"repeat","background-position":"center center","background-size":"auto","background-attachment":"scroll","background-type":"","background-media":"","overlay-type":"","overlay-color":"","overlay-opacity":"","overlay-gradient":""}}},"product_brand":[],"product_cat":[31],"product_tag":[92,91,90],"class_list":{"0":"post-2534","1":"product","2":"type-product","3":"status-publish","4":"has-post-thumbnail","6":"product_cat-salud-corporal","7":"product_tag-citronella","8":"product_tag-mosquitos","9":"product_tag-repelente","10":"desktop-align-left","11":"tablet-align-left","12":"mobile-align-left","14":"first","15":"instock","16":"taxable","17":"shipping-taxable","18":"purchasable","19":"product-type-simple"},"uagb_featured_image_src":{"full":["https:\/\/tesainatural.com.ar\/wp-content\/uploads\/2026\/02\/WhatsApp-Image-2026-02-19-at-10.48.12-PM.jpeg",1066,1599,false],"thumbnail":["https:\/\/tesainatural.com.ar\/wp-content\/uploads\/2026\/02\/WhatsApp-Image-2026-02-19-at-10.48.12-PM-150x150.jpeg",150,150,true],"medium":["https:\/\/tesainatural.com.ar\/wp-content\/uploads\/2026\/02\/WhatsApp-Image-2026-02-19-at-10.48.12-PM-200x300.jpeg",200,300,true],"medium_large":["https:\/\/tesainatural.com.ar\/wp-content\/uploads\/2026\/02\/WhatsApp-Image-2026-02-19-at-10.48.12-PM-768x1152.jpeg",768,1152,true],"large":["https:\/\/tesainatural.com.ar\/wp-content\/uploads\/2026\/02\/WhatsApp-Image-2026-02-19-at-10.48.12-PM-683x1024.jpeg",683,1024,true],"1536x1536":["https:\/\/tesainatural.com.ar\/wp-content\/uploads\/2026\/02\/WhatsApp-Image-2026-02-19-at-10.48.12-PM-1024x1536.jpeg",1024,1536,true],"2048x2048":["https:\/\/tesainatural.com.ar\/wp-content\/uploads\/2026\/02\/WhatsApp-Image-2026-02-19-at-10.48.12-PM.jpeg",1066,1599,false],"trp-custom-language-flag":["https:\/\/tesainatural.com.ar\/wp-content\/uploads\/2026\/02\/WhatsApp-Image-2026-02-19-at-10.48.12-PM.jpeg",8,12,false],"woocommerce_thumbnail":["https:\/\/tesainatural.com.ar\/wp-content\/uploads\/2026\/02\/WhatsApp-Image-2026-02-19-at-10.48.12-PM-300x300.jpeg",300,300,true],"woocommerce_single":["https:\/\/tesainatural.com.ar\/wp-content\/uploads\/2026\/02\/WhatsApp-Image-2026-02-19-at-10.48.12-PM-600x900.jpeg",600,900,true],"woocommerce_gallery_thumbnail":["https:\/\/tesainatural.com.ar\/wp-content\/uploads\/2026\/02\/WhatsApp-Image-2026-02-19-at-10.48.12-PM-100x100.jpeg",100,100,true]},"uagb_author_info":{"display_name":"Leila Bojorje","author_link":"https:\/\/tesainatural.com.ar\/en\/author\/"},"uagb_comment_info":0,"uagb_excerpt":"Repelente natural citronela menta clavo olor. Antimosquitos jejenes moscas. Sin productos qu\u00edmicos t\u00f3xicos. Vegano sin TACC, 100ml. \u00a1Protecci\u00f3n efectiva ya!","_links":{"self":[{"href":"https:\/\/tesainatural.com.ar\/en\/wp-json\/wp\/v2\/product\/2534","targetHints":{"allow":["GET"]}}],"collection":[{"href":"https:\/\/tesainatural.com.ar\/en\/wp-json\/wp\/v2\/product"}],"about":[{"href":"https:\/\/tesainatural.com.ar\/en\/wp-json\/wp\/v2\/types\/product"}],"replies":[{"embeddable":true,"href":"https:\/\/tesainatural.com.ar\/en\/wp-json\/wp\/v2\/comments?post=2534"}],"wp:featuredmedia":[{"embeddable":true,"href":"https:\/\/tesainatural.com.ar\/en\/wp-json\/wp\/v2\/media\/2526"}],"wp:attachment":[{"href":"https:\/\/tesainatural.com.ar\/en\/wp-json\/wp\/v2\/media?parent=2534"}],"wp:term":[{"taxonomy":"product_brand","embeddable":true,"href":"https:\/\/tesainatural.com.ar\/en\/wp-json\/wp\/v2\/product_brand?post=2534"},{"taxonomy":"product_cat","embeddable":true,"href":"https:\/\/tesainatural.com.ar\/en\/wp-json\/wp\/v2\/product_cat?post=2534"},{"taxonomy":"product_tag","embeddable":true,"href":"https:\/\/tesainatural.com.ar\/en\/wp-json\/wp\/v2\/product_tag?post=2534"}],"curies":[{"name":"wp","href":"https:\/\/api.w.org\/{rel}","templated":true}]}}