{"id":2532,"date":"2026-02-20T02:09:12","date_gmt":"2026-02-20T02:09:12","guid":{"rendered":"https:\/\/tesainatural.com.ar\/?post_type=product&#038;p=2532"},"modified":"2026-04-02T02:42:33","modified_gmt":"2026-04-02T02:42:33","slug":"jabon-de-rostro","status":"publish","type":"product","link":"https:\/\/tesainatural.com.ar\/en\/product\/jabon-de-rostro\/","title":{"rendered":"Jab\u00f3n de rostro"},"content":{"rendered":"<p><strong>Ingredientes y\u00a0 Beneficios:<\/strong><\/p>\n<ul>\n<li><strong>Betaina de coco (Coco Betaine):<\/strong>\u00a0Surfactante anf\u00f3tero que reduce la irritaci\u00f3n de otros limpiadores, aportando suavidad, acondicionamiento y espuma.<\/li>\n<li><strong>Arcilla blanca(Caol\u00edn):<\/strong>\u00a0Limpia profundamente al absorber el exceso de grasa y toxinas sin resecar. Es suave, descongestiona, tonifica y aporta luminosidad, ideal para pieles sensibles.<\/li>\n<li><strong>Tintura madre de Menta:<\/strong>Aporta propiedades refrescantes, antis\u00e9pticas y estimulantes de la circulaci\u00f3n sangu\u00ednea.<\/li>\n<li><strong>Aceite esencial de lavanda:<\/strong>Calmante, antiinflamatorio y antis\u00e9ptico, ayuda a cicatrizar y equilibrar la piel.<\/li>\n<li>Esta combinaci\u00f3n de ingredientes forma un\u00a0limpiador facial natural, suave y purificante. El decil gluc\u00f3sido y la beta\u00edna de coco limpian sin irritar, la arcilla blanca absorbe impurezas y detoxifica, mientras que la menta y la lavanda calman, refrescan y equilibran la piel.<\/li>\n<li>Producto vegano y sin tacc<\/li>\n<li>Uso diario recomedado: por la ma\u00f1ana y la noche.<\/li>\n<li>Contenido: 100 ml<\/li>\n<\/ul>","protected":false},"excerpt":{"rendered":"<p>Jab\u00f3n de rostro arcilla blanca, beta\u00edna coco, menta\u00a0 y lavanda. Limpieza sensible, anti-grasa, d\u00e9tox. Vegano sin TACC, 100ml.<\/p>","protected":false},"featured_media":2524,"comment_status":"open","ping_status":"closed","template":"","meta":{"_uag_custom_page_level_css":"","site-sidebar-layout":"default","site-content-layout":"","ast-site-content-layout":"default","site-content-style":"default","site-sidebar-style":"default","ast-global-header-display":"","ast-banner-title-visibility":"","ast-main-header-display":"","ast-hfb-above-header-display":"","ast-hfb-below-header-display":"","ast-hfb-mobile-header-display":"","site-post-title":"","ast-breadcrumbs-content":"","ast-featured-img":"","footer-sml-layout":"","ast-disable-related-posts":"","theme-transparent-header-meta":"default","adv-header-id-meta":"","stick-header-meta":"","header-above-stick-meta":"","header-main-stick-meta":"","header-below-stick-meta":"","astra-migrate-meta-layouts":"set","ast-page-background-enabled":"default","ast-page-background-meta":{"desktop":{"background-color":"var(--ast-global-color-4)","background-image":"","background-repeat":"repeat","background-position":"center center","background-size":"auto","background-attachment":"scroll","background-type":"","background-media":"","overlay-type":"","overlay-color":"","overlay-opacity":"","overlay-gradient":""},"tablet":{"background-color":"","background-image":"","background-repeat":"repeat","background-position":"center center","background-size":"auto","background-attachment":"scroll","background-type":"","background-media":"","overlay-type":"","overlay-color":"","overlay-opacity":"","overlay-gradient":""},"mobile":{"background-color":"","background-image":"","background-repeat":"repeat","background-position":"center center","background-size":"auto","background-attachment":"scroll","background-type":"","background-media":"","overlay-type":"","overlay-color":"","overlay-opacity":"","overlay-gradient":""}},"ast-content-background-meta":{"desktop":{"background-color":"var(--ast-global-color-5)","background-image":"","background-repeat":"repeat","background-position":"center center","background-size":"auto","background-attachment":"scroll","background-type":"","background-media":"","overlay-type":"","overlay-color":"","overlay-opacity":"","overlay-gradient":""},"tablet":{"background-color":"var(--ast-global-color-5)","background-image":"","background-repeat":"repeat","background-position":"center center","background-size":"auto","background-attachment":"scroll","background-type":"","background-media":"","overlay-type":"","overlay-color":"","overlay-opacity":"","overlay-gradient":""},"mobile":{"background-color":"var(--ast-global-color-5)","background-image":"","background-repeat":"repeat","background-position":"center center","background-size":"auto","background-attachment":"scroll","background-type":"","background-media":"","overlay-type":"","overlay-color":"","overlay-opacity":"","overlay-gradient":""}}},"product_brand":[],"product_cat":[28],"product_tag":[55,56,22],"class_list":{"0":"post-2532","1":"product","2":"type-product","3":"status-publish","4":"has-post-thumbnail","6":"product_cat-salud-del-rostro","7":"product_tag-jabon","8":"product_tag-limpieza","9":"product_tag-rostro","10":"desktop-align-left","11":"tablet-align-left","12":"mobile-align-left","14":"first","15":"instock","16":"taxable","17":"shipping-taxable","18":"purchasable","19":"product-type-simple"},"uagb_featured_image_src":{"full":["https:\/\/tesainatural.com.ar\/wp-content\/uploads\/2026\/02\/WhatsApp-Image-2026-02-19-at-10.48.12-PM-2.jpeg",1066,1600,false],"thumbnail":["https:\/\/tesainatural.com.ar\/wp-content\/uploads\/2026\/02\/WhatsApp-Image-2026-02-19-at-10.48.12-PM-2-150x150.jpeg",150,150,true],"medium":["https:\/\/tesainatural.com.ar\/wp-content\/uploads\/2026\/02\/WhatsApp-Image-2026-02-19-at-10.48.12-PM-2-200x300.jpeg",200,300,true],"medium_large":["https:\/\/tesainatural.com.ar\/wp-content\/uploads\/2026\/02\/WhatsApp-Image-2026-02-19-at-10.48.12-PM-2-768x1153.jpeg",768,1153,true],"large":["https:\/\/tesainatural.com.ar\/wp-content\/uploads\/2026\/02\/WhatsApp-Image-2026-02-19-at-10.48.12-PM-2-682x1024.jpeg",682,1024,true],"1536x1536":["https:\/\/tesainatural.com.ar\/wp-content\/uploads\/2026\/02\/WhatsApp-Image-2026-02-19-at-10.48.12-PM-2-1023x1536.jpeg",1023,1536,true],"2048x2048":["https:\/\/tesainatural.com.ar\/wp-content\/uploads\/2026\/02\/WhatsApp-Image-2026-02-19-at-10.48.12-PM-2.jpeg",1066,1600,false],"trp-custom-language-flag":["https:\/\/tesainatural.com.ar\/wp-content\/uploads\/2026\/02\/WhatsApp-Image-2026-02-19-at-10.48.12-PM-2.jpeg",8,12,false],"woocommerce_thumbnail":["https:\/\/tesainatural.com.ar\/wp-content\/uploads\/2026\/02\/WhatsApp-Image-2026-02-19-at-10.48.12-PM-2-300x300.jpeg",300,300,true],"woocommerce_single":["https:\/\/tesainatural.com.ar\/wp-content\/uploads\/2026\/02\/WhatsApp-Image-2026-02-19-at-10.48.12-PM-2-600x901.jpeg",600,901,true],"woocommerce_gallery_thumbnail":["https:\/\/tesainatural.com.ar\/wp-content\/uploads\/2026\/02\/WhatsApp-Image-2026-02-19-at-10.48.12-PM-2-100x100.jpeg",100,100,true]},"uagb_author_info":{"display_name":"Leila Bojorje","author_link":"https:\/\/tesainatural.com.ar\/en\/author\/"},"uagb_comment_info":0,"uagb_excerpt":"Jab\u00f3n de rostro arcilla blanca, beta\u00edna coco, menta\u00a0 y lavanda. Limpieza sensible, anti-grasa, d\u00e9tox. Vegano sin TACC, 100ml.","_links":{"self":[{"href":"https:\/\/tesainatural.com.ar\/en\/wp-json\/wp\/v2\/product\/2532","targetHints":{"allow":["GET"]}}],"collection":[{"href":"https:\/\/tesainatural.com.ar\/en\/wp-json\/wp\/v2\/product"}],"about":[{"href":"https:\/\/tesainatural.com.ar\/en\/wp-json\/wp\/v2\/types\/product"}],"replies":[{"embeddable":true,"href":"https:\/\/tesainatural.com.ar\/en\/wp-json\/wp\/v2\/comments?post=2532"}],"wp:featuredmedia":[{"embeddable":true,"href":"https:\/\/tesainatural.com.ar\/en\/wp-json\/wp\/v2\/media\/2524"}],"wp:attachment":[{"href":"https:\/\/tesainatural.com.ar\/en\/wp-json\/wp\/v2\/media?parent=2532"}],"wp:term":[{"taxonomy":"product_brand","embeddable":true,"href":"https:\/\/tesainatural.com.ar\/en\/wp-json\/wp\/v2\/product_brand?post=2532"},{"taxonomy":"product_cat","embeddable":true,"href":"https:\/\/tesainatural.com.ar\/en\/wp-json\/wp\/v2\/product_cat?post=2532"},{"taxonomy":"product_tag","embeddable":true,"href":"https:\/\/tesainatural.com.ar\/en\/wp-json\/wp\/v2\/product_tag?post=2532"}],"curies":[{"name":"wp","href":"https:\/\/api.w.org\/{rel}","templated":true}]}}