{"id":2530,"date":"2026-02-20T02:00:27","date_gmt":"2026-02-20T02:00:27","guid":{"rendered":"https:\/\/tesainatural.com.ar\/?post_type=product&#038;p=2530"},"modified":"2026-04-02T02:48:46","modified_gmt":"2026-04-02T02:48:46","slug":"energia","status":"publish","type":"product","link":"https:\/\/tesainatural.com.ar\/en\/product\/energia\/","title":{"rendered":"Energia"},"content":{"rendered":"<p>Perfume Aromaterapeutico<\/p>\n<p><strong>\u00a0Ingredientes y Beneficios:<\/strong><\/p>\n<ul>\n<li><strong>Aceite Esencial de Romero (Rosmarinus officinalis):<\/strong>\n<ul>\n<li><strong>Enfoque y claridad:<\/strong>Combate la fatiga mental y mejora la concentraci\u00f3n.<\/li>\n<li><strong>Energizante:<\/strong>Despierta el cuerpo y la mente, ideal cuando te sientes saturado o sin fuerza.<\/li>\n<li><strong>Renovaci\u00f3n:<\/strong>Ayuda a retomar el control y aporta sensaci\u00f3n de presencia.<\/li>\n<\/ul>\n<\/li>\n<li><strong>Aceite Esencial de Lim\u00f3n (Citrus limon):<\/strong>\n<ul>\n<li><strong>Estimulante del \u00e1nimo:<\/strong>Eleva el esp\u00edritu y combate la tristeza o melancol\u00eda.<\/li>\n<li><strong>Claridad mental:<\/strong>Limpia pensamientos negativos y reduce la irritabilidad.<\/li>\n<li><strong>Productividad:<\/strong>Su aroma refrescante edifica y aporta orden mental.<\/li>\n<\/ul>\n<\/li>\n<li><a href=\"https:\/\/www.google.com\/search?q=Tintura+Madre+de+Cipr%C3%A9s&amp;biw=1280&amp;bih=593&amp;sca_esv=285be1eebaca6397&amp;sxsrf=ANbL-n7EDQJohn6x-kag1PZSzVEV3cWkMQ%3A1770397458293&amp;ei=Eh-GaefCEdPM1sQPxZrK2AI&amp;ved=2ahUKEwjY0fjFrMWSAxUOlJUCHeOoKRYQgK4QegQIBBAJ&amp;uact=5&amp;oq=aceite+esencial+de+romero%2C+limon+y+tintura+madre+de+cipres+beneficios+por+ingrediente+para+las+emociones&amp;gs_lp=Egxnd3Mtd2l6LXNlcnAiaGFjZWl0ZSBlc2VuY2lhbCBkZSByb21lcm8sIGxpbW9uIHkgdGludHVyYSBtYWRyZSBkZSBjaXByZXMgYmVuZWZpY2lvcyBwb3IgaW5ncmVkaWVudGUgcGFyYSBsYXMgZW1vY2lvbmVzSABQAFgAcAB4AZABAJgBAKABAKoBALgBA8gBAPgBAZgCAKACAJgDAJIHAKAHALIHALgHAMIHAMgHAIAIAA&amp;sclient=gws-wiz-serp&amp;mstk=AUtExfDyWKltBG9eI37716t0pIxGjhPKt9QqpFfj4uGhlpOiqF6rx9OV7UYqMDksa_lPUVwuYIAdtjVqRxFM0-OJeRc9Gr8V_zpJJlg9YtIrj5LQ0479hRTgi_lZJQSFiC5oQgsnuBTGbzuJf5-kP4mRocrUc9HPTfBFaY-gtJl5MgYUaOQIGkiDfGw_imXO17zd5clnamWErt0YBQ5lPno1pXcGUTmikh5VYvhZts6Hek4WxptroY73IIJqnuDhtBGySPu1IQnxyxcRvQeMTk2ieVwJ&amp;csui=3\"><strong>Tintura Madre de Cipr\u00e9s<\/strong><\/a><strong>(Cupressus sempervirens):<\/strong>\n<ul>\n<li><strong>Equilibrio y calma:<\/strong>Ayuda a recuperar la serenidad y reducir la tensi\u00f3n emocional y el estr\u00e9s.<\/li>\n<li><strong>Fortaleza:<\/strong>\u00datil para soltar tristezas y proporcionar seguridad en momentos de transici\u00f3n o p\u00e9rdidas.<\/li>\n<li><strong>Sedante nervioso:<\/strong>Act\u00faa sobre el sistema nervioso, ayudando a calmar la angustia.<\/li>\n<li><strong>Apto veganos y sin tacc<\/strong><\/li>\n<li><strong>Contenido: 10 ml<\/strong><\/li>\n<\/ul>\n<\/li>\n<\/ul>\n<p>&nbsp;<\/p>","protected":false},"excerpt":{"rendered":"<p>Aceite esencial Energ\u00eda romero lim\u00f3n cipr\u00e9s. Antifatiga mental, claridad, productividad. Vegano sin TACC, 10ml.<\/p>","protected":false},"featured_media":2504,"comment_status":"open","ping_status":"closed","template":"","meta":{"_uag_custom_page_level_css":"","site-sidebar-layout":"default","site-content-layout":"","ast-site-content-layout":"default","site-content-style":"default","site-sidebar-style":"default","ast-global-header-display":"","ast-banner-title-visibility":"","ast-main-header-display":"","ast-hfb-above-header-display":"","ast-hfb-below-header-display":"","ast-hfb-mobile-header-display":"","site-post-title":"","ast-breadcrumbs-content":"","ast-featured-img":"","footer-sml-layout":"","ast-disable-related-posts":"","theme-transparent-header-meta":"default","adv-header-id-meta":"","stick-header-meta":"","header-above-stick-meta":"","header-main-stick-meta":"","header-below-stick-meta":"","astra-migrate-meta-layouts":"set","ast-page-background-enabled":"default","ast-page-background-meta":{"desktop":{"background-color":"var(--ast-global-color-4)","background-image":"","background-repeat":"repeat","background-position":"center center","background-size":"auto","background-attachment":"scroll","background-type":"","background-media":"","overlay-type":"","overlay-color":"","overlay-opacity":"","overlay-gradient":""},"tablet":{"background-color":"","background-image":"","background-repeat":"repeat","background-position":"center center","background-size":"auto","background-attachment":"scroll","background-type":"","background-media":"","overlay-type":"","overlay-color":"","overlay-opacity":"","overlay-gradient":""},"mobile":{"background-color":"","background-image":"","background-repeat":"repeat","background-position":"center center","background-size":"auto","background-attachment":"scroll","background-type":"","background-media":"","overlay-type":"","overlay-color":"","overlay-opacity":"","overlay-gradient":""}},"ast-content-background-meta":{"desktop":{"background-color":"var(--ast-global-color-5)","background-image":"","background-repeat":"repeat","background-position":"center center","background-size":"auto","background-attachment":"scroll","background-type":"","background-media":"","overlay-type":"","overlay-color":"","overlay-opacity":"","overlay-gradient":""},"tablet":{"background-color":"var(--ast-global-color-5)","background-image":"","background-repeat":"repeat","background-position":"center center","background-size":"auto","background-attachment":"scroll","background-type":"","background-media":"","overlay-type":"","overlay-color":"","overlay-opacity":"","overlay-gradient":""},"mobile":{"background-color":"var(--ast-global-color-5)","background-image":"","background-repeat":"repeat","background-position":"center center","background-size":"auto","background-attachment":"scroll","background-type":"","background-media":"","overlay-type":"","overlay-color":"","overlay-opacity":"","overlay-gradient":""}}},"product_brand":[],"product_cat":[23],"product_tag":[40,51,50,42,24,52],"class_list":{"0":"post-2530","1":"product","2":"type-product","3":"status-publish","4":"has-post-thumbnail","6":"product_cat-salud-emocional","7":"product_tag-aceites-esenciales","8":"product_tag-cipres","9":"product_tag-emociones","10":"product_tag-limon","11":"product_tag-perfume","12":"product_tag-romero","13":"desktop-align-left","14":"tablet-align-left","15":"mobile-align-left","17":"first","18":"instock","19":"taxable","20":"shipping-taxable","21":"purchasable","22":"product-type-simple"},"uagb_featured_image_src":{"full":["https:\/\/tesainatural.com.ar\/wp-content\/uploads\/2026\/02\/WhatsApp-Image-2026-02-19-at-7.41.35-PM-3.jpeg",1048,1600,false],"thumbnail":["https:\/\/tesainatural.com.ar\/wp-content\/uploads\/2026\/02\/WhatsApp-Image-2026-02-19-at-7.41.35-PM-3-150x150.jpeg",150,150,true],"medium":["https:\/\/tesainatural.com.ar\/wp-content\/uploads\/2026\/02\/WhatsApp-Image-2026-02-19-at-7.41.35-PM-3-197x300.jpeg",197,300,true],"medium_large":["https:\/\/tesainatural.com.ar\/wp-content\/uploads\/2026\/02\/WhatsApp-Image-2026-02-19-at-7.41.35-PM-3-768x1173.jpeg",768,1173,true],"large":["https:\/\/tesainatural.com.ar\/wp-content\/uploads\/2026\/02\/WhatsApp-Image-2026-02-19-at-7.41.35-PM-3-671x1024.jpeg",671,1024,true],"1536x1536":["https:\/\/tesainatural.com.ar\/wp-content\/uploads\/2026\/02\/WhatsApp-Image-2026-02-19-at-7.41.35-PM-3-1006x1536.jpeg",1006,1536,true],"2048x2048":["https:\/\/tesainatural.com.ar\/wp-content\/uploads\/2026\/02\/WhatsApp-Image-2026-02-19-at-7.41.35-PM-3.jpeg",1048,1600,false],"trp-custom-language-flag":["https:\/\/tesainatural.com.ar\/wp-content\/uploads\/2026\/02\/WhatsApp-Image-2026-02-19-at-7.41.35-PM-3.jpeg",8,12,false],"woocommerce_thumbnail":["https:\/\/tesainatural.com.ar\/wp-content\/uploads\/2026\/02\/WhatsApp-Image-2026-02-19-at-7.41.35-PM-3-300x300.jpeg",300,300,true],"woocommerce_single":["https:\/\/tesainatural.com.ar\/wp-content\/uploads\/2026\/02\/WhatsApp-Image-2026-02-19-at-7.41.35-PM-3-600x916.jpeg",600,916,true],"woocommerce_gallery_thumbnail":["https:\/\/tesainatural.com.ar\/wp-content\/uploads\/2026\/02\/WhatsApp-Image-2026-02-19-at-7.41.35-PM-3-100x100.jpeg",100,100,true]},"uagb_author_info":{"display_name":"Leila Bojorje","author_link":"https:\/\/tesainatural.com.ar\/en\/author\/"},"uagb_comment_info":0,"uagb_excerpt":"Aceite esencial Energ\u00eda romero lim\u00f3n cipr\u00e9s. Antifatiga mental, claridad, productividad. Vegano sin TACC, 10ml.","_links":{"self":[{"href":"https:\/\/tesainatural.com.ar\/en\/wp-json\/wp\/v2\/product\/2530","targetHints":{"allow":["GET"]}}],"collection":[{"href":"https:\/\/tesainatural.com.ar\/en\/wp-json\/wp\/v2\/product"}],"about":[{"href":"https:\/\/tesainatural.com.ar\/en\/wp-json\/wp\/v2\/types\/product"}],"replies":[{"embeddable":true,"href":"https:\/\/tesainatural.com.ar\/en\/wp-json\/wp\/v2\/comments?post=2530"}],"wp:featuredmedia":[{"embeddable":true,"href":"https:\/\/tesainatural.com.ar\/en\/wp-json\/wp\/v2\/media\/2504"}],"wp:attachment":[{"href":"https:\/\/tesainatural.com.ar\/en\/wp-json\/wp\/v2\/media?parent=2530"}],"wp:term":[{"taxonomy":"product_brand","embeddable":true,"href":"https:\/\/tesainatural.com.ar\/en\/wp-json\/wp\/v2\/product_brand?post=2530"},{"taxonomy":"product_cat","embeddable":true,"href":"https:\/\/tesainatural.com.ar\/en\/wp-json\/wp\/v2\/product_cat?post=2530"},{"taxonomy":"product_tag","embeddable":true,"href":"https:\/\/tesainatural.com.ar\/en\/wp-json\/wp\/v2\/product_tag?post=2530"}],"curies":[{"name":"wp","href":"https:\/\/api.w.org\/{rel}","templated":true}]}}