{"id":2529,"date":"2026-02-20T01:57:34","date_gmt":"2026-02-20T01:57:34","guid":{"rendered":"https:\/\/tesainatural.com.ar\/?post_type=product&#038;p=2529"},"modified":"2026-04-02T02:50:55","modified_gmt":"2026-04-02T02:50:55","slug":"alegria","status":"publish","type":"product","link":"https:\/\/tesainatural.com.ar\/en\/product\/alegria\/","title":{"rendered":"Alegria"},"content":{"rendered":"<p><em><strong>Perfume Aromaterapeutico<\/strong><\/em><\/p>\n<p style=\"text-align: left;\"><strong>\u00a0Ingredientes y Beneficios:<\/strong><\/p>\n<ul>\n<li style=\"text-align: left;\"><strong>Bergamota (<em>Citrus bergamia<\/em>):<\/strong>\n<ul>\n<li><strong>Equilibrio emocional:<\/strong>Es conocida como el aceite de la autoaceptaci\u00f3n, \u00fatil para aliviar la ansiedad, el estr\u00e9s y la sensaci\u00f3n de agitaci\u00f3n.<\/li>\n<li><strong>Efecto antidepresivo:<\/strong>Estudios demuestran que su aroma ayuda a reducir significativamente la depresi\u00f3n y la ansiedad.<\/li>\n<li><strong>Calma sin sedaci\u00f3n:<\/strong>A diferencia de otros relajantes, la bergamota relaja el sistema nervioso a la vez que despeja la mente y motiva.<\/li>\n<\/ul>\n<\/li>\n<li style=\"text-align: left;\"><strong>Lavanda (<em>Lavandula angustifolia<\/em>):<\/strong>\n<ul>\n<li><strong>Relajaci\u00f3n profunda:<\/strong>Es el aceite por excelencia para calmar el sistema nervioso, reducir la tensi\u00f3n acumulada y aliviar el nerviosismo.<\/li>\n<li><strong>Mejora del sue\u00f1o:<\/strong>Combate el insomnio al crear un ambiente equilibrado y arm\u00f3nico.<\/li>\n<li><strong>Gesti\u00f3n emocional:<\/strong>Ayuda a equilibrar las emociones y reduce la sensaci\u00f3n de estr\u00e9s.<\/li>\n<\/ul>\n<\/li>\n<li><strong>Naranja (<em>Citrus sinensis<\/em>):<\/strong>\n<ul>\n<li style=\"text-align: left;\"><strong>Efecto estimulante y alegre:<\/strong>Eleva el estado de \u00e1nimo, aporta energ\u00eda positiva y combate la tristeza o el des\u00e1nimo.<\/li>\n<li style=\"text-align: left;\"><strong>Reducci\u00f3n del estr\u00e9s:<\/strong>Act\u00faa como un sedante suave que calma la mente.<\/li>\n<li style=\"text-align: left;\"><strong>Armonizador:<\/strong>Ayuda a calmar los nervios y puede ser \u00fatil en momentos de trauma emocional, promoviendo una sensaci\u00f3n de bienestar.<\/li>\n<li style=\"text-align: left;\"><strong>Aptos veganos y sin tacc<\/strong><\/li>\n<li style=\"text-align: left;\"><strong>Contenido: 10 ml<\/strong><\/li>\n<\/ul>\n<\/li>\n<\/ul>","protected":false},"excerpt":{"rendered":"<p>mezcla de Aceites esenciales: Alegr\u00eda: bergamota lavanda naranja. Antiestr\u00e9s, antidepresivo, mejora el sue\u00f1o. Vegano sin TACC, 10ml<\/p>","protected":false},"featured_media":2503,"comment_status":"open","ping_status":"closed","template":"","meta":{"_uag_custom_page_level_css":"","site-sidebar-layout":"default","site-content-layout":"","ast-site-content-layout":"default","site-content-style":"default","site-sidebar-style":"default","ast-global-header-display":"","ast-banner-title-visibility":"","ast-main-header-display":"","ast-hfb-above-header-display":"","ast-hfb-below-header-display":"","ast-hfb-mobile-header-display":"","site-post-title":"","ast-breadcrumbs-content":"","ast-featured-img":"","footer-sml-layout":"","ast-disable-related-posts":"","theme-transparent-header-meta":"default","adv-header-id-meta":"","stick-header-meta":"","header-above-stick-meta":"","header-main-stick-meta":"","header-below-stick-meta":"","astra-migrate-meta-layouts":"set","ast-page-background-enabled":"default","ast-page-background-meta":{"desktop":{"background-color":"var(--ast-global-color-4)","background-image":"","background-repeat":"repeat","background-position":"center center","background-size":"auto","background-attachment":"scroll","background-type":"","background-media":"","overlay-type":"","overlay-color":"","overlay-opacity":"","overlay-gradient":""},"tablet":{"background-color":"","background-image":"","background-repeat":"repeat","background-position":"center center","background-size":"auto","background-attachment":"scroll","background-type":"","background-media":"","overlay-type":"","overlay-color":"","overlay-opacity":"","overlay-gradient":""},"mobile":{"background-color":"","background-image":"","background-repeat":"repeat","background-position":"center center","background-size":"auto","background-attachment":"scroll","background-type":"","background-media":"","overlay-type":"","overlay-color":"","overlay-opacity":"","overlay-gradient":""}},"ast-content-background-meta":{"desktop":{"background-color":"var(--ast-global-color-5)","background-image":"","background-repeat":"repeat","background-position":"center center","background-size":"auto","background-attachment":"scroll","background-type":"","background-media":"","overlay-type":"","overlay-color":"","overlay-opacity":"","overlay-gradient":""},"tablet":{"background-color":"var(--ast-global-color-5)","background-image":"","background-repeat":"repeat","background-position":"center center","background-size":"auto","background-attachment":"scroll","background-type":"","background-media":"","overlay-type":"","overlay-color":"","overlay-opacity":"","overlay-gradient":""},"mobile":{"background-color":"var(--ast-global-color-5)","background-image":"","background-repeat":"repeat","background-position":"center center","background-size":"auto","background-attachment":"scroll","background-type":"","background-media":"","overlay-type":"","overlay-color":"","overlay-opacity":"","overlay-gradient":""}}},"product_brand":[],"product_cat":[23],"product_tag":[40,48,50,49,47,24],"class_list":{"0":"post-2529","1":"product","2":"type-product","3":"status-publish","4":"has-post-thumbnail","6":"product_cat-salud-emocional","7":"product_tag-aceites-esenciales","8":"product_tag-bergamota","9":"product_tag-emociones","10":"product_tag-lavanda","11":"product_tag-naranja","12":"product_tag-perfume","13":"desktop-align-left","14":"tablet-align-left","15":"mobile-align-left","17":"first","18":"instock","19":"taxable","20":"shipping-taxable","21":"purchasable","22":"product-type-simple"},"uagb_featured_image_src":{"full":["https:\/\/tesainatural.com.ar\/wp-content\/uploads\/2026\/02\/WhatsApp-Image-2026-02-19-at-7.41.35-PM-1-1.jpeg",1151,1599,false],"thumbnail":["https:\/\/tesainatural.com.ar\/wp-content\/uploads\/2026\/02\/WhatsApp-Image-2026-02-19-at-7.41.35-PM-1-1-150x150.jpeg",150,150,true],"medium":["https:\/\/tesainatural.com.ar\/wp-content\/uploads\/2026\/02\/WhatsApp-Image-2026-02-19-at-7.41.35-PM-1-1-216x300.jpeg",216,300,true],"medium_large":["https:\/\/tesainatural.com.ar\/wp-content\/uploads\/2026\/02\/WhatsApp-Image-2026-02-19-at-7.41.35-PM-1-1-768x1067.jpeg",768,1067,true],"large":["https:\/\/tesainatural.com.ar\/wp-content\/uploads\/2026\/02\/WhatsApp-Image-2026-02-19-at-7.41.35-PM-1-1-737x1024.jpeg",737,1024,true],"1536x1536":["https:\/\/tesainatural.com.ar\/wp-content\/uploads\/2026\/02\/WhatsApp-Image-2026-02-19-at-7.41.35-PM-1-1-1106x1536.jpeg",1106,1536,true],"2048x2048":["https:\/\/tesainatural.com.ar\/wp-content\/uploads\/2026\/02\/WhatsApp-Image-2026-02-19-at-7.41.35-PM-1-1.jpeg",1151,1599,false],"trp-custom-language-flag":["https:\/\/tesainatural.com.ar\/wp-content\/uploads\/2026\/02\/WhatsApp-Image-2026-02-19-at-7.41.35-PM-1-1.jpeg",9,12,false],"woocommerce_thumbnail":["https:\/\/tesainatural.com.ar\/wp-content\/uploads\/2026\/02\/WhatsApp-Image-2026-02-19-at-7.41.35-PM-1-1-300x300.jpeg",300,300,true],"woocommerce_single":["https:\/\/tesainatural.com.ar\/wp-content\/uploads\/2026\/02\/WhatsApp-Image-2026-02-19-at-7.41.35-PM-1-1-600x834.jpeg",600,834,true],"woocommerce_gallery_thumbnail":["https:\/\/tesainatural.com.ar\/wp-content\/uploads\/2026\/02\/WhatsApp-Image-2026-02-19-at-7.41.35-PM-1-1-100x100.jpeg",100,100,true]},"uagb_author_info":{"display_name":"Leila Bojorje","author_link":"https:\/\/tesainatural.com.ar\/en\/author\/"},"uagb_comment_info":0,"uagb_excerpt":"mezcla de Aceites esenciales: Alegr\u00eda: bergamota lavanda naranja. Antiestr\u00e9s, antidepresivo, mejora el sue\u00f1o. Vegano sin TACC, 10ml","_links":{"self":[{"href":"https:\/\/tesainatural.com.ar\/en\/wp-json\/wp\/v2\/product\/2529","targetHints":{"allow":["GET"]}}],"collection":[{"href":"https:\/\/tesainatural.com.ar\/en\/wp-json\/wp\/v2\/product"}],"about":[{"href":"https:\/\/tesainatural.com.ar\/en\/wp-json\/wp\/v2\/types\/product"}],"replies":[{"embeddable":true,"href":"https:\/\/tesainatural.com.ar\/en\/wp-json\/wp\/v2\/comments?post=2529"}],"wp:featuredmedia":[{"embeddable":true,"href":"https:\/\/tesainatural.com.ar\/en\/wp-json\/wp\/v2\/media\/2503"}],"wp:attachment":[{"href":"https:\/\/tesainatural.com.ar\/en\/wp-json\/wp\/v2\/media?parent=2529"}],"wp:term":[{"taxonomy":"product_brand","embeddable":true,"href":"https:\/\/tesainatural.com.ar\/en\/wp-json\/wp\/v2\/product_brand?post=2529"},{"taxonomy":"product_cat","embeddable":true,"href":"https:\/\/tesainatural.com.ar\/en\/wp-json\/wp\/v2\/product_cat?post=2529"},{"taxonomy":"product_tag","embeddable":true,"href":"https:\/\/tesainatural.com.ar\/en\/wp-json\/wp\/v2\/product_tag?post=2529"}],"curies":[{"name":"wp","href":"https:\/\/api.w.org\/{rel}","templated":true}]}}