{"id":2447,"date":"2026-02-19T04:23:23","date_gmt":"2026-02-19T04:23:23","guid":{"rendered":"https:\/\/tesainatural.com.ar\/?post_type=product&#038;p=2447"},"modified":"2026-04-02T02:53:59","modified_gmt":"2026-04-02T02:53:59","slug":"perfumes-aromaterapeuticos","status":"publish","type":"product","link":"https:\/\/tesainatural.com.ar\/en\/product\/perfumes-aromaterapeuticos\/","title":{"rendered":"Calma"},"content":{"rendered":"<div dir=\"auto\"><em><strong>Perfume Aromaterapeutico<\/strong><\/em><\/div>\n<div dir=\"auto\"><strong>Ingredientes y beneficios<\/strong><\/div>\n<div dir=\"auto\">\u2022 <strong>Aceite Esencial de Neroli<\/strong> (Flor de Azahar):<\/div>\n<div dir=\"auto\">o Calmante profundo: Considerado un potente ansiol\u00edtico y sedante que ayuda a reducir palpitaciones nerviosas, insomnio y estr\u00e9s cr\u00f3nico.<\/div>\n<div dir=\"auto\">o Equilibrio emocional: Ayuda a superar crisis, duelos, conmociones psicol\u00f3gicas y miedos.<\/div>\n<div dir=\"auto\">o Serenidad: Conecta con la felicidad y serenidad, mejorando la resiliencia emocional.<\/div>\n<div dir=\"auto\">\u2022 <strong>Aceite Esencial de Mandarina:<\/strong><\/div>\n<div dir=\"auto\">o Relajante y estimulante: Reconfortante y suavemente estimulante, ideal para la inquietud y cambios de humor.<\/div>\n<div dir=\"auto\">o Apoyo infantil: Altamente efectivo en ni\u00f1os para aliviar miedos, ansiedad y rabietas.<\/div>\n<div dir=\"auto\">o Optimismo: Ayuda a recuperar el entusiasmo y promueve una visi\u00f3n m\u00e1s relajada de la vida.<\/div>\n<div dir=\"auto\">\u2022 <strong>Aceite Esencial de Ylang Ylang:<\/strong><\/div>\n<div dir=\"auto\">o Reducci\u00f3n de estr\u00e9s: Muy eficaz contra la tensi\u00f3n emocional, la frustraci\u00f3n, el p\u00e1nico y los celos.<\/div>\n<div dir=\"auto\">o Equilibrio y Alegr\u00eda: Combate la melancol\u00eda, la apat\u00eda y la insatisfacci\u00f3n, elevando el estado de \u00e1nimo.<\/div>\n<div dir=\"auto\">o Sensualidad: Act\u00faa como afrodis\u00edaco, potenciando el amor propio y la intimidad.<\/div>\n<div dir=\"auto\">o Apto veganos y sin tacc<\/div>\n<div dir=\"auto\">o Contenido: 10 ml<\/div>\n<div dir=\"auto\"><\/div>\n<div dir=\"auto\"><\/div>","protected":false},"excerpt":{"rendered":"<p>Perfumes aromaterap\u00e9uticos veganos sin TACC para bienestar emocional. Mezclas naturales de aceites esenciales\u00a0 que equilibran estr\u00e9s y la\u00a0 ansiedad. Ideales para prevenir estr\u00e9s y lograr la calma .<\/p>","protected":false},"featured_media":2505,"comment_status":"open","ping_status":"closed","template":"","meta":{"_uag_custom_page_level_css":"","site-sidebar-layout":"default","site-content-layout":"","ast-site-content-layout":"default","site-content-style":"default","site-sidebar-style":"default","ast-global-header-display":"","ast-banner-title-visibility":"","ast-main-header-display":"","ast-hfb-above-header-display":"","ast-hfb-below-header-display":"","ast-hfb-mobile-header-display":"","site-post-title":"","ast-breadcrumbs-content":"","ast-featured-img":"","footer-sml-layout":"","ast-disable-related-posts":"","theme-transparent-header-meta":"default","adv-header-id-meta":"","stick-header-meta":"","header-above-stick-meta":"","header-main-stick-meta":"","header-below-stick-meta":"","astra-migrate-meta-layouts":"set","ast-page-background-enabled":"default","ast-page-background-meta":{"desktop":{"background-color":"var(--ast-global-color-4)","background-image":"","background-repeat":"repeat","background-position":"center center","background-size":"auto","background-attachment":"scroll","background-type":"","background-media":"","overlay-type":"","overlay-color":"","overlay-opacity":"","overlay-gradient":""},"tablet":{"background-color":"","background-image":"","background-repeat":"repeat","background-position":"center center","background-size":"auto","background-attachment":"scroll","background-type":"","background-media":"","overlay-type":"","overlay-color":"","overlay-opacity":"","overlay-gradient":""},"mobile":{"background-color":"","background-image":"","background-repeat":"repeat","background-position":"center center","background-size":"auto","background-attachment":"scroll","background-type":"","background-media":"","overlay-type":"","overlay-color":"","overlay-opacity":"","overlay-gradient":""}},"ast-content-background-meta":{"desktop":{"background-color":"var(--ast-global-color-5)","background-image":"","background-repeat":"repeat","background-position":"center center","background-size":"auto","background-attachment":"scroll","background-type":"","background-media":"","overlay-type":"","overlay-color":"","overlay-opacity":"","overlay-gradient":""},"tablet":{"background-color":"var(--ast-global-color-5)","background-image":"","background-repeat":"repeat","background-position":"center center","background-size":"auto","background-attachment":"scroll","background-type":"","background-media":"","overlay-type":"","overlay-color":"","overlay-opacity":"","overlay-gradient":""},"mobile":{"background-color":"var(--ast-global-color-5)","background-image":"","background-repeat":"repeat","background-position":"center center","background-size":"auto","background-attachment":"scroll","background-type":"","background-media":"","overlay-type":"","overlay-color":"","overlay-opacity":"","overlay-gradient":""}}},"product_brand":[],"product_cat":[23],"product_tag":[40,25,43,45,46,24,44],"class_list":{"0":"post-2447","1":"product","2":"type-product","3":"status-publish","4":"has-post-thumbnail","6":"product_cat-salud-emocional","7":"product_tag-aceites-esenciales","8":"product_tag-aromaterapia","9":"product_tag-calma","10":"product_tag-mandarina","11":"product_tag-neroli","12":"product_tag-perfume","13":"product_tag-ylang-ylang","14":"desktop-align-left","15":"tablet-align-left","16":"mobile-align-left","18":"first","19":"instock","20":"taxable","21":"shipping-taxable","22":"purchasable","23":"product-type-simple"},"uagb_featured_image_src":{"full":["https:\/\/tesainatural.com.ar\/wp-content\/uploads\/2026\/02\/WhatsApp-Image-2026-02-19-at-7.41.34-PM-1.jpeg",1143,1600,false],"thumbnail":["https:\/\/tesainatural.com.ar\/wp-content\/uploads\/2026\/02\/WhatsApp-Image-2026-02-19-at-7.41.34-PM-1-150x150.jpeg",150,150,true],"medium":["https:\/\/tesainatural.com.ar\/wp-content\/uploads\/2026\/02\/WhatsApp-Image-2026-02-19-at-7.41.34-PM-1-214x300.jpeg",214,300,true],"medium_large":["https:\/\/tesainatural.com.ar\/wp-content\/uploads\/2026\/02\/WhatsApp-Image-2026-02-19-at-7.41.34-PM-1-768x1075.jpeg",768,1075,true],"large":["https:\/\/tesainatural.com.ar\/wp-content\/uploads\/2026\/02\/WhatsApp-Image-2026-02-19-at-7.41.34-PM-1-732x1024.jpeg",732,1024,true],"1536x1536":["https:\/\/tesainatural.com.ar\/wp-content\/uploads\/2026\/02\/WhatsApp-Image-2026-02-19-at-7.41.34-PM-1-1097x1536.jpeg",1097,1536,true],"2048x2048":["https:\/\/tesainatural.com.ar\/wp-content\/uploads\/2026\/02\/WhatsApp-Image-2026-02-19-at-7.41.34-PM-1.jpeg",1143,1600,false],"trp-custom-language-flag":["https:\/\/tesainatural.com.ar\/wp-content\/uploads\/2026\/02\/WhatsApp-Image-2026-02-19-at-7.41.34-PM-1.jpeg",9,12,false],"woocommerce_thumbnail":["https:\/\/tesainatural.com.ar\/wp-content\/uploads\/2026\/02\/WhatsApp-Image-2026-02-19-at-7.41.34-PM-1-300x300.jpeg",300,300,true],"woocommerce_single":["https:\/\/tesainatural.com.ar\/wp-content\/uploads\/2026\/02\/WhatsApp-Image-2026-02-19-at-7.41.34-PM-1-600x840.jpeg",600,840,true],"woocommerce_gallery_thumbnail":["https:\/\/tesainatural.com.ar\/wp-content\/uploads\/2026\/02\/WhatsApp-Image-2026-02-19-at-7.41.34-PM-1-100x100.jpeg",100,100,true]},"uagb_author_info":{"display_name":"pabloboba@gmail.com","author_link":"https:\/\/tesainatural.com.ar\/en\/author\/"},"uagb_comment_info":0,"uagb_excerpt":"Perfumes aromaterap\u00e9uticos veganos sin TACC para bienestar emocional. Mezclas naturales de aceites esenciales\u00a0 que equilibran estr\u00e9s y la\u00a0 ansiedad. Ideales para prevenir estr\u00e9s y lograr la calma .","_links":{"self":[{"href":"https:\/\/tesainatural.com.ar\/en\/wp-json\/wp\/v2\/product\/2447","targetHints":{"allow":["GET"]}}],"collection":[{"href":"https:\/\/tesainatural.com.ar\/en\/wp-json\/wp\/v2\/product"}],"about":[{"href":"https:\/\/tesainatural.com.ar\/en\/wp-json\/wp\/v2\/types\/product"}],"replies":[{"embeddable":true,"href":"https:\/\/tesainatural.com.ar\/en\/wp-json\/wp\/v2\/comments?post=2447"}],"wp:featuredmedia":[{"embeddable":true,"href":"https:\/\/tesainatural.com.ar\/en\/wp-json\/wp\/v2\/media\/2505"}],"wp:attachment":[{"href":"https:\/\/tesainatural.com.ar\/en\/wp-json\/wp\/v2\/media?parent=2447"}],"wp:term":[{"taxonomy":"product_brand","embeddable":true,"href":"https:\/\/tesainatural.com.ar\/en\/wp-json\/wp\/v2\/product_brand?post=2447"},{"taxonomy":"product_cat","embeddable":true,"href":"https:\/\/tesainatural.com.ar\/en\/wp-json\/wp\/v2\/product_cat?post=2447"},{"taxonomy":"product_tag","embeddable":true,"href":"https:\/\/tesainatural.com.ar\/en\/wp-json\/wp\/v2\/product_tag?post=2447"}],"curies":[{"name":"wp","href":"https:\/\/api.w.org\/{rel}","templated":true}]}}