{"id":2442,"date":"2026-02-19T04:20:01","date_gmt":"2026-02-19T04:20:01","guid":{"rendered":"https:\/\/tesainatural.com.ar\/?post_type=product&#038;p=2442"},"modified":"2026-04-02T03:01:09","modified_gmt":"2026-04-02T03:01:09","slug":"protector-solar","status":"publish","type":"product","link":"https:\/\/tesainatural.com.ar\/en\/product\/protector-solar\/","title":{"rendered":"Protector solar"},"content":{"rendered":"<div dir=\"auto\"><em><strong>Ingredientes y Beneficios:<\/strong><\/em><\/div>\n<div dir=\"auto\">\u2022 \u00d3xido de Zinc (Filtro F\u00edsico): Act\u00faa como un escudo mineral que refleja los rayos UVA\/UVB, siendo seguro para pieles sensibles.<\/div>\n<div dir=\"auto\">\u2022 Aceite Vegetal de Jojoba: Hidratante y emoliente, su estructura es similar al sebo humano, lo que ayuda a equilibrar la producci\u00f3n de grasa y nutrir profundamente.<\/div>\n<div dir=\"auto\">\u2022 Aceite Vegetal de Pepitas de Uva: Rico en antioxidantes (polifenoles, vitamina E) que neutralizan radicales libres, combatiendo el envejecimiento prematuro inducido por el sol.<\/div>\n<div dir=\"auto\">\u2022 Aceite Esencial de Zanahoria: Conocido por su alto contenido en betacaroteno y vitaminas, potencia la protecci\u00f3n solar (SPF natural) y regenera los tejidos.<\/div>\n<div dir=\"auto\">\u2022 Aceite Esencial de Neroli: Ayuda a regenerar la piel, calma irritaciones y mejora la elasticidad, adem\u00e1s de aportar un aroma agradable.<\/div>\n<div dir=\"auto\">\u2022 Esta combinaci\u00f3n natural ofrece una protecci\u00f3n solar f\u00edsica y un cuidado anti edad integral para el rostro. El \u00f3xido de zinc act\u00faa como filtro UV, mientras que el aceite de jojoba equilibra y nutre sin tapar poros, y la pepita de uva ofrece antioxidantes. El aceite de zanahoria a\u00f1ade un plus de foto protecci\u00f3n y el neroli regenera, ideal para pieles sensibles.<\/div>\n<div dir=\"auto\">\u2022 Producto vegano y sin tacc<\/div>\n<div dir=\"auto\">\u2022 FPS aproximado 30<\/div>\n<div dir=\"auto\">\u2022 Contenido: 30 gr<\/div>\n<div dir=\"auto\"><\/div>","protected":false},"excerpt":{"rendered":"<p>Protector solar mineral rostro \u00f3xido zinc jojoba pepita uva zanahoria neroli. FPS 30, antiedad, piel sensible. Vegano sin TACC, 30gr.<\/p>","protected":false},"featured_media":2445,"comment_status":"open","ping_status":"closed","template":"","meta":{"_uag_custom_page_level_css":"","site-sidebar-layout":"default","site-content-layout":"","ast-site-content-layout":"default","site-content-style":"default","site-sidebar-style":"default","ast-global-header-display":"","ast-banner-title-visibility":"","ast-main-header-display":"","ast-hfb-above-header-display":"","ast-hfb-below-header-display":"","ast-hfb-mobile-header-display":"","site-post-title":"","ast-breadcrumbs-content":"","ast-featured-img":"","footer-sml-layout":"","ast-disable-related-posts":"","theme-transparent-header-meta":"default","adv-header-id-meta":"","stick-header-meta":"","header-above-stick-meta":"","header-main-stick-meta":"","header-below-stick-meta":"","astra-migrate-meta-layouts":"set","ast-page-background-enabled":"default","ast-page-background-meta":{"desktop":{"background-color":"var(--ast-global-color-4)","background-image":"","background-repeat":"repeat","background-position":"center center","background-size":"auto","background-attachment":"scroll","background-type":"","background-media":"","overlay-type":"","overlay-color":"","overlay-opacity":"","overlay-gradient":""},"tablet":{"background-color":"","background-image":"","background-repeat":"repeat","background-position":"center center","background-size":"auto","background-attachment":"scroll","background-type":"","background-media":"","overlay-type":"","overlay-color":"","overlay-opacity":"","overlay-gradient":""},"mobile":{"background-color":"","background-image":"","background-repeat":"repeat","background-position":"center center","background-size":"auto","background-attachment":"scroll","background-type":"","background-media":"","overlay-type":"","overlay-color":"","overlay-opacity":"","overlay-gradient":""}},"ast-content-background-meta":{"desktop":{"background-color":"var(--ast-global-color-5)","background-image":"","background-repeat":"repeat","background-position":"center center","background-size":"auto","background-attachment":"scroll","background-type":"","background-media":"","overlay-type":"","overlay-color":"","overlay-opacity":"","overlay-gradient":""},"tablet":{"background-color":"var(--ast-global-color-5)","background-image":"","background-repeat":"repeat","background-position":"center center","background-size":"auto","background-attachment":"scroll","background-type":"","background-media":"","overlay-type":"","overlay-color":"","overlay-opacity":"","overlay-gradient":""},"mobile":{"background-color":"var(--ast-global-color-5)","background-image":"","background-repeat":"repeat","background-position":"center center","background-size":"auto","background-attachment":"scroll","background-type":"","background-media":"","overlay-type":"","overlay-color":"","overlay-opacity":"","overlay-gradient":""}}},"product_brand":[],"product_cat":[28],"product_tag":[21,29,22,30],"class_list":{"0":"post-2442","1":"product","2":"type-product","3":"status-publish","4":"has-post-thumbnail","6":"product_cat-salud-del-rostro","7":"product_tag-crema","8":"product_tag-protector","9":"product_tag-rostro","10":"product_tag-solar","11":"desktop-align-left","12":"tablet-align-left","13":"mobile-align-left","15":"first","16":"instock","17":"taxable","18":"shipping-taxable","19":"purchasable","20":"product-type-simple"},"uagb_featured_image_src":{"full":["https:\/\/tesainatural.com.ar\/wp-content\/uploads\/2026\/02\/exfoliante.jpg",1066,1599,false],"thumbnail":["https:\/\/tesainatural.com.ar\/wp-content\/uploads\/2026\/02\/exfoliante-150x150.jpg",150,150,true],"medium":["https:\/\/tesainatural.com.ar\/wp-content\/uploads\/2026\/02\/exfoliante-200x300.jpg",200,300,true],"medium_large":["https:\/\/tesainatural.com.ar\/wp-content\/uploads\/2026\/02\/exfoliante-768x1152.jpg",768,1152,true],"large":["https:\/\/tesainatural.com.ar\/wp-content\/uploads\/2026\/02\/exfoliante-683x1024.jpg",683,1024,true],"1536x1536":["https:\/\/tesainatural.com.ar\/wp-content\/uploads\/2026\/02\/exfoliante-1024x1536.jpg",1024,1536,true],"2048x2048":["https:\/\/tesainatural.com.ar\/wp-content\/uploads\/2026\/02\/exfoliante.jpg",1066,1599,false],"trp-custom-language-flag":["https:\/\/tesainatural.com.ar\/wp-content\/uploads\/2026\/02\/exfoliante.jpg",8,12,false],"woocommerce_thumbnail":["https:\/\/tesainatural.com.ar\/wp-content\/uploads\/2026\/02\/exfoliante-300x300.jpg",300,300,true],"woocommerce_single":["https:\/\/tesainatural.com.ar\/wp-content\/uploads\/2026\/02\/exfoliante-600x900.jpg",600,900,true],"woocommerce_gallery_thumbnail":["https:\/\/tesainatural.com.ar\/wp-content\/uploads\/2026\/02\/exfoliante-100x100.jpg",100,100,true]},"uagb_author_info":{"display_name":"pabloboba@gmail.com","author_link":"https:\/\/tesainatural.com.ar\/en\/author\/"},"uagb_comment_info":0,"uagb_excerpt":"Protector solar mineral rostro \u00f3xido zinc jojoba pepita uva zanahoria neroli. FPS 30, antiedad, piel sensible. Vegano sin TACC, 30gr.","_links":{"self":[{"href":"https:\/\/tesainatural.com.ar\/en\/wp-json\/wp\/v2\/product\/2442","targetHints":{"allow":["GET"]}}],"collection":[{"href":"https:\/\/tesainatural.com.ar\/en\/wp-json\/wp\/v2\/product"}],"about":[{"href":"https:\/\/tesainatural.com.ar\/en\/wp-json\/wp\/v2\/types\/product"}],"replies":[{"embeddable":true,"href":"https:\/\/tesainatural.com.ar\/en\/wp-json\/wp\/v2\/comments?post=2442"}],"wp:featuredmedia":[{"embeddable":true,"href":"https:\/\/tesainatural.com.ar\/en\/wp-json\/wp\/v2\/media\/2445"}],"wp:attachment":[{"href":"https:\/\/tesainatural.com.ar\/en\/wp-json\/wp\/v2\/media?parent=2442"}],"wp:term":[{"taxonomy":"product_brand","embeddable":true,"href":"https:\/\/tesainatural.com.ar\/en\/wp-json\/wp\/v2\/product_brand?post=2442"},{"taxonomy":"product_cat","embeddable":true,"href":"https:\/\/tesainatural.com.ar\/en\/wp-json\/wp\/v2\/product_cat?post=2442"},{"taxonomy":"product_tag","embeddable":true,"href":"https:\/\/tesainatural.com.ar\/en\/wp-json\/wp\/v2\/product_tag?post=2442"}],"curies":[{"name":"wp","href":"https:\/\/api.w.org\/{rel}","templated":true}]}}