{"id":760,"date":"2026-02-06T12:35:30","date_gmt":"2026-02-06T12:35:30","guid":{"rendered":"https:\/\/chocolate-wallaby-898920.hostingersite.com\/about\/"},"modified":"2026-03-17T20:34:47","modified_gmt":"2026-03-17T20:34:47","slug":"nosotros","status":"publish","type":"page","link":"https:\/\/tesainatural.com.ar\/en\/nosotros\/","title":{"rendered":"Nosotros"},"content":{"rendered":"<div data-spectra-id=\"a6b158bc\"\tstyle=\"overflow: visible; --spectra-text-color: ast-global-color-5; --spectra-background-color: var(--ast-global-color-0);\" class=\"spectra-is-root-container alignfull spectra-overlay-color spectra-overflow spectra-text-color spectra-background-color  wp-elements-4a28204604ec7ef949f895904d777831 wp-block-spectra-container has-text-color has-ast-global-color-5-color\" data-orientation=\"vertical\"\t>\n\t\n\t<h6 data-spectra-id=\"spectra-a447950d-abad-4278-a28d-76f940bb7f1a\" class=\"wp-block-spectra-content\">\n\t\tConoc\u00e9 sobre \t<\/h6>\n\n\n\t<h1 data-spectra-id=\"spectra-mh1hzbl4-svzdh5\" class=\"wp-block-spectra-content\">\n\t\tNosotros \t<\/h1>\n\n<\/div>\n\n\n<div data-spectra-id=\"1b52010a\"\tstyle=\"overflow: visible; --spectra-background-color: var(--ast-global-color-5);\" class=\"spectra-is-root-container alignfull spectra-overlay-color spectra-overflow spectra-background-color wp-block-spectra-container\" data-orientation=\"vertical\"\t>\n\t\n<div data-spectra-id=\"spectra-mh1jcjgl-x4g5zj\" style=\"overflow: visible\" class=\"spectra-overlay-color spectra-overflow wp-block-spectra-container\" data-orientation=\"vertical\">\n\t\n<div data-spectra-id=\"spectra-mh1kvq2e-utbw70\" style=\"overflow: visible\" class=\"spectra-overlay-color spectra-overflow wp-block-spectra-container\" data-orientation=\"vertical\">\n\t\n\t<h6 data-spectra-id=\"spectra-b9357a69-289a-444a-97ed-8b91649e1aa7\" class=\"wp-block-spectra-content\">\n\t\tTesai Natural \t<\/h6>\n\n\n\t<h2 data-spectra-id=\"spectra-mh1udl5t-5r6sni\" class=\"wp-block-spectra-content\">\n\t\tQue la naturaleza sea tu primera medicina \t<\/h2>\n\n\n\t<p data-spectra-id=\"spectra-mh1uhfdg-l7b2zz\" style=\"--spectra-text-color: ast-global-color-3\" class=\"has-text-color has-link-color spectra-text-color wp-elements-43315a7b58f8a2dc5f1c9d3a00b2b249 wp-block-spectra-content has-text-color has-ast-global-color-3-color\">\n\t\t.\t<\/p>\n\n\n\n<p>Somos un ser integral, observa y atend\u00e9 tu cuerpo, mente, emociones y energ\u00eda<\/p>\n\n\n<div data-spectra-id=\"spectra-mh1uhs0f-y9a9ap\" style=\"overflow: visible\" class=\"spectra-overlay-color spectra-overflow wp-block-spectra-container\" data-orientation=\"horizontal\">\n\t<\/div>\n\n\n\n<p><\/p>\n\n<\/div>\n\n\n<div data-spectra-id=\"spectra-mh1vfiv3-33wcng\" style=\"overflow: visible\" class=\"spectra-overlay-color spectra-overflow wp-block-spectra-container\" data-orientation=\"vertical\">\n\t\n\n<figure data-spectra-id=\"spectra-mh1kvtrg-x562p5\" class=\"wp-block-image size-full\" style=\"margin-top:0;margin-right:0;margin-bottom:0;margin-left:0\"><img loading=\"lazy\" decoding=\"async\" width=\"1066\" height=\"1599\" src=\"https:\/\/tesainatural.com.ar\/wp-content\/uploads\/2026\/02\/1002392101.jpg\" alt=\"1002392101\" class=\"wp-image-2428\" title=\"Nosotros\" srcset=\"https:\/\/tesainatural.com.ar\/wp-content\/uploads\/2026\/02\/1002392101.jpg 1066w, https:\/\/tesainatural.com.ar\/wp-content\/uploads\/2026\/02\/1002392101-600x900.jpg 600w, https:\/\/tesainatural.com.ar\/wp-content\/uploads\/2026\/02\/1002392101-200x300.jpg 200w, https:\/\/tesainatural.com.ar\/wp-content\/uploads\/2026\/02\/1002392101-683x1024.jpg 683w, https:\/\/tesainatural.com.ar\/wp-content\/uploads\/2026\/02\/1002392101-768x1152.jpg 768w, https:\/\/tesainatural.com.ar\/wp-content\/uploads\/2026\/02\/1002392101-1024x1536.jpg 1024w\" sizes=\"auto, (max-width: 1066px) 100vw, 1066px\" \/><\/figure>\n\n<\/div>\n\n\n<div data-spectra-id=\"spectra-mh1kwdx2-eh1j32\" style=\"overflow: visible\" class=\"spectra-overlay-color spectra-overflow wp-block-spectra-container\" data-orientation=\"vertical\">\n\t\n<div data-spectra-id=\"spectra-mh1v9vrx-tf9pj0\" style=\"display: flex;justify-content: flex-start\" class=\"wp-block-spectra-separator spectra-separator-color wp-block-spectra-separator\">\n\t<div class=\"spectra-separator-line\" style=\"margin-right: auto;background-color: var(--ast-global-color-1)\"><\/div>\n<\/div>\n\n\n\t<p data-spectra-id=\"spectra-mh1vb4om-63dtv7\" class=\"wp-block-spectra-content\">\n\t\tSoy Leila y comenc\u00e9  este camino hace 5 a\u00f1os cuando la pandemia lleg\u00f3 a la vida de todos. En ese momento me di cuenta que mi vida ten\u00eda que cambiar y me sumerg\u00ed en este mundo hermoso de las plantas medicinales estudie aromaterapia, fitoterapia, flores de Bach y muchas terapias complementarias m\u00e1s que hoy me acompa\u00f1an en mi vida diaria, la de mi familia y la de todo aquel que quiera que lo gu\u00ede en este fascinante mundo. \t<\/p>\n\n\n\t<p data-spectra-id=\"spectra-mh1vcv4l-rlx0pw\" class=\"wp-block-spectra-content\">\n\t\tTesai significa SALUD en guaran\u00ed, y mi prop\u00f3sito es acompa\u00f1ar procesos de salud , brindando ayuda en en camino de cada persona apoyada en las bases de la medicina tradicional china, las plantas medicinales y el volver al coraz\u00f3n de cada uno, conectarte con los que sos, limpiar el ruido de afuera siempre va a acercarte a lo que necesitas y   ayudarte a  tomar las riendas de su salud. \t<\/p>\n\n\n\t<p data-spectra-id=\"spectra-mh1vd5dd-b2mh4w\" class=\"wp-block-spectra-content\">\n\t\tTe espero con amor. Lei \t<\/p>\n\n<\/div>\n\n<\/div>\n\n\n<div data-spectra-id=\"spectra-mh2spi3l-je53wk\" style=\"display: flex;justify-content: center\" class=\"wp-block-spectra-separator spectra-separator-color wp-block-spectra-separator\">\n\t<div class=\"spectra-separator-line\" style=\"margin-left: auto;margin-right: auto;background-color: var(--ast-global-color-8)\"><\/div>\n<\/div>\n\n\n<div data-spectra-id=\"spectra-mh2sqeos-nbatqd\" style=\"overflow: visible\" class=\"spectra-overlay-color spectra-overflow wp-block-spectra-container\" data-orientation=\"vertical\">\n\t\n<div data-spectra-id=\"spectra-mh2sqsh6-vthblr\" style=\"overflow: visible\" class=\"spectra-overlay-color spectra-overflow wp-block-spectra-container\" data-orientation=\"vertical\">\n\t\n\n<div data-spectra-id=\"spectra-mh2sr463-dqeg9z\" class=\"wp-block-spectra-icons\">\n\t\n<div data-spectra-id=\"spectra-mh2sr4bb-cuzj8h\" style=\"--spectra-text-color: var(--ast-global-color-1)\" class=\"spectra-text-color wp-block-spectra-icon\">\n\t\t\t\t\t\t<svg class=\"spectra-icon\" xmlns=\"https:\/\/www.w3.org\/2000\/svg\" viewbox=\"0 0 576 512\" focusable=\"false\" style=\"fill: currentColor\" aria-hidden=\"true\"><path d=\"M568.3 192c-29 .125-135 6.124-213.9 82.1C321.2 304.7 301 338.3 288 369.9c-13-31.63-33.25-65.25-66.38-94.87C142.8 198.2 36.75 192.2 7.75 192C3.375 192 0 195.4 0 199.9c.25 27.88 7.125 126.2 88.75 199.3C172.8 481 256 479.1 288 479.1s115.2 1.025 199.3-80.85C568.9 326 575.8 227.7 576 199.9C576 195.4 572.6 192 568.3 192zM288 302.6c12.75-18.87 27.62-35.75 44.13-50.5c19-18.62 39.5-33.37 60.25-45.25c-16.5-70.5-51.75-133-96.75-172.3c-4.125-3.5-11-3.5-15.12 0c-45 39.25-80.25 101.6-96.75 172.1c20.37 11.75 40.5 26.12 59.25 44.37C260 266.4 275.1 283.7 288 302.6z\"><\/path><\/svg>\n\t\t\t\t<\/div>\n\n<\/div>\n\n\n\t<h4 data-spectra-id=\"spectra-mh2ssmot-hjqna2\" class=\"wp-block-spectra-content\">\n\t\tProductos\t<\/h4>\n\n\n\n<p>Acercate a la naturaleza a trav\u00e9s de la utilizaci\u00f3n de productos naturales, sin t\u00f3xicos y realizados con materia prima org\u00e1nica con el prop\u00f3sito de acompa\u00f1arte de forma natural y amorosa.  <\/p>\n\n\n<div data-spectra-id=\"spectra-mm0vlsg8-sa37zl\" class=\"wp-block-button spectra-buttons wp-block-spectra-buttons\">\n\t\n<a data-spectra-id=\"spectra-mm0vlsjg-nv46iy\" href=\"https:\/\/tesainatural.com.ar\/en\/tienda\/\" target=\"_self\" aria-label=\"ir a tienda\" class=\"wp-block-button__link wp-element-button wp-block-spectra-button\">\n<div class=\"spectra-button__link\">ir a tienda<\/div><\/a>\n\n<\/div>\n\n<\/div>\n\n\n<div data-spectra-id=\"spectra-13fe5277-5f44-4c2a-9902-2ca07666dc4c\" style=\"overflow: visible\" class=\"spectra-overlay-color spectra-overflow wp-block-spectra-container\" data-orientation=\"vertical\">\n\t\n\n<div data-spectra-id=\"spectra-c8cb788d-b7f2-46c7-b48f-a49f46fe7072\" class=\"wp-block-spectra-icons\">\n\t\n<div data-spectra-id=\"spectra-8d637bdd-e52e-42bb-8668-fda3aa89af86\" style=\"--spectra-text-color: var(--ast-global-color-1)\" class=\"spectra-text-color wp-block-spectra-icon\">\n\t\t\t\t\t\t<svg class=\"spectra-icon\" xmlns=\"https:\/\/www.w3.org\/2000\/svg\" viewbox=\"0 0 576 512\" focusable=\"false\" style=\"fill: currentColor\" aria-hidden=\"true\"><path d=\"M568.3 192c-29 .125-135 6.124-213.9 82.1C321.2 304.7 301 338.3 288 369.9c-13-31.63-33.25-65.25-66.38-94.87C142.8 198.2 36.75 192.2 7.75 192C3.375 192 0 195.4 0 199.9c.25 27.88 7.125 126.2 88.75 199.3C172.8 481 256 479.1 288 479.1s115.2 1.025 199.3-80.85C568.9 326 575.8 227.7 576 199.9C576 195.4 572.6 192 568.3 192zM288 302.6c12.75-18.87 27.62-35.75 44.13-50.5c19-18.62 39.5-33.37 60.25-45.25c-16.5-70.5-51.75-133-96.75-172.3c-4.125-3.5-11-3.5-15.12 0c-45 39.25-80.25 101.6-96.75 172.1c20.37 11.75 40.5 26.12 59.25 44.37C260 266.4 275.1 283.7 288 302.6z\"><\/path><\/svg>\n\t\t\t\t<\/div>\n\n<\/div>\n\n\n\t<h4 data-spectra-id=\"spectra-0ce99685-1f71-48ce-9355-03ec450ac297\" class=\"wp-block-spectra-content\">\n\t\tSesiones \t<\/h4>\n\n\n\n<p>Acompa\u00f1ate con  terapias complementarias y naturales  para acercarte a tu salud.<\/p>\n\n\n<div data-spectra-id=\"spectra-mm0vlc9d-iqapl3\" class=\"wp-block-button spectra-buttons wp-block-spectra-buttons\">\n\t\n<a data-spectra-id=\"spectra-mm0vlcck-kcy0zq\" href=\"https:\/\/tesainatural.com.ar\/en\/sesiones\/\" target=\"_self\" aria-label=\"ir a sesiones\" class=\"wp-block-button__link wp-element-button wp-block-spectra-button\">\n<div class=\"spectra-button__link\">ir a sesiones<\/div><\/a>\n\n<\/div>\n\n<\/div>\n\n\n<div data-spectra-id=\"spectra-3d533193-ab07-492d-9bdb-c7c2a428596b\" style=\"overflow: visible\" class=\"spectra-overlay-color spectra-overflow wp-block-spectra-container\" data-orientation=\"vertical\">\n\t\n\n<div data-spectra-id=\"spectra-5cb1699d-5005-4d9c-a1f6-213fb2e3517d\" class=\"wp-block-spectra-icons\">\n\t\n<div data-spectra-id=\"spectra-b1c94143-5ca0-43c8-b52c-486c8bfef5ad\" style=\"--spectra-text-color: var(--ast-global-color-1)\" class=\"spectra-text-color wp-block-spectra-icon\">\n\t\t\t\t\t\t<svg class=\"spectra-icon\" xmlns=\"https:\/\/www.w3.org\/2000\/svg\" viewbox=\"0 0 576 512\" focusable=\"false\" style=\"fill: currentColor\" aria-hidden=\"true\"><path d=\"M568.3 192c-29 .125-135 6.124-213.9 82.1C321.2 304.7 301 338.3 288 369.9c-13-31.63-33.25-65.25-66.38-94.87C142.8 198.2 36.75 192.2 7.75 192C3.375 192 0 195.4 0 199.9c.25 27.88 7.125 126.2 88.75 199.3C172.8 481 256 479.1 288 479.1s115.2 1.025 199.3-80.85C568.9 326 575.8 227.7 576 199.9C576 195.4 572.6 192 568.3 192zM288 302.6c12.75-18.87 27.62-35.75 44.13-50.5c19-18.62 39.5-33.37 60.25-45.25c-16.5-70.5-51.75-133-96.75-172.3c-4.125-3.5-11-3.5-15.12 0c-45 39.25-80.25 101.6-96.75 172.1c20.37 11.75 40.5 26.12 59.25 44.37C260 266.4 275.1 283.7 288 302.6z\"><\/path><\/svg>\n\t\t\t\t<\/div>\n\n<\/div>\n\n\n\t<h4 data-spectra-id=\"spectra-8d3cc2c5-41dd-4228-a287-e3fec0ee4898\" class=\"wp-block-spectra-content\">\n\t\tTalleres\t<\/h4>\n\n\n\n<p>Aprend\u00e9 sobre los beneficios de las plantas medicinales e introducite en este mundo maravilloso de forma f\u00e1cil y pr\u00e1ctica.<\/p>\n\n\n<div data-spectra-id=\"spectra-mm0vkvls-0j9p59\" class=\"wp-block-button spectra-buttons wp-block-spectra-buttons\">\n\t\n<a data-spectra-id=\"spectra-mm0vkvs1-epkpzx\" href=\"https:\/\/tesainatural.com.ar\/en\/cursos\/\" target=\"_self\" aria-label=\"ir a talleres\" class=\"wp-block-button__link wp-element-button wp-block-spectra-button\">\n<div class=\"spectra-button__link\">ir a talleres<\/div><\/a>\n\n<\/div>\n\n<\/div>\n\n<\/div>\n\n<\/div>\n\n\n<div data-spectra-id=\"e1637842\"\tstyle=\"overflow: visible; --spectra-background-gradient: linear-gradient(180deg, var(--ast-global-color-5) 33%, var(--ast-global-color-2) 33%);\" class=\"spectra-is-root-container alignfull spectra-overlay-color spectra-overflow spectra-background-gradient wp-block-spectra-container\" data-orientation=\"vertical\"\t>\n\t\n\n<figure class=\"wp-block-video\"><video height=\"850\" style=\"aspect-ratio: 478 \/ 850\" width=\"478\" controls src=\"https:\/\/tesainatural.com.ar\/wp-content\/uploads\/2026\/03\/WhatsApp-Video-2026-03-11-at-4.39.29-PM.mp4\"><\/video><\/figure>\n\n<\/div>\n\n\n<div data-spectra-id=\"40e44cb7\"\tstyle=\"overflow: visible;\" class=\"spectra-is-root-container alignfull spectra-overlay-color spectra-overflow wp-block-spectra-container\" data-orientation=\"vertical\"\t>\n\t\n<div data-spectra-id=\"spectra-mh2r098g-yj2mos\" style=\"display: flex;justify-content: center\" class=\"wp-block-spectra-separator spectra-separator-color wp-block-spectra-separator\">\n\t<div class=\"spectra-separator-line\" style=\"margin-left: auto;margin-right: auto;background-color: var(--ast-global-color-1)\"><\/div>\n<\/div>\n\n\n\t<h2 data-spectra-id=\"spectra-mh2r0xw2-8m28jc\" class=\"wp-block-spectra-content\">\n\t\tNinguna de las terapias complementarias y naturales brindadas en Tes\u00e2i natural intentan reemplazar tu visita al m\u00e9dico, son tratamientos naturales que pueden complementarse con cualquier otro tratamiento.\t<\/h2>\n\n\n\n\n\n<\/div>\n\n\n<div data-spectra-id=\"96654da6\"\tstyle=\"overflow: visible;\" class=\"spectra-is-root-container alignfull spectra-overlay-color spectra-overflow wp-block-spectra-container\" data-orientation=\"vertical\"\t>\n\t\n\n<div data-spectra-id=\"spectra-mh0qjaaz-fnvkok\" class=\"wp-block-spectra-icons\">\n\t\n<div data-spectra-id=\"spectra-mh0qjahi-entql4\" style=\"--spectra-text-color: var(--ast-global-color-2)\" class=\"spectra-text-color wp-block-spectra-icon\">\n\t\t\t<svg aria-hidden=\"true\" focusable=\"false\" class=\"spectra-icon spectra-custom-svg\" xmlns=\"http:\/\/www.w3.org\/2000\/svg\" width=\"24\" height=\"24\" viewbox=\"0 0 24 24\" fill=\"none\"><path d=\"M5.56401 24C3.79239 24 2.4083 23.391 1.41176 22.173C0.470588 20.8997 0 19.3218 0 17.4394C0 15.0035 0.359862 12.7889 1.07958 10.7958C1.85467 8.74741 2.87889 6.83737 4.15225 5.06574C5.42561 3.29412 6.86505 1.60554 8.47059 0L10.7128 1.91003C8.88581 3.84775 7.36332 5.86851 6.14533 7.97232C4.9827 10.0761 4.3737 12.0138 4.31834 13.7855C4.59516 13.7301 4.81661 13.7024 4.9827 13.7024C5.14879 13.7024 5.34256 13.7024 5.56401 13.7024C7.00346 13.7024 8.22145 14.2007 9.21799 15.1972C10.2145 16.1938 10.7128 17.4118 10.7128 18.8512C10.7128 20.2353 10.2145 21.4533 9.21799 22.5052C8.22145 23.5017 7.00346 24 5.56401 24ZM18.8512 24C17.0796 24 15.6955 23.391 14.699 22.173C13.7578 20.8997 13.2872 19.3218 13.2872 17.4394C13.2872 15.0035 13.6471 12.7889 14.3668 10.7958C15.1419 8.74741 16.1661 6.83737 17.4394 5.06574C18.7128 3.29412 20.1522 1.60554 21.7578 0L24 1.91003C22.173 3.84775 20.6505 5.86851 19.4325 7.97232C18.2699 10.0761 17.6609 12.0138 17.6055 13.7855C17.8824 13.7301 18.1038 13.7024 18.2699 13.7024C18.4914 13.7024 18.6851 13.7024 18.8512 13.7024C20.2907 13.7024 21.5086 14.2007 22.5052 15.1972C23.5017 16.1938 24 17.4118 24 18.8512C24 20.2353 23.5017 21.4533 22.5052 22.5052C21.564 23.5017 20.346 24 18.8512 24Z\" fill=\"#205B4F\"><\/path><\/svg>\t<\/div>\n\n<\/div>\n\n\n\t<p data-spectra-id=\"spectra-mh0qsdki-h6li1w\" style=\"--spectra-text-color: ast-global-color-2\" class=\"has-text-color has-link-color spectra-text-color wp-elements-84f7cc2d8291f0c988dff338f468d20f wp-block-spectra-content has-text-color has-ast-global-color-2-color\">\n\t\tTes\u00e2i  natural tiene como objetivo poder ayudarte a prevenir enfermedades y desequilibrios a trav\u00e9s de la utilizaci\u00f3n de terapias complementarias naturales .   \t<\/p>\n\n\n\n<figure data-spectra-id=\"spectra-mh0r21gw-00s7u1\" class=\"wp-block-image aligncenter size-full is-resized has-custom-border\"><img loading=\"lazy\" decoding=\"async\" width=\"1200\" height=\"1599\" src=\"https:\/\/tesainatural.com.ar\/wp-content\/uploads\/2026\/03\/WhatsApp-Image-2026-03-02-at-9.30.24-PM.jpeg\" alt=\"whatsapp image 2026 03 02 at 9.30.24 pm\" class=\"wp-image-2688\" title=\"Nosotros\" srcset=\"https:\/\/tesainatural.com.ar\/wp-content\/uploads\/2026\/03\/WhatsApp-Image-2026-03-02-at-9.30.24-PM.jpeg 1200w, https:\/\/tesainatural.com.ar\/wp-content\/uploads\/2026\/03\/WhatsApp-Image-2026-03-02-at-9.30.24-PM-225x300.jpeg 225w, https:\/\/tesainatural.com.ar\/wp-content\/uploads\/2026\/03\/WhatsApp-Image-2026-03-02-at-9.30.24-PM-768x1023.jpeg 768w, https:\/\/tesainatural.com.ar\/wp-content\/uploads\/2026\/03\/WhatsApp-Image-2026-03-02-at-9.30.24-PM-1153x1536.jpeg 1153w, https:\/\/tesainatural.com.ar\/wp-content\/uploads\/2026\/03\/WhatsApp-Image-2026-03-02-at-9.30.24-PM-600x800.jpeg 600w\" sizes=\"auto, (max-width: 1200px) 100vw, 1200px\" \/><\/figure>\n\n\n\t<span data-spectra-id=\"spectra-56ea4a32-c07f-4c9a-aa8f-eebf57d6f42e\" style=\"--spectra-text-color: ast-global-color-2\" class=\"has-text-color has-link-color spectra-text-color wp-elements-8a329b6dfe5983d7cfefa0fbb0e2184f wp-block-spectra-content has-text-color has-ast-global-color-2-color\">\n\t\tLEILA BOJORJE\t<\/span>\n\n\n\t<p data-spectra-id=\"spectra-5230e7f3-5283-477b-b97f-c834aad350a6\" class=\"wp-block-spectra-content\">\n\t\tBUENOS AIRES. ARGENTINA \t<\/p>\n\n<\/div>","protected":false},"excerpt":{"rendered":"","protected":false},"author":1,"featured_media":0,"parent":0,"menu_order":0,"comment_status":"closed","ping_status":"closed","template":"","meta":{"_uag_custom_page_level_css":"","site-sidebar-layout":"no-sidebar","site-content-layout":"page-builder","ast-site-content-layout":"full-width-container","site-content-style":"unboxed","site-sidebar-style":"unboxed","ast-global-header-display":"","ast-banner-title-visibility":"","ast-main-header-display":"","ast-hfb-above-header-display":"","ast-hfb-below-header-display":"","ast-hfb-mobile-header-display":"","site-post-title":"disabled","ast-breadcrumbs-content":"","ast-featured-img":"disabled","footer-sml-layout":"","ast-disable-related-posts":"","theme-transparent-header-meta":"enabled","adv-header-id-meta":"","stick-header-meta":"","header-above-stick-meta":"","header-main-stick-meta":"","header-below-stick-meta":"","astra-migrate-meta-layouts":"set","ast-page-background-enabled":"default","ast-page-background-meta":{"desktop":{"background-color":"var(--ast-global-color-4)","background-image":"","background-repeat":"repeat","background-position":"center center","background-size":"auto","background-attachment":"scroll","background-type":"","background-media":"","overlay-type":"","overlay-color":"","overlay-opacity":"","overlay-gradient":""},"tablet":{"background-color":"","background-image":"","background-repeat":"repeat","background-position":"center center","background-size":"auto","background-attachment":"scroll","background-type":"","background-media":"","overlay-type":"","overlay-color":"","overlay-opacity":"","overlay-gradient":""},"mobile":{"background-color":"","background-image":"","background-repeat":"repeat","background-position":"center center","background-size":"auto","background-attachment":"scroll","background-type":"","background-media":"","overlay-type":"","overlay-color":"","overlay-opacity":"","overlay-gradient":""}},"ast-content-background-meta":{"desktop":{"background-color":"var(--ast-global-color-5)","background-image":"","background-repeat":"repeat","background-position":"center center","background-size":"auto","background-attachment":"scroll","background-type":"","background-media":"","overlay-type":"","overlay-color":"","overlay-opacity":"","overlay-gradient":""},"tablet":{"background-color":"var(--ast-global-color-5)","background-image":"","background-repeat":"repeat","background-position":"center center","background-size":"auto","background-attachment":"scroll","background-type":"","background-media":"","overlay-type":"","overlay-color":"","overlay-opacity":"","overlay-gradient":""},"mobile":{"background-color":"var(--ast-global-color-5)","background-image":"","background-repeat":"repeat","background-position":"center center","background-size":"auto","background-attachment":"scroll","background-type":"","background-media":"","overlay-type":"","overlay-color":"","overlay-opacity":"","overlay-gradient":""}},"footnotes":""},"class_list":["post-760","page","type-page","status-publish","hentry"],"_hostinger_reach_plugin_has_subscription_block":false,"_hostinger_reach_plugin_is_elementor":false,"uagb_featured_image_src":{"full":false,"thumbnail":false,"medium":false,"medium_large":false,"large":false,"1536x1536":false,"2048x2048":false,"trp-custom-language-flag":false,"woocommerce_thumbnail":false,"woocommerce_single":false,"woocommerce_gallery_thumbnail":false},"uagb_author_info":{"display_name":"pabloboba@gmail.com","author_link":"https:\/\/tesainatural.com.ar\/en\/author\/pablobobagmail-com\/"},"uagb_comment_info":0,"uagb_excerpt":null,"_links":{"self":[{"href":"https:\/\/tesainatural.com.ar\/en\/wp-json\/wp\/v2\/pages\/760","targetHints":{"allow":["GET"]}}],"collection":[{"href":"https:\/\/tesainatural.com.ar\/en\/wp-json\/wp\/v2\/pages"}],"about":[{"href":"https:\/\/tesainatural.com.ar\/en\/wp-json\/wp\/v2\/types\/page"}],"author":[{"embeddable":true,"href":"https:\/\/tesainatural.com.ar\/en\/wp-json\/wp\/v2\/users\/1"}],"replies":[{"embeddable":true,"href":"https:\/\/tesainatural.com.ar\/en\/wp-json\/wp\/v2\/comments?post=760"}],"version-history":[{"count":16,"href":"https:\/\/tesainatural.com.ar\/en\/wp-json\/wp\/v2\/pages\/760\/revisions"}],"predecessor-version":[{"id":2864,"href":"https:\/\/tesainatural.com.ar\/en\/wp-json\/wp\/v2\/pages\/760\/revisions\/2864"}],"wp:attachment":[{"href":"https:\/\/tesainatural.com.ar\/en\/wp-json\/wp\/v2\/media?parent=760"}],"curies":[{"name":"wp","href":"https:\/\/api.w.org\/{rel}","templated":true}]}}